







{"id":8745,"date":"2024-01-27T09:56:55","date_gmt":"2024-01-27T08:56:55","guid":{"rendered":"http:\/\/www.altreterreviaggi.it\/?page_id=8745"},"modified":"2024-01-27T09:56:55","modified_gmt":"2024-01-27T08:56:55","slug":"blog-2-foodwine-stati-uniti","status":"publish","type":"page","link":"http:\/\/www.altreterreviaggi.it\/index.php\/blog-2-foodwine-stati-uniti\/","title":{"rendered":"Blog-2-Food&#038;Wine Stati Uniti"},"content":{"rendered":"<h2><span style=\"color: #993300;\"><strong>NAPA VALLEY<\/strong><\/span><br \/>\nLa Napa Valley \u00e8 una zona della California rinomata per la produzione Vitivinicola.<br \/>\nNapa si trova nella Costa Nord della American Viticultural Area, la valle si sviluppa per circa 60 km, la sua vicinanza a San Francisco ha contribuito alla sua popolarit\u00e0.<br \/>\nLa nebbia Mattutina della baia favorisce la struttura e l\u2019equilibrio dei vini prodotti.<br \/>\nI Vitigni impiantati sono prettamente internazionali di origine Francese, terreno e clima sono ideali per il Cabernet Sauvignon , Chardonnay e Sauvignon Blanc.<br \/>\nViene anche coltivato del Merlot che viene usato principalmente per il taglio Bordolese.<br \/>\nNelle colline pi\u00f9 calde ed asciutte viene impiantato anche dello Zinfandel e del Plavac Mari ( di origine croata).<\/h2>\n<h2><strong><span style=\"color: #993300;\">WASHINGTON<\/span><\/strong><br \/>\nLo Stato di Washington \u00e8 il secondo degli Stati Uniti per produzione di Vino ed aziende vinicole con oltre 22.000 ettari di Vigneti. Le Cascate Mountains dividono la zona oceanica dalla zona orientale con un clima pi\u00f9 continentale, dove ci sono la maggior parte dei vigneti. La produzione in questa zona \u00e8 anche favorita dalla lunghezza del giorno , due ore in pi\u00f9 della California e da temperature pi\u00f9 costanti.<br \/>\nLa\u00a0viticoltura\u00a0 risale all\u2019introduzione dell\u2019uva Cinsault da parte di immigrati italiani nella regione di\u00a0Walla Walla\u00a0a fine \u2018800.<br \/>\nA partire dagli anni cinquanta vennero create le pi\u00f9 grandi cantine dello Stato che producevano i vini che il mercato richiedeva Riesling,\u00a0Merlot\u00a0,\u00a0Cabernet sauvignon\u00a0e\u00a0Syrah.<\/h2>\n<h2><strong><span style=\"color: #993300;\">TEXAS<\/span><\/strong><br \/>\nIl Texas \u00e8 uno degli stati che prima ha prodotto vino negli stati Uniti con viti piantate pi\u00f9 di cento anni prima della California e della Virginia. I primi vini furono prodotti dai Missionari Spagnoli nella met\u00e0 del Sedicesimo secolo a El Paso. L\u2019industria del\u00a0vino\u00a0non si \u00e8 ancora completamente ripresa dagli effetti del proibizionismo, finito negli anni trenta, ma che vede ancor oggi un quarto delle 254 contee del Texas interessate da\u00a0leggi\u00a0sulla sobriet\u00e0.<br \/>\nA causa delle temperature elevate,\u00a0la\u00a0vendemmia\u00a0in Texas inizia normalmente a luglio, due mesi prima della\u00a0California\u00a0e tre mesi prima rispetto all\u2019Europa.<br \/>\nIl Texas \u00e8 diviso in tre principali regioni vinicole, con diverse condizioni climatiche che consentono a molti diversi tipi di\u00a0vitigni\u00a0di crescere nello Stato.<br \/>\nLe zone pi\u00f9 umide, tra Houston e Austin, vedono difficoltosa la coltivazione della Vitis\u00a0vinifera. La\u00a0regione centro-settentrionale\u00a0va dal confine con il\u00a0New Mexico verso Dallas che include la<br \/>\nTexas High Plains AVA, con la pi\u00f9 alta concentrazione di viticoltori nello stato.<br \/>\nLa\u00a0Texoma AVA\u00a0si trova al confine con lo stato dell\u2019Oklahoma proprio questo \u00e8 il luogo in cui il viticoltore del XIX secolo\u00a0Thomas Volney Munson\u00a0scopr\u00ec che l\u2019innesto\u00a0di viti Vitis\u00a0vinifera\u00a0su portainnesto di variet\u00e0 native americane le rendeva resistenti alla\u00a0fillossera.<br \/>\nAl centro dello stato si trova la\u00a0Texas Hill Country AVA.<br \/>\nI principali vitigni impiantati sono: Cabernet Sauvignon, Chardonnay, Sauvignon, Chenin Blanc<\/h2>\n","protected":false},"excerpt":{"rendered":"<p>NAPA VALLEY La Napa Valley \u00e8 una zona della California rinomata per la produzione Vitivinicola. Napa si trova nella Costa Nord della American Viticultural Area, la valle si sviluppa per circa 60 km, la sua vicinanza a San Francisco ha contribuito alla sua popolarit\u00e0. La nebbia Mattutina della baia favorisce la struttura e l\u2019equilibrio dei [&hellip;]<\/p>\n","protected":false},"author":1,"featured_media":8748,"parent":0,"menu_order":0,"comment_status":"closed","ping_status":"closed","template":"template-travels.php","meta":[],"yoast_head":"<!-- This site is optimized with the Yoast SEO plugin v18.2 - https:\/\/yoast.com\/wordpress\/plugins\/seo\/ -->\n<meta name=\"description\" content=\"NAPA VALLEY La Napa Valley \u00e8 una zona della California rinomata per la produzione Vitivinicola. Napa si trova nella Costa Nord della American Viticultural\" \/>\n<meta name=\"robots\" content=\"index, follow, max-snippet:-1, max-image-preview:large, max-video-preview:-1\" \/>\n<link rel=\"canonical\" href=\"http:\/\/www.altreterreviaggi.it\/index.php\/blog-2-foodwine-stati-uniti\/\" \/>\n<meta property=\"og:locale\" content=\"it_IT\" \/>\n<meta property=\"og:type\" content=\"article\" \/>\n<meta property=\"og:title\" content=\"Blog-2-Food&amp;Wine Stati Uniti - Altre Terre Viaggi\" \/>\n<meta property=\"og:description\" content=\"NAPA VALLEY La Napa Valley \u00e8 una zona della California rinomata per la produzione Vitivinicola. Napa si trova nella Costa Nord della American Viticultural\" \/>\n<meta property=\"og:url\" content=\"http:\/\/www.altreterreviaggi.it\/index.php\/blog-2-foodwine-stati-uniti\/\" \/>\n<meta property=\"og:site_name\" content=\"Altre Terre Viaggi\" \/>\n<meta property=\"og:image\" content=\"http:\/\/www.altreterreviaggi.it\/wp-content\/uploads\/vineyards-4336787_1280.jpg\" \/>\n\t<meta property=\"og:image:width\" content=\"1280\" \/>\n\t<meta property=\"og:image:height\" content=\"852\" \/>\n\t<meta property=\"og:image:type\" content=\"image\/jpeg\" \/>\n<meta name=\"twitter:card\" content=\"summary_large_image\" \/>\n<meta name=\"twitter:label1\" content=\"Tempo di lettura stimato\" \/>\n\t<meta name=\"twitter:data1\" content=\"3 minuti\" \/>\n<script type=\"application\/ld+json\" class=\"yoast-schema-graph\">{\"@context\":\"https:\/\/schema.org\",\"@graph\":[{\"@type\":\"WebSite\",\"@id\":\"http:\/\/www.altreterreviaggi.it\/#website\",\"url\":\"http:\/\/www.altreterreviaggi.it\/\",\"name\":\"Altre Terre Viaggi\",\"description\":\"\",\"potentialAction\":[{\"@type\":\"SearchAction\",\"target\":{\"@type\":\"EntryPoint\",\"urlTemplate\":\"http:\/\/www.altreterreviaggi.it\/?s={search_term_string}\"},\"query-input\":\"required name=search_term_string\"}],\"inLanguage\":\"it-IT\"},{\"@type\":\"ImageObject\",\"@id\":\"http:\/\/www.altreterreviaggi.it\/index.php\/blog-2-foodwine-stati-uniti\/#primaryimage\",\"inLanguage\":\"it-IT\",\"url\":\"http:\/\/www.altreterreviaggi.it\/wp-content\/uploads\/vineyards-4336787_1280.jpg\",\"contentUrl\":\"http:\/\/www.altreterreviaggi.it\/wp-content\/uploads\/vineyards-4336787_1280.jpg\",\"width\":1280,\"height\":852},{\"@type\":\"WebPage\",\"@id\":\"http:\/\/www.altreterreviaggi.it\/index.php\/blog-2-foodwine-stati-uniti\/#webpage\",\"url\":\"http:\/\/www.altreterreviaggi.it\/index.php\/blog-2-foodwine-stati-uniti\/\",\"name\":\"Blog-2-Food&Wine Stati Uniti - Altre Terre Viaggi\",\"isPartOf\":{\"@id\":\"http:\/\/www.altreterreviaggi.it\/#website\"},\"primaryImageOfPage\":{\"@id\":\"http:\/\/www.altreterreviaggi.it\/index.php\/blog-2-foodwine-stati-uniti\/#primaryimage\"},\"datePublished\":\"2024-01-27T08:56:55+00:00\",\"dateModified\":\"2024-01-27T08:56:55+00:00\",\"description\":\"NAPA VALLEY La Napa Valley \u00e8 una zona della California rinomata per la produzione Vitivinicola. Napa si trova nella Costa Nord della American Viticultural\",\"breadcrumb\":{\"@id\":\"http:\/\/www.altreterreviaggi.it\/index.php\/blog-2-foodwine-stati-uniti\/#breadcrumb\"},\"inLanguage\":\"it-IT\",\"potentialAction\":[{\"@type\":\"ReadAction\",\"target\":[\"http:\/\/www.altreterreviaggi.it\/index.php\/blog-2-foodwine-stati-uniti\/\"]}]},{\"@type\":\"BreadcrumbList\",\"@id\":\"http:\/\/www.altreterreviaggi.it\/index.php\/blog-2-foodwine-stati-uniti\/#breadcrumb\",\"itemListElement\":[{\"@type\":\"ListItem\",\"position\":1,\"name\":\"Blog-2-Food&#038;Wine Stati Uniti\"}]}]}<\/script>\n<!-- \/ Yoast SEO plugin. -->","yoast_head_json":{"description":"NAPA VALLEY La Napa Valley \u00e8 una zona della California rinomata per la produzione Vitivinicola. Napa si trova nella Costa Nord della American Viticultural","robots":{"index":"index","follow":"follow","max-snippet":"max-snippet:-1","max-image-preview":"max-image-preview:large","max-video-preview":"max-video-preview:-1"},"canonical":"http:\/\/www.altreterreviaggi.it\/index.php\/blog-2-foodwine-stati-uniti\/","og_locale":"it_IT","og_type":"article","og_title":"Blog-2-Food&Wine Stati Uniti - Altre Terre Viaggi","og_description":"NAPA VALLEY La Napa Valley \u00e8 una zona della California rinomata per la produzione Vitivinicola. Napa si trova nella Costa Nord della American Viticultural","og_url":"http:\/\/www.altreterreviaggi.it\/index.php\/blog-2-foodwine-stati-uniti\/","og_site_name":"Altre Terre Viaggi","og_image":[{"width":1280,"height":852,"url":"http:\/\/www.altreterreviaggi.it\/wp-content\/uploads\/vineyards-4336787_1280.jpg","type":"image\/jpeg"}],"twitter_card":"summary_large_image","twitter_misc":{"Tempo di lettura stimato":"3 minuti"},"schema":{"@context":"https:\/\/schema.org","@graph":[{"@type":"WebSite","@id":"http:\/\/www.altreterreviaggi.it\/#website","url":"http:\/\/www.altreterreviaggi.it\/","name":"Altre Terre Viaggi","description":"","potentialAction":[{"@type":"SearchAction","target":{"@type":"EntryPoint","urlTemplate":"http:\/\/www.altreterreviaggi.it\/?s={search_term_string}"},"query-input":"required name=search_term_string"}],"inLanguage":"it-IT"},{"@type":"ImageObject","@id":"http:\/\/www.altreterreviaggi.it\/index.php\/blog-2-foodwine-stati-uniti\/#primaryimage","inLanguage":"it-IT","url":"http:\/\/www.altreterreviaggi.it\/wp-content\/uploads\/vineyards-4336787_1280.jpg","contentUrl":"http:\/\/www.altreterreviaggi.it\/wp-content\/uploads\/vineyards-4336787_1280.jpg","width":1280,"height":852},{"@type":"WebPage","@id":"http:\/\/www.altreterreviaggi.it\/index.php\/blog-2-foodwine-stati-uniti\/#webpage","url":"http:\/\/www.altreterreviaggi.it\/index.php\/blog-2-foodwine-stati-uniti\/","name":"Blog-2-Food&Wine Stati Uniti - Altre Terre Viaggi","isPartOf":{"@id":"http:\/\/www.altreterreviaggi.it\/#website"},"primaryImageOfPage":{"@id":"http:\/\/www.altreterreviaggi.it\/index.php\/blog-2-foodwine-stati-uniti\/#primaryimage"},"datePublished":"2024-01-27T08:56:55+00:00","dateModified":"2024-01-27T08:56:55+00:00","description":"NAPA VALLEY La Napa Valley \u00e8 una zona della California rinomata per la produzione Vitivinicola. Napa si trova nella Costa Nord della American Viticultural","breadcrumb":{"@id":"http:\/\/www.altreterreviaggi.it\/index.php\/blog-2-foodwine-stati-uniti\/#breadcrumb"},"inLanguage":"it-IT","potentialAction":[{"@type":"ReadAction","target":["http:\/\/www.altreterreviaggi.it\/index.php\/blog-2-foodwine-stati-uniti\/"]}]},{"@type":"BreadcrumbList","@id":"http:\/\/www.altreterreviaggi.it\/index.php\/blog-2-foodwine-stati-uniti\/#breadcrumb","itemListElement":[{"@type":"ListItem","position":1,"name":"Blog-2-Food&#038;Wine Stati Uniti"}]}]}},"_links":{"self":[{"href":"http:\/\/www.altreterreviaggi.it\/index.php\/wp-json\/wp\/v2\/pages\/8745"}],"collection":[{"href":"http:\/\/www.altreterreviaggi.it\/index.php\/wp-json\/wp\/v2\/pages"}],"about":[{"href":"http:\/\/www.altreterreviaggi.it\/index.php\/wp-json\/wp\/v2\/types\/page"}],"author":[{"embeddable":true,"href":"http:\/\/www.altreterreviaggi.it\/index.php\/wp-json\/wp\/v2\/users\/1"}],"replies":[{"embeddable":true,"href":"http:\/\/www.altreterreviaggi.it\/index.php\/wp-json\/wp\/v2\/comments?post=8745"}],"version-history":[{"count":3,"href":"http:\/\/www.altreterreviaggi.it\/index.php\/wp-json\/wp\/v2\/pages\/8745\/revisions"}],"predecessor-version":[{"id":8751,"href":"http:\/\/www.altreterreviaggi.it\/index.php\/wp-json\/wp\/v2\/pages\/8745\/revisions\/8751"}],"wp:featuredmedia":[{"embeddable":true,"href":"http:\/\/www.altreterreviaggi.it\/index.php\/wp-json\/wp\/v2\/media\/8748"}],"wp:attachment":[{"href":"http:\/\/www.altreterreviaggi.it\/index.php\/wp-json\/wp\/v2\/media?parent=8745"}],"curies":[{"name":"wp","href":"https:\/\/api.w.org\/{rel}","templated":true}]}}