







{"id":8286,"date":"2023-10-03T15:39:04","date_gmt":"2023-10-03T13:39:04","guid":{"rendered":"http:\/\/www.altreterreviaggi.it\/?page_id=8286"},"modified":"2023-10-03T15:49:07","modified_gmt":"2023-10-03T13:49:07","slug":"blog-2-arte-e-cultura-volpe-artica","status":"publish","type":"page","link":"http:\/\/www.altreterreviaggi.it\/index.php\/blog-2-arte-e-cultura-volpe-artica\/","title":{"rendered":"Blog-2 Volpe Artica"},"content":{"rendered":"<h2 style=\"text-align: center;\"><span style=\"color: #800000;\"><em><strong>VOLPE ARTICA<\/strong><\/em><\/span><\/h2>\n<p style=\"text-align: center;\"><a href=\"http:\/\/www.altreterreviaggi.it\/index.php\/blog-arte-e-cultura\/1_padova-2022-poster-ok\/\" rel=\"attachment wp-att-7479\">\u00a0 \u00a0<\/a> <a href=\"http:\/\/www.altreterreviaggi.it\/index.php\/blog-arte-e-cultura\/volpe-artica\/\" rel=\"attachment wp-att-7476\"><img loading=\"lazy\" class=\"alignnone size-medium wp-image-7476\" src=\"http:\/\/www.altreterreviaggi.it\/wp-content\/uploads\/Volpe-Artica-255x300.jpg\" alt=\"\" width=\"255\" height=\"300\" \/><\/a><\/p>\n<h3><strong><span style=\"color: #800000;\">.. un movimento impercettibile nel sotto-neve fa scattare a molla LA VOLPE ARTICA, proiettando il muso in profondit\u00e0 a catturare la preda. Mi dispiace per la preda.. ma \u00e8 la legge della natura. La fame \u00e8 brutta e la Volpe \u00e8 bellissima! (dal viaggio alle Svalbard 2021). &#x1f468;&#x200d;&#x1f3a8;<\/span><\/strong><\/h3>\n<h1 style=\"text-align: center;\"><em><span style=\"color: #800000;\"><a style=\"color: #800000;\" href=\"http:\/\/www.altreterreviaggi.it\/index.php\/blog-arte-e-cultura-up-art\/\"><strong>ALTRE OPERE UP<\/strong>&#8211;<strong>ART CLICCA QUI&#8217;<\/strong><\/a><\/span><\/em><\/h1>\n<p style=\"text-align: center;\">\n","protected":false},"excerpt":{"rendered":"<p>VOLPE ARTICA \u00a0 \u00a0 .. un movimento impercettibile nel sotto-neve fa scattare a molla LA VOLPE ARTICA, proiettando il muso in profondit\u00e0 a catturare la preda. Mi dispiace per la preda.. ma \u00e8 la legge della natura. La fame \u00e8 brutta e la Volpe \u00e8 bellissima! (dal viaggio alle Svalbard 2021). &#x1f468;&#x200d;&#x1f3a8; ALTRE OPERE UP&#8211;ART [&hellip;]<\/p>\n","protected":false},"author":1,"featured_media":5943,"parent":0,"menu_order":0,"comment_status":"open","ping_status":"closed","template":"template-travels.php","meta":[],"yoast_head":"<!-- This site is optimized with the Yoast SEO plugin v18.2 - https:\/\/yoast.com\/wordpress\/plugins\/seo\/ -->\n<meta name=\"description\" content=\"VOLPE ARTICA \u00a0 \u00a0 .. un movimento impercettibile nel sotto-neve fa scattare a molla LA VOLPE ARTICA, proiettando il muso in profondit\u00e0 a catturare la\" \/>\n<meta name=\"robots\" content=\"index, follow, max-snippet:-1, max-image-preview:large, max-video-preview:-1\" \/>\n<link rel=\"canonical\" href=\"http:\/\/www.altreterreviaggi.it\/index.php\/blog-2-arte-e-cultura-volpe-artica\/\" \/>\n<meta property=\"og:locale\" content=\"it_IT\" \/>\n<meta property=\"og:type\" content=\"article\" \/>\n<meta property=\"og:title\" content=\"Blog-2 Volpe Artica - Altre Terre Viaggi\" \/>\n<meta property=\"og:description\" content=\"VOLPE ARTICA \u00a0 \u00a0 .. un movimento impercettibile nel sotto-neve fa scattare a molla LA VOLPE ARTICA, proiettando il muso in profondit\u00e0 a catturare la\" \/>\n<meta property=\"og:url\" content=\"http:\/\/www.altreterreviaggi.it\/index.php\/blog-2-arte-e-cultura-volpe-artica\/\" \/>\n<meta property=\"og:site_name\" content=\"Altre Terre Viaggi\" \/>\n<meta property=\"article:modified_time\" content=\"2023-10-03T13:49:07+00:00\" \/>\n<meta property=\"og:image\" content=\"http:\/\/www.altreterreviaggi.it\/wp-content\/uploads\/artist-gacd93d70d_1920.jpg\" \/>\n\t<meta property=\"og:image:width\" content=\"1920\" \/>\n\t<meta property=\"og:image:height\" content=\"1281\" \/>\n\t<meta property=\"og:image:type\" content=\"image\/jpeg\" \/>\n<meta name=\"twitter:card\" content=\"summary_large_image\" \/>\n<meta name=\"twitter:label1\" content=\"Tempo di lettura stimato\" \/>\n\t<meta name=\"twitter:data1\" content=\"1 minuto\" \/>\n<script type=\"application\/ld+json\" class=\"yoast-schema-graph\">{\"@context\":\"https:\/\/schema.org\",\"@graph\":[{\"@type\":\"WebSite\",\"@id\":\"http:\/\/www.altreterreviaggi.it\/#website\",\"url\":\"http:\/\/www.altreterreviaggi.it\/\",\"name\":\"Altre Terre Viaggi\",\"description\":\"\",\"potentialAction\":[{\"@type\":\"SearchAction\",\"target\":{\"@type\":\"EntryPoint\",\"urlTemplate\":\"http:\/\/www.altreterreviaggi.it\/?s={search_term_string}\"},\"query-input\":\"required name=search_term_string\"}],\"inLanguage\":\"it-IT\"},{\"@type\":\"ImageObject\",\"@id\":\"http:\/\/www.altreterreviaggi.it\/index.php\/blog-2-arte-e-cultura-volpe-artica\/#primaryimage\",\"inLanguage\":\"it-IT\",\"url\":\"http:\/\/www.altreterreviaggi.it\/wp-content\/uploads\/artist-gacd93d70d_1920.jpg\",\"contentUrl\":\"http:\/\/www.altreterreviaggi.it\/wp-content\/uploads\/artist-gacd93d70d_1920.jpg\",\"width\":1920,\"height\":1281},{\"@type\":\"WebPage\",\"@id\":\"http:\/\/www.altreterreviaggi.it\/index.php\/blog-2-arte-e-cultura-volpe-artica\/#webpage\",\"url\":\"http:\/\/www.altreterreviaggi.it\/index.php\/blog-2-arte-e-cultura-volpe-artica\/\",\"name\":\"Blog-2 Volpe Artica - Altre Terre Viaggi\",\"isPartOf\":{\"@id\":\"http:\/\/www.altreterreviaggi.it\/#website\"},\"primaryImageOfPage\":{\"@id\":\"http:\/\/www.altreterreviaggi.it\/index.php\/blog-2-arte-e-cultura-volpe-artica\/#primaryimage\"},\"datePublished\":\"2023-10-03T13:39:04+00:00\",\"dateModified\":\"2023-10-03T13:49:07+00:00\",\"description\":\"VOLPE ARTICA \u00a0 \u00a0 .. un movimento impercettibile nel sotto-neve fa scattare a molla LA VOLPE ARTICA, proiettando il muso in profondit\u00e0 a catturare la\",\"breadcrumb\":{\"@id\":\"http:\/\/www.altreterreviaggi.it\/index.php\/blog-2-arte-e-cultura-volpe-artica\/#breadcrumb\"},\"inLanguage\":\"it-IT\",\"potentialAction\":[{\"@type\":\"ReadAction\",\"target\":[\"http:\/\/www.altreterreviaggi.it\/index.php\/blog-2-arte-e-cultura-volpe-artica\/\"]}]},{\"@type\":\"BreadcrumbList\",\"@id\":\"http:\/\/www.altreterreviaggi.it\/index.php\/blog-2-arte-e-cultura-volpe-artica\/#breadcrumb\",\"itemListElement\":[{\"@type\":\"ListItem\",\"position\":1,\"name\":\"Blog-2 Volpe Artica\"}]}]}<\/script>\n<!-- \/ Yoast SEO plugin. -->","yoast_head_json":{"description":"VOLPE ARTICA \u00a0 \u00a0 .. un movimento impercettibile nel sotto-neve fa scattare a molla LA VOLPE ARTICA, proiettando il muso in profondit\u00e0 a catturare la","robots":{"index":"index","follow":"follow","max-snippet":"max-snippet:-1","max-image-preview":"max-image-preview:large","max-video-preview":"max-video-preview:-1"},"canonical":"http:\/\/www.altreterreviaggi.it\/index.php\/blog-2-arte-e-cultura-volpe-artica\/","og_locale":"it_IT","og_type":"article","og_title":"Blog-2 Volpe Artica - Altre Terre Viaggi","og_description":"VOLPE ARTICA \u00a0 \u00a0 .. un movimento impercettibile nel sotto-neve fa scattare a molla LA VOLPE ARTICA, proiettando il muso in profondit\u00e0 a catturare la","og_url":"http:\/\/www.altreterreviaggi.it\/index.php\/blog-2-arte-e-cultura-volpe-artica\/","og_site_name":"Altre Terre Viaggi","article_modified_time":"2023-10-03T13:49:07+00:00","og_image":[{"width":1920,"height":1281,"url":"http:\/\/www.altreterreviaggi.it\/wp-content\/uploads\/artist-gacd93d70d_1920.jpg","type":"image\/jpeg"}],"twitter_card":"summary_large_image","twitter_misc":{"Tempo di lettura stimato":"1 minuto"},"schema":{"@context":"https:\/\/schema.org","@graph":[{"@type":"WebSite","@id":"http:\/\/www.altreterreviaggi.it\/#website","url":"http:\/\/www.altreterreviaggi.it\/","name":"Altre Terre Viaggi","description":"","potentialAction":[{"@type":"SearchAction","target":{"@type":"EntryPoint","urlTemplate":"http:\/\/www.altreterreviaggi.it\/?s={search_term_string}"},"query-input":"required name=search_term_string"}],"inLanguage":"it-IT"},{"@type":"ImageObject","@id":"http:\/\/www.altreterreviaggi.it\/index.php\/blog-2-arte-e-cultura-volpe-artica\/#primaryimage","inLanguage":"it-IT","url":"http:\/\/www.altreterreviaggi.it\/wp-content\/uploads\/artist-gacd93d70d_1920.jpg","contentUrl":"http:\/\/www.altreterreviaggi.it\/wp-content\/uploads\/artist-gacd93d70d_1920.jpg","width":1920,"height":1281},{"@type":"WebPage","@id":"http:\/\/www.altreterreviaggi.it\/index.php\/blog-2-arte-e-cultura-volpe-artica\/#webpage","url":"http:\/\/www.altreterreviaggi.it\/index.php\/blog-2-arte-e-cultura-volpe-artica\/","name":"Blog-2 Volpe Artica - Altre Terre Viaggi","isPartOf":{"@id":"http:\/\/www.altreterreviaggi.it\/#website"},"primaryImageOfPage":{"@id":"http:\/\/www.altreterreviaggi.it\/index.php\/blog-2-arte-e-cultura-volpe-artica\/#primaryimage"},"datePublished":"2023-10-03T13:39:04+00:00","dateModified":"2023-10-03T13:49:07+00:00","description":"VOLPE ARTICA \u00a0 \u00a0 .. un movimento impercettibile nel sotto-neve fa scattare a molla LA VOLPE ARTICA, proiettando il muso in profondit\u00e0 a catturare la","breadcrumb":{"@id":"http:\/\/www.altreterreviaggi.it\/index.php\/blog-2-arte-e-cultura-volpe-artica\/#breadcrumb"},"inLanguage":"it-IT","potentialAction":[{"@type":"ReadAction","target":["http:\/\/www.altreterreviaggi.it\/index.php\/blog-2-arte-e-cultura-volpe-artica\/"]}]},{"@type":"BreadcrumbList","@id":"http:\/\/www.altreterreviaggi.it\/index.php\/blog-2-arte-e-cultura-volpe-artica\/#breadcrumb","itemListElement":[{"@type":"ListItem","position":1,"name":"Blog-2 Volpe Artica"}]}]}},"_links":{"self":[{"href":"http:\/\/www.altreterreviaggi.it\/index.php\/wp-json\/wp\/v2\/pages\/8286"}],"collection":[{"href":"http:\/\/www.altreterreviaggi.it\/index.php\/wp-json\/wp\/v2\/pages"}],"about":[{"href":"http:\/\/www.altreterreviaggi.it\/index.php\/wp-json\/wp\/v2\/types\/page"}],"author":[{"embeddable":true,"href":"http:\/\/www.altreterreviaggi.it\/index.php\/wp-json\/wp\/v2\/users\/1"}],"replies":[{"embeddable":true,"href":"http:\/\/www.altreterreviaggi.it\/index.php\/wp-json\/wp\/v2\/comments?post=8286"}],"version-history":[{"count":2,"href":"http:\/\/www.altreterreviaggi.it\/index.php\/wp-json\/wp\/v2\/pages\/8286\/revisions"}],"predecessor-version":[{"id":8288,"href":"http:\/\/www.altreterreviaggi.it\/index.php\/wp-json\/wp\/v2\/pages\/8286\/revisions\/8288"}],"wp:featuredmedia":[{"embeddable":true,"href":"http:\/\/www.altreterreviaggi.it\/index.php\/wp-json\/wp\/v2\/media\/5943"}],"wp:attachment":[{"href":"http:\/\/www.altreterreviaggi.it\/index.php\/wp-json\/wp\/v2\/media?parent=8286"}],"curies":[{"name":"wp","href":"https:\/\/api.w.org\/{rel}","templated":true}]}}