







{"id":8184,"date":"2023-08-25T12:06:15","date_gmt":"2023-08-25T10:06:15","guid":{"rendered":"http:\/\/www.altreterreviaggi.it\/?page_id=8184"},"modified":"2024-01-27T10:14:15","modified_gmt":"2024-01-27T09:14:15","slug":"blog-2-foodwine-sud-africa","status":"publish","type":"page","link":"http:\/\/www.altreterreviaggi.it\/index.php\/blog-2-foodwine-sud-africa\/","title":{"rendered":"Blog-2-Food&#038;Wine Sud Africa"},"content":{"rendered":"<h2 class=\"Standard\"><span style=\"color: #800000;\">SUD AFRICA<\/span><br \/>\n<span style=\"color: #800000;\">Il Vino<\/span><\/h2>\n<h2 class=\"Standard\">La zona meridionale di questo stato si trova a sud del 30\u00b0parallelo di latitudine, questo fa s\u00ec che si possa coltivare la vite, unica nazione dell\u2019Africa a poter vantare una tradizione enologica.<br \/>\nRispetto ad altri continenti ha subito ritardo nello sviluppo della produzione e della commercializzazione, questo per la situazione politica durante il periodo dell\u2019Apartheid.<br \/>\nA partire dalla met\u00e0 degli anni Ottanta un crescente numero di produttori punta su vini di qualit\u00e0.<br \/>\nPortando risultati in termini di inserimento sui mercati internazionali.<br \/>\nCitta\u2019 del Capo \u00e8 al centro della zona che per prima a visto la nascita della viticoltura in Sudafrica.<br \/>\nNel 1600 gli Olandesi, che controllavano all\u2019epoca la zona di commercio tra l\u2019Europa e le Indie ,avevano bisogno di fornire vino e distillati alle navi in sosta a Capo di Buona Speranza. Ci\u00f2 diede inizio alla coltivazione della vite.<br \/>\nSi fecero arrivare dalla Francia delle barbatelle di Chenin Blanc e Moscato di Alessandria .<br \/>\nNel 1685 a Costantia fu\u2019 fondata la prima ed anche la pi\u00f9 importante Cantina della storia Enologia di questo paese,<br \/>\nProduceva vini dolci prodotti con Muscat Petit Grain e Moscato d\u2019Alessandria.<br \/>\nNel 1886 arriv\u00f2 la Fillossera che devast\u00f2 tutti i vigneti.<br \/>\nSi riprese a piantare vigneti all\u2019inizio e del 1900 con uva Cinsaut, in seguito venne fondata la prima Cooperativa di produttori KWV. Ancora oggi controlla il 25% delle esportazioni di vino e distillati in Sud Africa.<\/h2>\n<h2 class=\"Standard\">Le uve pi\u00f9 coltivate sono di Origine Francese, Chenin Blanc, Chardonnay, Sauvignon, Riesling,Cabernet Sauvignon, Cinsaut, Merlot, Syrah.<br \/>\nUnica uva locale \u00e8 il Pinotage ( incrocio da Pinot Nero e Cinsaut).<\/h2>\n<h2 class=\"Standard\"><strong>Zone di produzione:<\/strong><br \/>\nLa zona di Produzione pi\u00f9 antica \u00e8 Contantia sul capo di Buona Speranza.<br \/>\nStellnbosch:Forse la pi\u00f9 importante sia per quantit\u00e0 e qualit\u00e0 delle uve.<\/h2>\n<h2 class=\"Standard\"><strong>Clima<\/strong> temperato grazie alle correnti dell\u2019Oceano Atlantico.Si producono anche vini fortificati simili al Porto.<br \/>\nPaarl: Dove si producono vini bianchi e rossi oltre che spumanti e brandy<\/h2>\n<h2 class=\"Standard\"><span style=\"font-size: 14.0pt;\">\u00a0<\/span><\/h2>\n","protected":false},"excerpt":{"rendered":"<p>SUD AFRICA Il Vino La zona meridionale di questo stato si trova a sud del 30\u00b0parallelo di latitudine, questo fa s\u00ec che si possa coltivare la vite, unica nazione dell\u2019Africa a poter vantare una tradizione enologica. Rispetto ad altri continenti ha subito ritardo nello sviluppo della produzione e della commercializzazione, questo per la situazione politica [&hellip;]<\/p>\n","protected":false},"author":1,"featured_media":8185,"parent":0,"menu_order":0,"comment_status":"closed","ping_status":"closed","template":"template-travels.php","meta":[],"yoast_head":"<!-- This site is optimized with the Yoast SEO plugin v18.2 - https:\/\/yoast.com\/wordpress\/plugins\/seo\/ -->\n<meta name=\"description\" content=\"SUD AFRICA Il Vino La zona meridionale di questo stato si trova a sud del 30\u00b0parallelo di latitudine, questo fa s\u00ec che si possa coltivare la vite, unica\" \/>\n<meta name=\"robots\" content=\"index, follow, max-snippet:-1, max-image-preview:large, max-video-preview:-1\" \/>\n<link rel=\"canonical\" href=\"http:\/\/www.altreterreviaggi.it\/index.php\/blog-2-foodwine-sud-africa\/\" \/>\n<meta property=\"og:locale\" content=\"it_IT\" \/>\n<meta property=\"og:type\" content=\"article\" \/>\n<meta property=\"og:title\" content=\"Blog-2-Food&amp;Wine Sud Africa - Altre Terre Viaggi\" \/>\n<meta property=\"og:description\" content=\"SUD AFRICA Il Vino La zona meridionale di questo stato si trova a sud del 30\u00b0parallelo di latitudine, questo fa s\u00ec che si possa coltivare la vite, unica\" \/>\n<meta property=\"og:url\" content=\"http:\/\/www.altreterreviaggi.it\/index.php\/blog-2-foodwine-sud-africa\/\" \/>\n<meta property=\"og:site_name\" content=\"Altre Terre Viaggi\" \/>\n<meta property=\"article:modified_time\" content=\"2024-01-27T09:14:15+00:00\" \/>\n<meta property=\"og:image\" content=\"http:\/\/www.altreterreviaggi.it\/wp-content\/uploads\/road-1976665_1280.jpg\" \/>\n\t<meta property=\"og:image:width\" content=\"1280\" \/>\n\t<meta property=\"og:image:height\" content=\"853\" \/>\n\t<meta property=\"og:image:type\" content=\"image\/jpeg\" \/>\n<meta name=\"twitter:card\" content=\"summary_large_image\" \/>\n<meta name=\"twitter:label1\" content=\"Tempo di lettura stimato\" \/>\n\t<meta name=\"twitter:data1\" content=\"2 minuti\" \/>\n<script type=\"application\/ld+json\" class=\"yoast-schema-graph\">{\"@context\":\"https:\/\/schema.org\",\"@graph\":[{\"@type\":\"WebSite\",\"@id\":\"http:\/\/www.altreterreviaggi.it\/#website\",\"url\":\"http:\/\/www.altreterreviaggi.it\/\",\"name\":\"Altre Terre Viaggi\",\"description\":\"\",\"potentialAction\":[{\"@type\":\"SearchAction\",\"target\":{\"@type\":\"EntryPoint\",\"urlTemplate\":\"http:\/\/www.altreterreviaggi.it\/?s={search_term_string}\"},\"query-input\":\"required name=search_term_string\"}],\"inLanguage\":\"it-IT\"},{\"@type\":\"ImageObject\",\"@id\":\"http:\/\/www.altreterreviaggi.it\/index.php\/blog-2-foodwine-sud-africa\/#primaryimage\",\"inLanguage\":\"it-IT\",\"url\":\"http:\/\/www.altreterreviaggi.it\/wp-content\/uploads\/road-1976665_1280.jpg\",\"contentUrl\":\"http:\/\/www.altreterreviaggi.it\/wp-content\/uploads\/road-1976665_1280.jpg\",\"width\":1280,\"height\":853},{\"@type\":\"WebPage\",\"@id\":\"http:\/\/www.altreterreviaggi.it\/index.php\/blog-2-foodwine-sud-africa\/#webpage\",\"url\":\"http:\/\/www.altreterreviaggi.it\/index.php\/blog-2-foodwine-sud-africa\/\",\"name\":\"Blog-2-Food&Wine Sud Africa - Altre Terre Viaggi\",\"isPartOf\":{\"@id\":\"http:\/\/www.altreterreviaggi.it\/#website\"},\"primaryImageOfPage\":{\"@id\":\"http:\/\/www.altreterreviaggi.it\/index.php\/blog-2-foodwine-sud-africa\/#primaryimage\"},\"datePublished\":\"2023-08-25T10:06:15+00:00\",\"dateModified\":\"2024-01-27T09:14:15+00:00\",\"description\":\"SUD AFRICA Il Vino La zona meridionale di questo stato si trova a sud del 30\u00b0parallelo di latitudine, questo fa s\u00ec che si possa coltivare la vite, unica\",\"breadcrumb\":{\"@id\":\"http:\/\/www.altreterreviaggi.it\/index.php\/blog-2-foodwine-sud-africa\/#breadcrumb\"},\"inLanguage\":\"it-IT\",\"potentialAction\":[{\"@type\":\"ReadAction\",\"target\":[\"http:\/\/www.altreterreviaggi.it\/index.php\/blog-2-foodwine-sud-africa\/\"]}]},{\"@type\":\"BreadcrumbList\",\"@id\":\"http:\/\/www.altreterreviaggi.it\/index.php\/blog-2-foodwine-sud-africa\/#breadcrumb\",\"itemListElement\":[{\"@type\":\"ListItem\",\"position\":1,\"name\":\"Blog-2-Food&#038;Wine Sud Africa\"}]}]}<\/script>\n<!-- \/ Yoast SEO plugin. -->","yoast_head_json":{"description":"SUD AFRICA Il Vino La zona meridionale di questo stato si trova a sud del 30\u00b0parallelo di latitudine, questo fa s\u00ec che si possa coltivare la vite, unica","robots":{"index":"index","follow":"follow","max-snippet":"max-snippet:-1","max-image-preview":"max-image-preview:large","max-video-preview":"max-video-preview:-1"},"canonical":"http:\/\/www.altreterreviaggi.it\/index.php\/blog-2-foodwine-sud-africa\/","og_locale":"it_IT","og_type":"article","og_title":"Blog-2-Food&Wine Sud Africa - Altre Terre Viaggi","og_description":"SUD AFRICA Il Vino La zona meridionale di questo stato si trova a sud del 30\u00b0parallelo di latitudine, questo fa s\u00ec che si possa coltivare la vite, unica","og_url":"http:\/\/www.altreterreviaggi.it\/index.php\/blog-2-foodwine-sud-africa\/","og_site_name":"Altre Terre Viaggi","article_modified_time":"2024-01-27T09:14:15+00:00","og_image":[{"width":1280,"height":853,"url":"http:\/\/www.altreterreviaggi.it\/wp-content\/uploads\/road-1976665_1280.jpg","type":"image\/jpeg"}],"twitter_card":"summary_large_image","twitter_misc":{"Tempo di lettura stimato":"2 minuti"},"schema":{"@context":"https:\/\/schema.org","@graph":[{"@type":"WebSite","@id":"http:\/\/www.altreterreviaggi.it\/#website","url":"http:\/\/www.altreterreviaggi.it\/","name":"Altre Terre Viaggi","description":"","potentialAction":[{"@type":"SearchAction","target":{"@type":"EntryPoint","urlTemplate":"http:\/\/www.altreterreviaggi.it\/?s={search_term_string}"},"query-input":"required name=search_term_string"}],"inLanguage":"it-IT"},{"@type":"ImageObject","@id":"http:\/\/www.altreterreviaggi.it\/index.php\/blog-2-foodwine-sud-africa\/#primaryimage","inLanguage":"it-IT","url":"http:\/\/www.altreterreviaggi.it\/wp-content\/uploads\/road-1976665_1280.jpg","contentUrl":"http:\/\/www.altreterreviaggi.it\/wp-content\/uploads\/road-1976665_1280.jpg","width":1280,"height":853},{"@type":"WebPage","@id":"http:\/\/www.altreterreviaggi.it\/index.php\/blog-2-foodwine-sud-africa\/#webpage","url":"http:\/\/www.altreterreviaggi.it\/index.php\/blog-2-foodwine-sud-africa\/","name":"Blog-2-Food&Wine Sud Africa - Altre Terre Viaggi","isPartOf":{"@id":"http:\/\/www.altreterreviaggi.it\/#website"},"primaryImageOfPage":{"@id":"http:\/\/www.altreterreviaggi.it\/index.php\/blog-2-foodwine-sud-africa\/#primaryimage"},"datePublished":"2023-08-25T10:06:15+00:00","dateModified":"2024-01-27T09:14:15+00:00","description":"SUD AFRICA Il Vino La zona meridionale di questo stato si trova a sud del 30\u00b0parallelo di latitudine, questo fa s\u00ec che si possa coltivare la vite, unica","breadcrumb":{"@id":"http:\/\/www.altreterreviaggi.it\/index.php\/blog-2-foodwine-sud-africa\/#breadcrumb"},"inLanguage":"it-IT","potentialAction":[{"@type":"ReadAction","target":["http:\/\/www.altreterreviaggi.it\/index.php\/blog-2-foodwine-sud-africa\/"]}]},{"@type":"BreadcrumbList","@id":"http:\/\/www.altreterreviaggi.it\/index.php\/blog-2-foodwine-sud-africa\/#breadcrumb","itemListElement":[{"@type":"ListItem","position":1,"name":"Blog-2-Food&#038;Wine Sud Africa"}]}]}},"_links":{"self":[{"href":"http:\/\/www.altreterreviaggi.it\/index.php\/wp-json\/wp\/v2\/pages\/8184"}],"collection":[{"href":"http:\/\/www.altreterreviaggi.it\/index.php\/wp-json\/wp\/v2\/pages"}],"about":[{"href":"http:\/\/www.altreterreviaggi.it\/index.php\/wp-json\/wp\/v2\/types\/page"}],"author":[{"embeddable":true,"href":"http:\/\/www.altreterreviaggi.it\/index.php\/wp-json\/wp\/v2\/users\/1"}],"replies":[{"embeddable":true,"href":"http:\/\/www.altreterreviaggi.it\/index.php\/wp-json\/wp\/v2\/comments?post=8184"}],"version-history":[{"count":5,"href":"http:\/\/www.altreterreviaggi.it\/index.php\/wp-json\/wp\/v2\/pages\/8184\/revisions"}],"predecessor-version":[{"id":8756,"href":"http:\/\/www.altreterreviaggi.it\/index.php\/wp-json\/wp\/v2\/pages\/8184\/revisions\/8756"}],"wp:featuredmedia":[{"embeddable":true,"href":"http:\/\/www.altreterreviaggi.it\/index.php\/wp-json\/wp\/v2\/media\/8185"}],"wp:attachment":[{"href":"http:\/\/www.altreterreviaggi.it\/index.php\/wp-json\/wp\/v2\/media?parent=8184"}],"curies":[{"name":"wp","href":"https:\/\/api.w.org\/{rel}","templated":true}]}}