







{"id":6056,"date":"2022-07-18T10:16:51","date_gmt":"2022-07-18T08:16:51","guid":{"rendered":"http:\/\/www.altreterreviaggi.it\/?page_id=6056"},"modified":"2022-07-20T14:04:24","modified_gmt":"2022-07-20T12:04:24","slug":"blog-foodwine-abruzzo","status":"publish","type":"page","link":"http:\/\/www.altreterreviaggi.it\/index.php\/blog-foodwine-abruzzo\/","title":{"rendered":"Blog-2-Food&#038;Wine Abruzzo"},"content":{"rendered":"<h2><strong>L\u2019Abruzzo ed i suoi Vini<\/strong><\/h2>\n<p>&nbsp;<\/p>\n<h3>Il territorio abruzzese \u00e8 occupato principalmente da montangne, che, continuano con un&#8217;ampia zona collinare che arriva fino alla costa.<\/h3>\n<h3>Queste colline sono caratterizzate da terreni ghiaiosi ed argillosi, con grande percentuale di arenaria, che assicurano condizioni asciutte e permeabili, ideali per la coltivazione delle viti.<\/h3>\n<h3>I vigneti si concentrano prevalentemente nelle aree costiere ed in alcune zone interne,.<\/h3>\n<h3><\/h3>\n<h3>Grazie alla presenza dei due rilievi appenninici della Maiella e del Gran Sasso, riparano il terreno dall&#8217;umidit\u00e0 proveniente dal Mar Tirreno, creando un habitat ideale per la vite.<\/h3>\n<h3><\/h3>\n<h3>La produzione dei vini abruzzesi ha una storia molto antica, infatti fin dall&#8217;Impero Romano la vite veniva coltivata in ampie zone della regione, ma le prime coltivazioni di viti si devono ai Fenici ed ai Greci, che colonizzarono il territorio prima dei romani.<\/h3>\n<h3>Il greco Polibio infatti, decantava gi\u00e0 all\u2019epoca le virt\u00f9 terapeutiche del vino per curare le ferite di alcuni soldati e per rinvigorire la forza dei combattenti.<\/h3>\n<h3>Il poeta Ovidio, abruzzese di nascita, celebr\u00f2 in molte sue opere il vino di questa regione.<\/h3>\n<h3>Durante il Rinascimento la viticoltura abruzzese venne praticata quasi esclusivamente nelle valli in provincia dell&#8217;Aquila, dove continu\u00f2 fino alle imponenti infestazioni di Filossera che, nei primi decenni del Novecento, caus\u00f2 la distruzione della maggior parte delle vigne.<\/h3>\n<h3>Dopo la Fillossera si produssero unicamente Trebbiano e Montepulciano.<\/h3>\n<h3>Anche se inizialmente i vini di questa regione venivano considerati come prodotti di scarsa qualit\u00e0, negli anni Novanta si \u00e8 verificata un&#8217;inversione di tendenza con una viticoltura sempre pi\u00f9 specializzata e tecnologica, che ha coinvolto anche nuove zone di produzione.<\/h3>\n<h3><\/h3>\n<h3><strong>Montepulciano D\u2019Abruzzo<\/strong>: Vino rosso DOCG (Denominazione di Origine Controllata e Garantita), viene prodotto in territori della provincia di Teramo utilizzando uve Montepulciano (90%), con un 10% di Sangiovese oppure con altri vitigni a bacca rossa meno diffusi in Abruzzo.<br \/>\nVino di buona struttura tannica, con abbondanti antociani ed una spiccata freschezza.<\/h3>\n<h3>Si tratta di una pianta mediamente resistente, che offre una produzione abbondante solitamente tardiva, con la vendemmia che comincia dopo la seconda met\u00e0 di settembre e che si protrae fino alle prime due settimante di ottobre.<\/h3>\n<h3>Trebbiano d&#8217;Abruzzo DOC<\/h3>\n<h3>Da disciplinare deve essere prodotto con 85% di Uve di Trebbiano il restante 15% con altre uve a bacca bianca presenti sul territorio.<\/h3>\n<h3>Si tratta di un vino ottenuto da vitigni a bacca bianca, coltivati nelle zone collinari di altitudine entro i cinquecento metri sopra il livello del mare.<\/h3>\n<h3><\/h3>\n<h3>Il Trebbiano d&#8217;Abruzzo nasce quindi da uva bianca, di solito fermentata in botti di acciaio, tranne nel caso delle riserve quando vengono preferite botti in rovere.<\/h3>\n<h3>Presenta un colore giallo chiaro dorato o paglierino con riflessi verdastri e con un aroma molto raffinato, caratterizzato da note fruttate di albicocca e pesca , arricchito da sentori erbacei freschi.<br \/>\nServito a bassa temperatura si beve con grande facilit\u00e0 per la sua delicata morbidezza.<\/h3>\n<h3>Pu\u00f2 essere utilizzato come aperitivo ma \u00e8 anche un ottimo compagno per piatti di pesce o insaccati.<\/h3>\n<h3>Particolarmente indicato per primi piatti di pastasciutta condita con verdure oppure con del pesce, e per carni bianche come pollame e suino.<\/h3>\n<h3>Cerasuolo d&#8217;Abruzzo DOC<\/h3>\n<h3>Vino Rosato prodotto con uve a bacca rossa vinificate in bianco e caratterizzato dall&#8217;omonimo color rosa ciliegia, con un tasso alcolico compreso tra 12% e 13%.<br \/>\nVino elegante e fruttato con note floreali, sapore fresco di buona persistenza aromatica.<\/h3>\n<h3>Adatto ad accompagnare primi piatti e zuppe oltre a tutti piatti a base di pesce.<\/h3>\n<h3>I vini Autoctoni pi\u00f9 Antichi<\/h3>\n<h3>Negli ultimi anni, la tridizione vinicola abruzzese, ha riscoperto alcuni dei suoi vitigni autoctoni che con il passare dei secoli non erano pi\u00f9 stati coltivati.<\/h3>\n<h3><strong>Il Pecorino:<\/strong> Riscoperto inizialmente nelle Marche, diffuso largamente anche in Abruzzo ha avuto un ottimo riscontro tra gli appassionati di enologia per il suo patrimonio organolettico inconfondibile, ha riscosso successo anche all\u2019estero.<\/h3>\n<h3><strong>La Cococciola:<\/strong> Ancora poco diffusa, perfetta per la spumantizzazione accompagna egregiamente le pietanze di pesce.<\/h3>\n<h3><strong>La passerina: <\/strong>Anch\u2019essa di recente riscoperta, sta\u2019 riscontrando un buon successo di vendita, vino fresco e piacevole da abbinare a tutti i piatti di tradizione marinara.<\/h3>\n<p>&nbsp;<\/p>\n<p>&nbsp;<\/p>\n","protected":false},"excerpt":{"rendered":"<p>L\u2019Abruzzo ed i suoi Vini &nbsp; Il territorio abruzzese \u00e8 occupato principalmente da montangne, che, continuano con un&#8217;ampia zona collinare che arriva fino alla costa. Queste colline sono caratterizzate da terreni ghiaiosi ed argillosi, con grande percentuale di arenaria, che assicurano condizioni asciutte e permeabili, ideali per la coltivazione delle viti. I vigneti si concentrano [&hellip;]<\/p>\n","protected":false},"author":1,"featured_media":5711,"parent":0,"menu_order":0,"comment_status":"closed","ping_status":"closed","template":"template-travels.php","meta":[],"yoast_head":"<!-- This site is optimized with the Yoast SEO plugin v18.2 - https:\/\/yoast.com\/wordpress\/plugins\/seo\/ -->\n<meta name=\"description\" content=\"L\u2019Abruzzo ed i suoi Vini &nbsp; Il territorio abruzzese \u00e8 occupato principalmente da montangne, che, continuano con un&#039;ampia zona collinare che arriva\" \/>\n<meta name=\"robots\" content=\"index, follow, max-snippet:-1, max-image-preview:large, max-video-preview:-1\" \/>\n<link rel=\"canonical\" href=\"http:\/\/www.altreterreviaggi.it\/index.php\/blog-foodwine-abruzzo\/\" \/>\n<meta property=\"og:locale\" content=\"it_IT\" \/>\n<meta property=\"og:type\" content=\"article\" \/>\n<meta property=\"og:title\" content=\"Blog-2-Food&amp;Wine Abruzzo - Altre Terre Viaggi\" \/>\n<meta property=\"og:description\" content=\"L\u2019Abruzzo ed i suoi Vini &nbsp; Il territorio abruzzese \u00e8 occupato principalmente da montangne, che, continuano con un&#039;ampia zona collinare che arriva\" \/>\n<meta property=\"og:url\" content=\"http:\/\/www.altreterreviaggi.it\/index.php\/blog-foodwine-abruzzo\/\" \/>\n<meta property=\"og:site_name\" content=\"Altre Terre Viaggi\" \/>\n<meta property=\"article:modified_time\" content=\"2022-07-20T12:04:24+00:00\" \/>\n<meta property=\"og:image\" content=\"http:\/\/www.altreterreviaggi.it\/wp-content\/uploads\/hd-wallpaper-ge04347399_1280.jpg\" \/>\n\t<meta property=\"og:image:width\" content=\"1280\" \/>\n\t<meta property=\"og:image:height\" content=\"853\" \/>\n\t<meta property=\"og:image:type\" content=\"image\/jpeg\" \/>\n<meta name=\"twitter:card\" content=\"summary_large_image\" \/>\n<meta name=\"twitter:label1\" content=\"Tempo di lettura stimato\" \/>\n\t<meta name=\"twitter:data1\" content=\"4 minuti\" \/>\n<script type=\"application\/ld+json\" class=\"yoast-schema-graph\">{\"@context\":\"https:\/\/schema.org\",\"@graph\":[{\"@type\":\"WebSite\",\"@id\":\"http:\/\/www.altreterreviaggi.it\/#website\",\"url\":\"http:\/\/www.altreterreviaggi.it\/\",\"name\":\"Altre Terre Viaggi\",\"description\":\"\",\"potentialAction\":[{\"@type\":\"SearchAction\",\"target\":{\"@type\":\"EntryPoint\",\"urlTemplate\":\"http:\/\/www.altreterreviaggi.it\/?s={search_term_string}\"},\"query-input\":\"required name=search_term_string\"}],\"inLanguage\":\"it-IT\"},{\"@type\":\"ImageObject\",\"@id\":\"http:\/\/www.altreterreviaggi.it\/index.php\/blog-foodwine-abruzzo\/#primaryimage\",\"inLanguage\":\"it-IT\",\"url\":\"http:\/\/www.altreterreviaggi.it\/wp-content\/uploads\/hd-wallpaper-ge04347399_1280.jpg\",\"contentUrl\":\"http:\/\/www.altreterreviaggi.it\/wp-content\/uploads\/hd-wallpaper-ge04347399_1280.jpg\",\"width\":1280,\"height\":853},{\"@type\":\"WebPage\",\"@id\":\"http:\/\/www.altreterreviaggi.it\/index.php\/blog-foodwine-abruzzo\/#webpage\",\"url\":\"http:\/\/www.altreterreviaggi.it\/index.php\/blog-foodwine-abruzzo\/\",\"name\":\"Blog-2-Food&Wine Abruzzo - Altre Terre Viaggi\",\"isPartOf\":{\"@id\":\"http:\/\/www.altreterreviaggi.it\/#website\"},\"primaryImageOfPage\":{\"@id\":\"http:\/\/www.altreterreviaggi.it\/index.php\/blog-foodwine-abruzzo\/#primaryimage\"},\"datePublished\":\"2022-07-18T08:16:51+00:00\",\"dateModified\":\"2022-07-20T12:04:24+00:00\",\"description\":\"L\u2019Abruzzo ed i suoi Vini &nbsp; Il territorio abruzzese \u00e8 occupato principalmente da montangne, che, continuano con un'ampia zona collinare che arriva\",\"breadcrumb\":{\"@id\":\"http:\/\/www.altreterreviaggi.it\/index.php\/blog-foodwine-abruzzo\/#breadcrumb\"},\"inLanguage\":\"it-IT\",\"potentialAction\":[{\"@type\":\"ReadAction\",\"target\":[\"http:\/\/www.altreterreviaggi.it\/index.php\/blog-foodwine-abruzzo\/\"]}]},{\"@type\":\"BreadcrumbList\",\"@id\":\"http:\/\/www.altreterreviaggi.it\/index.php\/blog-foodwine-abruzzo\/#breadcrumb\",\"itemListElement\":[{\"@type\":\"ListItem\",\"position\":1,\"name\":\"Blog-2-Food&#038;Wine Abruzzo\"}]}]}<\/script>\n<!-- \/ Yoast SEO plugin. -->","yoast_head_json":{"description":"L\u2019Abruzzo ed i suoi Vini &nbsp; Il territorio abruzzese \u00e8 occupato principalmente da montangne, che, continuano con un'ampia zona collinare che arriva","robots":{"index":"index","follow":"follow","max-snippet":"max-snippet:-1","max-image-preview":"max-image-preview:large","max-video-preview":"max-video-preview:-1"},"canonical":"http:\/\/www.altreterreviaggi.it\/index.php\/blog-foodwine-abruzzo\/","og_locale":"it_IT","og_type":"article","og_title":"Blog-2-Food&Wine Abruzzo - Altre Terre Viaggi","og_description":"L\u2019Abruzzo ed i suoi Vini &nbsp; Il territorio abruzzese \u00e8 occupato principalmente da montangne, che, continuano con un'ampia zona collinare che arriva","og_url":"http:\/\/www.altreterreviaggi.it\/index.php\/blog-foodwine-abruzzo\/","og_site_name":"Altre Terre Viaggi","article_modified_time":"2022-07-20T12:04:24+00:00","og_image":[{"width":1280,"height":853,"url":"http:\/\/www.altreterreviaggi.it\/wp-content\/uploads\/hd-wallpaper-ge04347399_1280.jpg","type":"image\/jpeg"}],"twitter_card":"summary_large_image","twitter_misc":{"Tempo di lettura stimato":"4 minuti"},"schema":{"@context":"https:\/\/schema.org","@graph":[{"@type":"WebSite","@id":"http:\/\/www.altreterreviaggi.it\/#website","url":"http:\/\/www.altreterreviaggi.it\/","name":"Altre Terre Viaggi","description":"","potentialAction":[{"@type":"SearchAction","target":{"@type":"EntryPoint","urlTemplate":"http:\/\/www.altreterreviaggi.it\/?s={search_term_string}"},"query-input":"required name=search_term_string"}],"inLanguage":"it-IT"},{"@type":"ImageObject","@id":"http:\/\/www.altreterreviaggi.it\/index.php\/blog-foodwine-abruzzo\/#primaryimage","inLanguage":"it-IT","url":"http:\/\/www.altreterreviaggi.it\/wp-content\/uploads\/hd-wallpaper-ge04347399_1280.jpg","contentUrl":"http:\/\/www.altreterreviaggi.it\/wp-content\/uploads\/hd-wallpaper-ge04347399_1280.jpg","width":1280,"height":853},{"@type":"WebPage","@id":"http:\/\/www.altreterreviaggi.it\/index.php\/blog-foodwine-abruzzo\/#webpage","url":"http:\/\/www.altreterreviaggi.it\/index.php\/blog-foodwine-abruzzo\/","name":"Blog-2-Food&Wine Abruzzo - Altre Terre Viaggi","isPartOf":{"@id":"http:\/\/www.altreterreviaggi.it\/#website"},"primaryImageOfPage":{"@id":"http:\/\/www.altreterreviaggi.it\/index.php\/blog-foodwine-abruzzo\/#primaryimage"},"datePublished":"2022-07-18T08:16:51+00:00","dateModified":"2022-07-20T12:04:24+00:00","description":"L\u2019Abruzzo ed i suoi Vini &nbsp; Il territorio abruzzese \u00e8 occupato principalmente da montangne, che, continuano con un'ampia zona collinare che arriva","breadcrumb":{"@id":"http:\/\/www.altreterreviaggi.it\/index.php\/blog-foodwine-abruzzo\/#breadcrumb"},"inLanguage":"it-IT","potentialAction":[{"@type":"ReadAction","target":["http:\/\/www.altreterreviaggi.it\/index.php\/blog-foodwine-abruzzo\/"]}]},{"@type":"BreadcrumbList","@id":"http:\/\/www.altreterreviaggi.it\/index.php\/blog-foodwine-abruzzo\/#breadcrumb","itemListElement":[{"@type":"ListItem","position":1,"name":"Blog-2-Food&#038;Wine Abruzzo"}]}]}},"_links":{"self":[{"href":"http:\/\/www.altreterreviaggi.it\/index.php\/wp-json\/wp\/v2\/pages\/6056"}],"collection":[{"href":"http:\/\/www.altreterreviaggi.it\/index.php\/wp-json\/wp\/v2\/pages"}],"about":[{"href":"http:\/\/www.altreterreviaggi.it\/index.php\/wp-json\/wp\/v2\/types\/page"}],"author":[{"embeddable":true,"href":"http:\/\/www.altreterreviaggi.it\/index.php\/wp-json\/wp\/v2\/users\/1"}],"replies":[{"embeddable":true,"href":"http:\/\/www.altreterreviaggi.it\/index.php\/wp-json\/wp\/v2\/comments?post=6056"}],"version-history":[{"count":4,"href":"http:\/\/www.altreterreviaggi.it\/index.php\/wp-json\/wp\/v2\/pages\/6056\/revisions"}],"predecessor-version":[{"id":6225,"href":"http:\/\/www.altreterreviaggi.it\/index.php\/wp-json\/wp\/v2\/pages\/6056\/revisions\/6225"}],"wp:featuredmedia":[{"embeddable":true,"href":"http:\/\/www.altreterreviaggi.it\/index.php\/wp-json\/wp\/v2\/media\/5711"}],"wp:attachment":[{"href":"http:\/\/www.altreterreviaggi.it\/index.php\/wp-json\/wp\/v2\/media?parent=6056"}],"curies":[{"name":"wp","href":"https:\/\/api.w.org\/{rel}","templated":true}]}}