







{"id":6020,"date":"2022-07-14T15:29:06","date_gmt":"2022-07-14T13:29:06","guid":{"rendered":"http:\/\/www.altreterreviaggi.it\/?page_id=6020"},"modified":"2024-06-12T15:44:16","modified_gmt":"2024-06-12T13:44:16","slug":"puglia","status":"publish","type":"page","link":"http:\/\/www.altreterreviaggi.it\/index.php\/puglia\/","title":{"rendered":"Puglia"},"content":{"rendered":"<h2><strong><span style=\"color: #800000;\"><em>L&#8217;immenso piano della campagna, leggermente ondulato, il mare cos\u00ec maestoso, il cielo cos\u00ec infinito e sereno costituiscono una trinit\u00e0 grandiosa e singolare.<\/em><\/span><\/strong><br \/>\n<strong><span style=\"color: #800000;\"><em>(Paul Schubring)<\/em><\/span><\/strong><\/h2>\n<h2 style=\"text-align: center;\"><span style=\"color: #339966;\"><strong><a style=\"color: #339966;\" href=\"http:\/\/www.altreterreviaggi.it\/index.php\/blog-puglia\/\">BLOG PUGLIA<\/a><\/strong><\/span><\/h2>\n<div class=\"third\"><p>\n<p style=\"text-align: center;\"><a href=\"http:\/\/www.altreterreviaggi.it\/index.php\/blog-puglia\/\"><img loading=\"lazy\" class=\"alignnone wp-image-24659 size-full\" src=\"http:\/\/www.altreterreviaggi.it\/wp-content\/uploads\/SabrinaAngelo-Puglia-1.jpg\" alt=\"\" width=\"300\" height=\"169\" \/><\/a><\/p>\n<\/p><\/div>\n<div class=\"third\"><p>\n<p style=\"text-align: center;\"><a href=\"http:\/\/www.altreterreviaggi.it\/index.php\/blog-puglia\/\"><img loading=\"lazy\" class=\"alignnone wp-image-24657 size-full\" src=\"http:\/\/www.altreterreviaggi.it\/wp-content\/uploads\/Puglia-2.jpg\" alt=\"\" width=\"300\" height=\"169\" \/><\/a><\/p>\n<\/p><\/div>\n<div class=\"third\"><p>\n<p style=\"text-align: center;\"><a href=\"http:\/\/www.altreterreviaggi.it\/index.php\/blog-puglia\/\"><img loading=\"lazy\" class=\"alignnone wp-image-24660 size-full\" src=\"http:\/\/www.altreterreviaggi.it\/wp-content\/uploads\/Puglia1.jpg\" alt=\"\" width=\"300\" height=\"169\" \/><\/a><\/p>\n<\/p><\/div>\n<h2>Per <strong>Ispirazioni <\/strong>e<strong> Viaggi<\/strong> a tema, seguici e\u00a0<strong><span style=\"color: #008000;\"><a style=\"color: #008000;\" href=\"http:\/\/www.altreterreviaggi.it\/index.php\/contatti-2\/\">CONTATTACI<\/a><\/span>\u00a0<\/strong>per la tua proposta su misura.<\/h2>\n","protected":false},"excerpt":{"rendered":"<p>L&#8217;immenso piano della campagna, leggermente ondulato, il mare cos\u00ec maestoso, il cielo cos\u00ec infinito e sereno costituiscono una trinit\u00e0 grandiosa e singolare. (Paul Schubring) BLOG PUGLIA Per Ispirazioni e Viaggi a tema, seguici e\u00a0CONTATTACI\u00a0per la tua proposta su misura.<\/p>\n","protected":false},"author":1,"featured_media":6021,"parent":0,"menu_order":0,"comment_status":"closed","ping_status":"closed","template":"template-travels.php","meta":[],"yoast_head":"<!-- This site is optimized with the Yoast SEO plugin v18.2 - https:\/\/yoast.com\/wordpress\/plugins\/seo\/ -->\n<meta name=\"description\" content=\"L&#039;immenso piano della campagna, leggermente ondulato, il mare cos\u00ec maestoso, il cielo cos\u00ec infinito e sereno costituiscono una trinit\u00e0 grandiosa e\" \/>\n<meta name=\"robots\" content=\"index, follow, max-snippet:-1, max-image-preview:large, max-video-preview:-1\" \/>\n<link rel=\"canonical\" href=\"http:\/\/www.altreterreviaggi.it\/index.php\/puglia\/\" \/>\n<meta property=\"og:locale\" content=\"it_IT\" \/>\n<meta property=\"og:type\" content=\"article\" \/>\n<meta property=\"og:title\" content=\"Puglia - Altre Terre Viaggi\" \/>\n<meta property=\"og:description\" content=\"L&#039;immenso piano della campagna, leggermente ondulato, il mare cos\u00ec maestoso, il cielo cos\u00ec infinito e sereno costituiscono una trinit\u00e0 grandiosa e\" \/>\n<meta property=\"og:url\" content=\"http:\/\/www.altreterreviaggi.it\/index.php\/puglia\/\" \/>\n<meta property=\"og:site_name\" content=\"Altre Terre Viaggi\" \/>\n<meta property=\"article:modified_time\" content=\"2024-06-12T13:44:16+00:00\" \/>\n<meta property=\"og:image\" content=\"http:\/\/www.altreterreviaggi.it\/wp-content\/uploads\/italy-g50d3a9028_1920.jpg\" \/>\n\t<meta property=\"og:image:width\" content=\"1920\" \/>\n\t<meta property=\"og:image:height\" content=\"1079\" \/>\n\t<meta property=\"og:image:type\" content=\"image\/jpeg\" \/>\n<meta name=\"twitter:card\" content=\"summary_large_image\" \/>\n<meta name=\"twitter:label1\" content=\"Tempo di lettura stimato\" \/>\n\t<meta name=\"twitter:data1\" content=\"1 minuto\" \/>\n<script type=\"application\/ld+json\" class=\"yoast-schema-graph\">{\"@context\":\"https:\/\/schema.org\",\"@graph\":[{\"@type\":\"WebSite\",\"@id\":\"http:\/\/www.altreterreviaggi.it\/#website\",\"url\":\"http:\/\/www.altreterreviaggi.it\/\",\"name\":\"Altre Terre Viaggi\",\"description\":\"\",\"potentialAction\":[{\"@type\":\"SearchAction\",\"target\":{\"@type\":\"EntryPoint\",\"urlTemplate\":\"http:\/\/www.altreterreviaggi.it\/?s={search_term_string}\"},\"query-input\":\"required name=search_term_string\"}],\"inLanguage\":\"it-IT\"},{\"@type\":\"ImageObject\",\"@id\":\"http:\/\/www.altreterreviaggi.it\/index.php\/puglia\/#primaryimage\",\"inLanguage\":\"it-IT\",\"url\":\"http:\/\/www.altreterreviaggi.it\/wp-content\/uploads\/italy-g50d3a9028_1920.jpg\",\"contentUrl\":\"http:\/\/www.altreterreviaggi.it\/wp-content\/uploads\/italy-g50d3a9028_1920.jpg\",\"width\":1920,\"height\":1079},{\"@type\":\"WebPage\",\"@id\":\"http:\/\/www.altreterreviaggi.it\/index.php\/puglia\/#webpage\",\"url\":\"http:\/\/www.altreterreviaggi.it\/index.php\/puglia\/\",\"name\":\"Puglia - Altre Terre Viaggi\",\"isPartOf\":{\"@id\":\"http:\/\/www.altreterreviaggi.it\/#website\"},\"primaryImageOfPage\":{\"@id\":\"http:\/\/www.altreterreviaggi.it\/index.php\/puglia\/#primaryimage\"},\"datePublished\":\"2022-07-14T13:29:06+00:00\",\"dateModified\":\"2024-06-12T13:44:16+00:00\",\"description\":\"L'immenso piano della campagna, leggermente ondulato, il mare cos\u00ec maestoso, il cielo cos\u00ec infinito e sereno costituiscono una trinit\u00e0 grandiosa e\",\"breadcrumb\":{\"@id\":\"http:\/\/www.altreterreviaggi.it\/index.php\/puglia\/#breadcrumb\"},\"inLanguage\":\"it-IT\",\"potentialAction\":[{\"@type\":\"ReadAction\",\"target\":[\"http:\/\/www.altreterreviaggi.it\/index.php\/puglia\/\"]}]},{\"@type\":\"BreadcrumbList\",\"@id\":\"http:\/\/www.altreterreviaggi.it\/index.php\/puglia\/#breadcrumb\",\"itemListElement\":[{\"@type\":\"ListItem\",\"position\":1,\"name\":\"Puglia\"}]}]}<\/script>\n<!-- \/ Yoast SEO plugin. -->","yoast_head_json":{"description":"L'immenso piano della campagna, leggermente ondulato, il mare cos\u00ec maestoso, il cielo cos\u00ec infinito e sereno costituiscono una trinit\u00e0 grandiosa e","robots":{"index":"index","follow":"follow","max-snippet":"max-snippet:-1","max-image-preview":"max-image-preview:large","max-video-preview":"max-video-preview:-1"},"canonical":"http:\/\/www.altreterreviaggi.it\/index.php\/puglia\/","og_locale":"it_IT","og_type":"article","og_title":"Puglia - Altre Terre Viaggi","og_description":"L'immenso piano della campagna, leggermente ondulato, il mare cos\u00ec maestoso, il cielo cos\u00ec infinito e sereno costituiscono una trinit\u00e0 grandiosa e","og_url":"http:\/\/www.altreterreviaggi.it\/index.php\/puglia\/","og_site_name":"Altre Terre Viaggi","article_modified_time":"2024-06-12T13:44:16+00:00","og_image":[{"width":1920,"height":1079,"url":"http:\/\/www.altreterreviaggi.it\/wp-content\/uploads\/italy-g50d3a9028_1920.jpg","type":"image\/jpeg"}],"twitter_card":"summary_large_image","twitter_misc":{"Tempo di lettura stimato":"1 minuto"},"schema":{"@context":"https:\/\/schema.org","@graph":[{"@type":"WebSite","@id":"http:\/\/www.altreterreviaggi.it\/#website","url":"http:\/\/www.altreterreviaggi.it\/","name":"Altre Terre Viaggi","description":"","potentialAction":[{"@type":"SearchAction","target":{"@type":"EntryPoint","urlTemplate":"http:\/\/www.altreterreviaggi.it\/?s={search_term_string}"},"query-input":"required name=search_term_string"}],"inLanguage":"it-IT"},{"@type":"ImageObject","@id":"http:\/\/www.altreterreviaggi.it\/index.php\/puglia\/#primaryimage","inLanguage":"it-IT","url":"http:\/\/www.altreterreviaggi.it\/wp-content\/uploads\/italy-g50d3a9028_1920.jpg","contentUrl":"http:\/\/www.altreterreviaggi.it\/wp-content\/uploads\/italy-g50d3a9028_1920.jpg","width":1920,"height":1079},{"@type":"WebPage","@id":"http:\/\/www.altreterreviaggi.it\/index.php\/puglia\/#webpage","url":"http:\/\/www.altreterreviaggi.it\/index.php\/puglia\/","name":"Puglia - Altre Terre Viaggi","isPartOf":{"@id":"http:\/\/www.altreterreviaggi.it\/#website"},"primaryImageOfPage":{"@id":"http:\/\/www.altreterreviaggi.it\/index.php\/puglia\/#primaryimage"},"datePublished":"2022-07-14T13:29:06+00:00","dateModified":"2024-06-12T13:44:16+00:00","description":"L'immenso piano della campagna, leggermente ondulato, il mare cos\u00ec maestoso, il cielo cos\u00ec infinito e sereno costituiscono una trinit\u00e0 grandiosa e","breadcrumb":{"@id":"http:\/\/www.altreterreviaggi.it\/index.php\/puglia\/#breadcrumb"},"inLanguage":"it-IT","potentialAction":[{"@type":"ReadAction","target":["http:\/\/www.altreterreviaggi.it\/index.php\/puglia\/"]}]},{"@type":"BreadcrumbList","@id":"http:\/\/www.altreterreviaggi.it\/index.php\/puglia\/#breadcrumb","itemListElement":[{"@type":"ListItem","position":1,"name":"Puglia"}]}]}},"_links":{"self":[{"href":"http:\/\/www.altreterreviaggi.it\/index.php\/wp-json\/wp\/v2\/pages\/6020"}],"collection":[{"href":"http:\/\/www.altreterreviaggi.it\/index.php\/wp-json\/wp\/v2\/pages"}],"about":[{"href":"http:\/\/www.altreterreviaggi.it\/index.php\/wp-json\/wp\/v2\/types\/page"}],"author":[{"embeddable":true,"href":"http:\/\/www.altreterreviaggi.it\/index.php\/wp-json\/wp\/v2\/users\/1"}],"replies":[{"embeddable":true,"href":"http:\/\/www.altreterreviaggi.it\/index.php\/wp-json\/wp\/v2\/comments?post=6020"}],"version-history":[{"count":14,"href":"http:\/\/www.altreterreviaggi.it\/index.php\/wp-json\/wp\/v2\/pages\/6020\/revisions"}],"predecessor-version":[{"id":6023,"href":"http:\/\/www.altreterreviaggi.it\/index.php\/wp-json\/wp\/v2\/pages\/6020\/revisions\/6023"}],"wp:featuredmedia":[{"embeddable":true,"href":"http:\/\/www.altreterreviaggi.it\/index.php\/wp-json\/wp\/v2\/media\/6021"}],"wp:attachment":[{"href":"http:\/\/www.altreterreviaggi.it\/index.php\/wp-json\/wp\/v2\/media?parent=6020"}],"curies":[{"name":"wp","href":"https:\/\/api.w.org\/{rel}","templated":true}]}}