







{"id":5760,"date":"2022-07-04T15:50:43","date_gmt":"2022-07-04T13:50:43","guid":{"rendered":"http:\/\/www.altreterreviaggi.it\/?page_id=5760"},"modified":"2024-02-12T09:33:37","modified_gmt":"2024-02-12T08:33:37","slug":"blog-green-healthy","status":"publish","type":"page","link":"http:\/\/www.altreterreviaggi.it\/index.php\/blog-green-healthy\/","title":{"rendered":"Blog-2-Green &#038; Healthy"},"content":{"rendered":"<h2><span style=\"color: #800000;\"><strong>Festa in modalita&#8217; Green &amp; Healthy<\/strong><\/span><\/h2>\n<h4>Oggi proponiamo un suggerimento ideale per approfittare positivamente di quest&#8217; ultimo periodo estivo: offrire una merenda spensierata, allegra ed istruttiva ai bimbi oppure proporre in famiglia o tra amici e colleghi momenti di pausa e condivisione in armonia all&#8217; aperto, ritrovando il contatto con la natura ed il piacere di stare insieme.<\/h4>\n<h4><img loading=\"lazy\" class=\"alignnone size-medium wp-image-5768\" src=\"http:\/\/www.altreterreviaggi.it\/wp-content\/uploads\/germany-7264701_640-300x200.jpg\" alt=\"\" width=\"300\" height=\"200\" srcset=\"http:\/\/www.altreterreviaggi.it\/wp-content\/uploads\/germany-7264701_640-300x200.jpg 300w, http:\/\/www.altreterreviaggi.it\/wp-content\/uploads\/germany-7264701_640.jpg 640w\" sizes=\"(max-width: 300px) 100vw, 300px\" \/><\/h4>\n<h4>La location perfetta per questo scopo \u00e8 un&#8217; agrigelateria oppure una fattoria didattica. In realt\u00e0 ve ne sono di svariate tipologie, le pi\u00f9 indicate sono quelle che programmano attivit\u00e0 tematiche da poter fare insieme, come ad esempio raccogliere frutti oppure erbe e verdure o ancora freschissime uova delle galline allevate qui, il tutto da impiegare per preparare, direttamente sul posto, un buonissimo dolce, uno smoothy ritemprante e detox, o un gustoso gelato con l&#8217; aggiunta di latte prodotto in loco, il tutto a metro zero e con la supervisione ed i consigli di mani esperte (ed un costo medio entro i 10 euro a persona).<\/h4>\n<h4><img loading=\"lazy\" class=\"alignnone size-medium wp-image-5767\" src=\"http:\/\/www.altreterreviaggi.it\/wp-content\/uploads\/people-2587440_640-300x169.jpg\" alt=\"\" width=\"300\" height=\"169\" srcset=\"http:\/\/www.altreterreviaggi.it\/wp-content\/uploads\/people-2587440_640-300x169.jpg 300w, http:\/\/www.altreterreviaggi.it\/wp-content\/uploads\/people-2587440_640.jpg 640w\" sizes=\"(max-width: 300px) 100vw, 300px\" \/><\/h4>\n<h4>In questi luoghi \u00e8 solitamente possibile dare anche da mangiare agli animali ed accudirli secondo appropriate indicazioni, un&#8217; esperienza decisamente gratificante per grandi e piccini, dalla comprovata valenza di benessere psicofisico.<br \/>\nNegli spazi all&#8217; aperto \u00e8 permesso fare merende, pic-nic e feste, che possono quindi essere personalizzabili facilmente secondo tipologia di evento ed et\u00e0 dei partecipanti, a patto che si abbia il massimo rispetto dell&#8217; ambiente e degli animali. Molti offrono anche giochi per bambini e giostrine ad utilizzo gratuito. Sicuramente una soluzione molto piacevole ed economica, ad effetto garantito.<\/h4>\n<h4><\/h4>\n<h4>Spesso, hanno anche a disposizione aggiuntiva delle strutture coperte, o pratici gazebi ed affini, con un costo di noleggio area contenuto (noi ad esempio abbiamo organizzato cos\u00ec un compleanno, con un costo intorno ai 100 euro) permettono di avere per mezza giornata o giornata intera un&#8217; area riservata per festeggiare in libert\u00e0, attrezzata con attacco idrico ed elettrico e frigo, tavoli, sedie, bagni e in pi\u00f9, se non si vuole organizzarsi da casa, si possono gustare gli ottimi prodotti tipici preparati internamente, usufruendo anche degli spazi comuni.<\/h4>\n<h4><img loading=\"lazy\" class=\"alignnone size-medium wp-image-5766\" src=\"http:\/\/www.altreterreviaggi.it\/wp-content\/uploads\/the-morra-3582698_640-300x168.jpg\" alt=\"\" width=\"300\" height=\"168\" srcset=\"http:\/\/www.altreterreviaggi.it\/wp-content\/uploads\/the-morra-3582698_640-300x169.jpg 300w, http:\/\/www.altreterreviaggi.it\/wp-content\/uploads\/the-morra-3582698_640.jpg 640w\" sizes=\"(max-width: 300px) 100vw, 300px\" \/><\/h4>\n<h4>Una variante che ci piace molto, \u00e8 l&#8217; agrigelateria dove \u00e8 presente l&#8217; allevamento d&#8217; asini, qui il gelato \u00e8 ancora pi\u00f9 sano e leggero, adatto a tutti gli intolleranti e particolarmente indicato per i bambini, considerate le tante virt\u00f9 riconosciute del latte d&#8217; asina. Che aspettate? Cercate nella vostra zona o dove pi\u00f9 desiderate le possibili soluzioni per la vostra festa e fateci sapere come \u00e8 andata \ud83d\ude42<\/h4>\n","protected":false},"excerpt":{"rendered":"<p>Festa in modalita&#8217; Green &amp; Healthy Oggi proponiamo un suggerimento ideale per approfittare positivamente di quest&#8217; ultimo periodo estivo: offrire una merenda spensierata, allegra ed istruttiva ai bimbi oppure proporre in famiglia o tra amici e colleghi momenti di pausa e condivisione in armonia all&#8217; aperto, ritrovando il contatto con la natura ed il piacere [&hellip;]<\/p>\n","protected":false},"author":1,"featured_media":6259,"parent":0,"menu_order":0,"comment_status":"closed","ping_status":"closed","template":"template-travels.php","meta":[],"yoast_head":"<!-- This site is optimized with the Yoast SEO plugin v18.2 - https:\/\/yoast.com\/wordpress\/plugins\/seo\/ -->\n<meta name=\"description\" content=\"Festa in modalita&#039; Green &amp; Healthy Oggi proponiamo un suggerimento ideale per approfittare positivamente di quest&#039; ultimo periodo estivo: offrire una\" \/>\n<meta name=\"robots\" content=\"index, follow, max-snippet:-1, max-image-preview:large, max-video-preview:-1\" \/>\n<link rel=\"canonical\" href=\"http:\/\/www.altreterreviaggi.it\/index.php\/blog-green-healthy\/\" \/>\n<meta property=\"og:locale\" content=\"it_IT\" \/>\n<meta property=\"og:type\" content=\"article\" \/>\n<meta property=\"og:title\" content=\"Blog-2-Green &amp; Healthy - Altre Terre Viaggi\" \/>\n<meta property=\"og:description\" content=\"Festa in modalita&#039; Green &amp; Healthy Oggi proponiamo un suggerimento ideale per approfittare positivamente di quest&#039; ultimo periodo estivo: offrire una\" \/>\n<meta property=\"og:url\" content=\"http:\/\/www.altreterreviaggi.it\/index.php\/blog-green-healthy\/\" \/>\n<meta property=\"og:site_name\" content=\"Altre Terre Viaggi\" \/>\n<meta property=\"article:modified_time\" content=\"2024-02-12T08:33:37+00:00\" \/>\n<meta property=\"og:image\" content=\"http:\/\/www.altreterreviaggi.it\/wp-content\/uploads\/Agrofattoria.jpg\" \/>\n\t<meta property=\"og:image:width\" content=\"640\" \/>\n\t<meta property=\"og:image:height\" content=\"427\" \/>\n\t<meta property=\"og:image:type\" content=\"image\/jpeg\" \/>\n<meta name=\"twitter:card\" content=\"summary_large_image\" \/>\n<meta name=\"twitter:label1\" content=\"Tempo di lettura stimato\" \/>\n\t<meta name=\"twitter:data1\" content=\"3 minuti\" \/>\n<script type=\"application\/ld+json\" class=\"yoast-schema-graph\">{\"@context\":\"https:\/\/schema.org\",\"@graph\":[{\"@type\":\"WebSite\",\"@id\":\"http:\/\/www.altreterreviaggi.it\/#website\",\"url\":\"http:\/\/www.altreterreviaggi.it\/\",\"name\":\"Altre Terre Viaggi\",\"description\":\"\",\"potentialAction\":[{\"@type\":\"SearchAction\",\"target\":{\"@type\":\"EntryPoint\",\"urlTemplate\":\"http:\/\/www.altreterreviaggi.it\/?s={search_term_string}\"},\"query-input\":\"required name=search_term_string\"}],\"inLanguage\":\"it-IT\"},{\"@type\":\"ImageObject\",\"@id\":\"http:\/\/www.altreterreviaggi.it\/index.php\/blog-green-healthy\/#primaryimage\",\"inLanguage\":\"it-IT\",\"url\":\"http:\/\/www.altreterreviaggi.it\/wp-content\/uploads\/Agrofattoria.jpg\",\"contentUrl\":\"http:\/\/www.altreterreviaggi.it\/wp-content\/uploads\/Agrofattoria.jpg\",\"width\":640,\"height\":427},{\"@type\":\"WebPage\",\"@id\":\"http:\/\/www.altreterreviaggi.it\/index.php\/blog-green-healthy\/#webpage\",\"url\":\"http:\/\/www.altreterreviaggi.it\/index.php\/blog-green-healthy\/\",\"name\":\"Blog-2-Green & Healthy - Altre Terre Viaggi\",\"isPartOf\":{\"@id\":\"http:\/\/www.altreterreviaggi.it\/#website\"},\"primaryImageOfPage\":{\"@id\":\"http:\/\/www.altreterreviaggi.it\/index.php\/blog-green-healthy\/#primaryimage\"},\"datePublished\":\"2022-07-04T13:50:43+00:00\",\"dateModified\":\"2024-02-12T08:33:37+00:00\",\"description\":\"Festa in modalita' Green &amp; Healthy Oggi proponiamo un suggerimento ideale per approfittare positivamente di quest' ultimo periodo estivo: offrire una\",\"breadcrumb\":{\"@id\":\"http:\/\/www.altreterreviaggi.it\/index.php\/blog-green-healthy\/#breadcrumb\"},\"inLanguage\":\"it-IT\",\"potentialAction\":[{\"@type\":\"ReadAction\",\"target\":[\"http:\/\/www.altreterreviaggi.it\/index.php\/blog-green-healthy\/\"]}]},{\"@type\":\"BreadcrumbList\",\"@id\":\"http:\/\/www.altreterreviaggi.it\/index.php\/blog-green-healthy\/#breadcrumb\",\"itemListElement\":[{\"@type\":\"ListItem\",\"position\":1,\"name\":\"Blog-2-Green &#038; Healthy\"}]}]}<\/script>\n<!-- \/ Yoast SEO plugin. -->","yoast_head_json":{"description":"Festa in modalita' Green &amp; Healthy Oggi proponiamo un suggerimento ideale per approfittare positivamente di quest' ultimo periodo estivo: offrire una","robots":{"index":"index","follow":"follow","max-snippet":"max-snippet:-1","max-image-preview":"max-image-preview:large","max-video-preview":"max-video-preview:-1"},"canonical":"http:\/\/www.altreterreviaggi.it\/index.php\/blog-green-healthy\/","og_locale":"it_IT","og_type":"article","og_title":"Blog-2-Green & Healthy - Altre Terre Viaggi","og_description":"Festa in modalita' Green &amp; Healthy Oggi proponiamo un suggerimento ideale per approfittare positivamente di quest' ultimo periodo estivo: offrire una","og_url":"http:\/\/www.altreterreviaggi.it\/index.php\/blog-green-healthy\/","og_site_name":"Altre Terre Viaggi","article_modified_time":"2024-02-12T08:33:37+00:00","og_image":[{"width":640,"height":427,"url":"http:\/\/www.altreterreviaggi.it\/wp-content\/uploads\/Agrofattoria.jpg","type":"image\/jpeg"}],"twitter_card":"summary_large_image","twitter_misc":{"Tempo di lettura stimato":"3 minuti"},"schema":{"@context":"https:\/\/schema.org","@graph":[{"@type":"WebSite","@id":"http:\/\/www.altreterreviaggi.it\/#website","url":"http:\/\/www.altreterreviaggi.it\/","name":"Altre Terre Viaggi","description":"","potentialAction":[{"@type":"SearchAction","target":{"@type":"EntryPoint","urlTemplate":"http:\/\/www.altreterreviaggi.it\/?s={search_term_string}"},"query-input":"required name=search_term_string"}],"inLanguage":"it-IT"},{"@type":"ImageObject","@id":"http:\/\/www.altreterreviaggi.it\/index.php\/blog-green-healthy\/#primaryimage","inLanguage":"it-IT","url":"http:\/\/www.altreterreviaggi.it\/wp-content\/uploads\/Agrofattoria.jpg","contentUrl":"http:\/\/www.altreterreviaggi.it\/wp-content\/uploads\/Agrofattoria.jpg","width":640,"height":427},{"@type":"WebPage","@id":"http:\/\/www.altreterreviaggi.it\/index.php\/blog-green-healthy\/#webpage","url":"http:\/\/www.altreterreviaggi.it\/index.php\/blog-green-healthy\/","name":"Blog-2-Green & Healthy - Altre Terre Viaggi","isPartOf":{"@id":"http:\/\/www.altreterreviaggi.it\/#website"},"primaryImageOfPage":{"@id":"http:\/\/www.altreterreviaggi.it\/index.php\/blog-green-healthy\/#primaryimage"},"datePublished":"2022-07-04T13:50:43+00:00","dateModified":"2024-02-12T08:33:37+00:00","description":"Festa in modalita' Green &amp; Healthy Oggi proponiamo un suggerimento ideale per approfittare positivamente di quest' ultimo periodo estivo: offrire una","breadcrumb":{"@id":"http:\/\/www.altreterreviaggi.it\/index.php\/blog-green-healthy\/#breadcrumb"},"inLanguage":"it-IT","potentialAction":[{"@type":"ReadAction","target":["http:\/\/www.altreterreviaggi.it\/index.php\/blog-green-healthy\/"]}]},{"@type":"BreadcrumbList","@id":"http:\/\/www.altreterreviaggi.it\/index.php\/blog-green-healthy\/#breadcrumb","itemListElement":[{"@type":"ListItem","position":1,"name":"Blog-2-Green &#038; Healthy"}]}]}},"_links":{"self":[{"href":"http:\/\/www.altreterreviaggi.it\/index.php\/wp-json\/wp\/v2\/pages\/5760"}],"collection":[{"href":"http:\/\/www.altreterreviaggi.it\/index.php\/wp-json\/wp\/v2\/pages"}],"about":[{"href":"http:\/\/www.altreterreviaggi.it\/index.php\/wp-json\/wp\/v2\/types\/page"}],"author":[{"embeddable":true,"href":"http:\/\/www.altreterreviaggi.it\/index.php\/wp-json\/wp\/v2\/users\/1"}],"replies":[{"embeddable":true,"href":"http:\/\/www.altreterreviaggi.it\/index.php\/wp-json\/wp\/v2\/comments?post=5760"}],"version-history":[{"count":10,"href":"http:\/\/www.altreterreviaggi.it\/index.php\/wp-json\/wp\/v2\/pages\/5760\/revisions"}],"predecessor-version":[{"id":8900,"href":"http:\/\/www.altreterreviaggi.it\/index.php\/wp-json\/wp\/v2\/pages\/5760\/revisions\/8900"}],"wp:featuredmedia":[{"embeddable":true,"href":"http:\/\/www.altreterreviaggi.it\/index.php\/wp-json\/wp\/v2\/media\/6259"}],"wp:attachment":[{"href":"http:\/\/www.altreterreviaggi.it\/index.php\/wp-json\/wp\/v2\/media?parent=5760"}],"curies":[{"name":"wp","href":"https:\/\/api.w.org\/{rel}","templated":true}]}}