







{"id":5749,"date":"2022-07-04T15:21:43","date_gmt":"2022-07-04T13:21:43","guid":{"rendered":"http:\/\/www.altreterreviaggi.it\/?page_id=5749"},"modified":"2024-06-14T12:11:37","modified_gmt":"2024-06-14T10:11:37","slug":"blog-wellness-spa","status":"publish","type":"page","link":"http:\/\/www.altreterreviaggi.it\/index.php\/blog-wellness-spa\/","title":{"rendered":"Blog-1-Wellness &#038; Spa"},"content":{"rendered":"<h2><span style=\"color: #800000;\"><strong><em>Il tuo Evento alle Terme<\/em><\/strong><\/span><\/h2>\n<h2><span style=\"color: #800000;\"><strong>Addio al nubilato, compleanno o cosa sceglieresti?<br \/>\nUnire il benessere psicofisico ottimale per il Tuo giorno pi\u00f9 importante alla condivisione di momenti speciali tra amiche (ma vale anche per i boys ovviamente), in una cornice unica con tante coccole tutte dedicate? Certo, \u00e8 possibile ed \u00e8 ormai diffuso in tutte le principali Spa o nei centri Termali d&#8217; Italia e non solo.<\/strong><\/span><\/h2>\n<p style=\"text-align: left;\"><div class=\"third\"><p>\n<p style=\"text-align: center;\"><img loading=\"lazy\" class=\"alignnone wp-image-25123 size-full\" src=\"http:\/\/www.altreterreviaggi.it\/wp-content\/uploads\/wellness-4.jpg\" alt=\"\" width=\"300\" height=\"169\" \/><\/p>\n<\/p><\/div>\n<div class=\"third\"><p>\n<p style=\"text-align: center;\"><img loading=\"lazy\" class=\"alignnone size-full wp-image-25124\" src=\"http:\/\/www.altreterreviaggi.it\/wp-content\/uploads\/wellness1.jpg\" alt=\"\" width=\"300\" height=\"169\" \/><\/p>\n<\/p><\/div>\n<div class=\"third\"><p>\n<p style=\"text-align: center;\"><img loading=\"lazy\" class=\"alignnone size-full wp-image-25125\" src=\"http:\/\/www.altreterreviaggi.it\/wp-content\/uploads\/wellness2.jpg\" alt=\"\" width=\"300\" height=\"169\" \/><\/p>\n<\/p><\/div>\n<h3 style=\"text-align: center;\"><\/h3>\n<h2 style=\"text-align: left;\">Quindi, perch\u00e8 non pensarci per festeggiare alla grande il vostro evento? Se si ha poco tempo, o comunque \u00e8 necessario limitare il budget, oggi \u00e8 un&#8217; alternativa di festa che pu\u00f2 essere anche low cost perch\u00e8 ci sono pacchetti che partono dai 50 euro a persona per una giornata\/serata, a salire fino a pacchetti all inclusive di pi\u00f9 giorni o pi\u00f9 completi per chi desidera e pu\u00f2.<\/h2>\n<h2 style=\"text-align: left;\">I pacchetti di base solitamente prevedono l&#8217; ingresso alla Spa con l&#8217; accesso a piscina, jacuzzi, sauna e bagno turco e gym e\/o aree riservate per l&#8217; occasione, integrabili con un ricco men\u00f9 di massaggi e possibili trattamenti per il viso o per tutto il corpo, inoltre sono personalizzabili con servizi ad hoc pensati per la sposa quali il beauty kit, l&#8217; attuale coroncina hippie bohemian con fiori freschi e si possono aggiungere plus per festeggiare in allegria come il brindisi sotto le stelle in piscina, l&#8217; apericena in esclusiva ( anche in formula light, vegetarian\/vegan) e mini corsi tematici simpatici come la lezione di Pin Up per esaltare la propria femminilit\u00e0 e sex appeal come quello proposto ad esempio da QC Terme (presente in molte location e regioni).<\/h2>\n<p>&nbsp;<\/p>\n<h2>Le\u00a0<strong>ISPIRAZIONI<\/strong>\u00a0che seguono sono alcuni suggerimenti per te,\u00a0<span style=\"color: #008000;\"><strong><a style=\"color: #008000;\" href=\"http:\/\/www.altreterreviaggi.it\/index.php\/contatti-2\/\">CONTATTACI<\/a>\u00a0<\/strong><\/span>per il tuo\u00a0<strong>VIAGGIO<\/strong>\u00a0su misura.<\/h2>\n","protected":false},"excerpt":{"rendered":"<p>Il tuo Evento alle Terme Addio al nubilato, compleanno o cosa sceglieresti? Unire il benessere psicofisico ottimale per il Tuo giorno pi\u00f9 importante alla condivisione di momenti speciali tra amiche (ma vale anche per i boys ovviamente), in una cornice unica con tante coccole tutte dedicate? Certo, \u00e8 possibile ed \u00e8 ormai diffuso in tutte [&hellip;]<\/p>\n","protected":false},"author":1,"featured_media":5750,"parent":0,"menu_order":0,"comment_status":"closed","ping_status":"closed","template":"template-travels.php","meta":[],"yoast_head":"<!-- This site is optimized with the Yoast SEO plugin v18.2 - https:\/\/yoast.com\/wordpress\/plugins\/seo\/ -->\n<meta name=\"description\" content=\"Il tuo Evento alle Terme Addio al nubilato, compleanno o cosa sceglieresti? Unire il benessere psicofisico ottimale per il Tuo giorno pi\u00f9 importante alla\" \/>\n<meta name=\"robots\" content=\"index, follow, max-snippet:-1, max-image-preview:large, max-video-preview:-1\" \/>\n<link rel=\"canonical\" href=\"http:\/\/www.altreterreviaggi.it\/index.php\/blog-wellness-spa\/\" \/>\n<meta property=\"og:locale\" content=\"it_IT\" \/>\n<meta property=\"og:type\" content=\"article\" \/>\n<meta property=\"og:title\" content=\"Blog-1-Wellness &amp; Spa - Altre Terre Viaggi\" \/>\n<meta property=\"og:description\" content=\"Il tuo Evento alle Terme Addio al nubilato, compleanno o cosa sceglieresti? Unire il benessere psicofisico ottimale per il Tuo giorno pi\u00f9 importante alla\" \/>\n<meta property=\"og:url\" content=\"http:\/\/www.altreterreviaggi.it\/index.php\/blog-wellness-spa\/\" \/>\n<meta property=\"og:site_name\" content=\"Altre Terre Viaggi\" \/>\n<meta property=\"article:modified_time\" content=\"2024-06-14T10:11:37+00:00\" \/>\n<meta property=\"og:image\" content=\"http:\/\/www.altreterreviaggi.it\/wp-content\/uploads\/wellnessSpa-1.png\" \/>\n\t<meta property=\"og:image:width\" content=\"640\" \/>\n\t<meta property=\"og:image:height\" content=\"426\" \/>\n\t<meta property=\"og:image:type\" content=\"image\/png\" \/>\n<meta name=\"twitter:card\" content=\"summary_large_image\" \/>\n<meta name=\"twitter:label1\" content=\"Tempo di lettura stimato\" \/>\n\t<meta name=\"twitter:data1\" content=\"2 minuti\" \/>\n<script type=\"application\/ld+json\" class=\"yoast-schema-graph\">{\"@context\":\"https:\/\/schema.org\",\"@graph\":[{\"@type\":\"WebSite\",\"@id\":\"http:\/\/www.altreterreviaggi.it\/#website\",\"url\":\"http:\/\/www.altreterreviaggi.it\/\",\"name\":\"Altre Terre Viaggi\",\"description\":\"\",\"potentialAction\":[{\"@type\":\"SearchAction\",\"target\":{\"@type\":\"EntryPoint\",\"urlTemplate\":\"http:\/\/www.altreterreviaggi.it\/?s={search_term_string}\"},\"query-input\":\"required name=search_term_string\"}],\"inLanguage\":\"it-IT\"},{\"@type\":\"ImageObject\",\"@id\":\"http:\/\/www.altreterreviaggi.it\/index.php\/blog-wellness-spa\/#primaryimage\",\"inLanguage\":\"it-IT\",\"url\":\"http:\/\/www.altreterreviaggi.it\/wp-content\/uploads\/wellnessSpa-1.png\",\"contentUrl\":\"http:\/\/www.altreterreviaggi.it\/wp-content\/uploads\/wellnessSpa-1.png\",\"width\":640,\"height\":426},{\"@type\":\"WebPage\",\"@id\":\"http:\/\/www.altreterreviaggi.it\/index.php\/blog-wellness-spa\/#webpage\",\"url\":\"http:\/\/www.altreterreviaggi.it\/index.php\/blog-wellness-spa\/\",\"name\":\"Blog-1-Wellness & Spa - Altre Terre Viaggi\",\"isPartOf\":{\"@id\":\"http:\/\/www.altreterreviaggi.it\/#website\"},\"primaryImageOfPage\":{\"@id\":\"http:\/\/www.altreterreviaggi.it\/index.php\/blog-wellness-spa\/#primaryimage\"},\"datePublished\":\"2022-07-04T13:21:43+00:00\",\"dateModified\":\"2024-06-14T10:11:37+00:00\",\"description\":\"Il tuo Evento alle Terme Addio al nubilato, compleanno o cosa sceglieresti? Unire il benessere psicofisico ottimale per il Tuo giorno pi\u00f9 importante alla\",\"breadcrumb\":{\"@id\":\"http:\/\/www.altreterreviaggi.it\/index.php\/blog-wellness-spa\/#breadcrumb\"},\"inLanguage\":\"it-IT\",\"potentialAction\":[{\"@type\":\"ReadAction\",\"target\":[\"http:\/\/www.altreterreviaggi.it\/index.php\/blog-wellness-spa\/\"]}]},{\"@type\":\"BreadcrumbList\",\"@id\":\"http:\/\/www.altreterreviaggi.it\/index.php\/blog-wellness-spa\/#breadcrumb\",\"itemListElement\":[{\"@type\":\"ListItem\",\"position\":1,\"name\":\"Blog-1-Wellness &#038; Spa\"}]}]}<\/script>\n<!-- \/ Yoast SEO plugin. -->","yoast_head_json":{"description":"Il tuo Evento alle Terme Addio al nubilato, compleanno o cosa sceglieresti? Unire il benessere psicofisico ottimale per il Tuo giorno pi\u00f9 importante alla","robots":{"index":"index","follow":"follow","max-snippet":"max-snippet:-1","max-image-preview":"max-image-preview:large","max-video-preview":"max-video-preview:-1"},"canonical":"http:\/\/www.altreterreviaggi.it\/index.php\/blog-wellness-spa\/","og_locale":"it_IT","og_type":"article","og_title":"Blog-1-Wellness & Spa - Altre Terre Viaggi","og_description":"Il tuo Evento alle Terme Addio al nubilato, compleanno o cosa sceglieresti? Unire il benessere psicofisico ottimale per il Tuo giorno pi\u00f9 importante alla","og_url":"http:\/\/www.altreterreviaggi.it\/index.php\/blog-wellness-spa\/","og_site_name":"Altre Terre Viaggi","article_modified_time":"2024-06-14T10:11:37+00:00","og_image":[{"width":640,"height":426,"url":"http:\/\/www.altreterreviaggi.it\/wp-content\/uploads\/wellnessSpa-1.png","type":"image\/png"}],"twitter_card":"summary_large_image","twitter_misc":{"Tempo di lettura stimato":"2 minuti"},"schema":{"@context":"https:\/\/schema.org","@graph":[{"@type":"WebSite","@id":"http:\/\/www.altreterreviaggi.it\/#website","url":"http:\/\/www.altreterreviaggi.it\/","name":"Altre Terre Viaggi","description":"","potentialAction":[{"@type":"SearchAction","target":{"@type":"EntryPoint","urlTemplate":"http:\/\/www.altreterreviaggi.it\/?s={search_term_string}"},"query-input":"required name=search_term_string"}],"inLanguage":"it-IT"},{"@type":"ImageObject","@id":"http:\/\/www.altreterreviaggi.it\/index.php\/blog-wellness-spa\/#primaryimage","inLanguage":"it-IT","url":"http:\/\/www.altreterreviaggi.it\/wp-content\/uploads\/wellnessSpa-1.png","contentUrl":"http:\/\/www.altreterreviaggi.it\/wp-content\/uploads\/wellnessSpa-1.png","width":640,"height":426},{"@type":"WebPage","@id":"http:\/\/www.altreterreviaggi.it\/index.php\/blog-wellness-spa\/#webpage","url":"http:\/\/www.altreterreviaggi.it\/index.php\/blog-wellness-spa\/","name":"Blog-1-Wellness & Spa - Altre Terre Viaggi","isPartOf":{"@id":"http:\/\/www.altreterreviaggi.it\/#website"},"primaryImageOfPage":{"@id":"http:\/\/www.altreterreviaggi.it\/index.php\/blog-wellness-spa\/#primaryimage"},"datePublished":"2022-07-04T13:21:43+00:00","dateModified":"2024-06-14T10:11:37+00:00","description":"Il tuo Evento alle Terme Addio al nubilato, compleanno o cosa sceglieresti? Unire il benessere psicofisico ottimale per il Tuo giorno pi\u00f9 importante alla","breadcrumb":{"@id":"http:\/\/www.altreterreviaggi.it\/index.php\/blog-wellness-spa\/#breadcrumb"},"inLanguage":"it-IT","potentialAction":[{"@type":"ReadAction","target":["http:\/\/www.altreterreviaggi.it\/index.php\/blog-wellness-spa\/"]}]},{"@type":"BreadcrumbList","@id":"http:\/\/www.altreterreviaggi.it\/index.php\/blog-wellness-spa\/#breadcrumb","itemListElement":[{"@type":"ListItem","position":1,"name":"Blog-1-Wellness &#038; Spa"}]}]}},"_links":{"self":[{"href":"http:\/\/www.altreterreviaggi.it\/index.php\/wp-json\/wp\/v2\/pages\/5749"}],"collection":[{"href":"http:\/\/www.altreterreviaggi.it\/index.php\/wp-json\/wp\/v2\/pages"}],"about":[{"href":"http:\/\/www.altreterreviaggi.it\/index.php\/wp-json\/wp\/v2\/types\/page"}],"author":[{"embeddable":true,"href":"http:\/\/www.altreterreviaggi.it\/index.php\/wp-json\/wp\/v2\/users\/1"}],"replies":[{"embeddable":true,"href":"http:\/\/www.altreterreviaggi.it\/index.php\/wp-json\/wp\/v2\/comments?post=5749"}],"version-history":[{"count":9,"href":"http:\/\/www.altreterreviaggi.it\/index.php\/wp-json\/wp\/v2\/pages\/5749\/revisions"}],"predecessor-version":[{"id":6323,"href":"http:\/\/www.altreterreviaggi.it\/index.php\/wp-json\/wp\/v2\/pages\/5749\/revisions\/6323"}],"wp:featuredmedia":[{"embeddable":true,"href":"http:\/\/www.altreterreviaggi.it\/index.php\/wp-json\/wp\/v2\/media\/5750"}],"wp:attachment":[{"href":"http:\/\/www.altreterreviaggi.it\/index.php\/wp-json\/wp\/v2\/media?parent=5749"}],"curies":[{"name":"wp","href":"https:\/\/api.w.org\/{rel}","templated":true}]}}