







{"id":5664,"date":"2022-06-10T10:25:50","date_gmt":"2022-06-10T08:25:50","guid":{"rendered":"http:\/\/www.altreterreviaggi.it\/?page_id=5664"},"modified":"2024-06-15T08:51:23","modified_gmt":"2024-06-15T06:51:23","slug":"blog-sulla-via-della-seta","status":"publish","type":"page","link":"http:\/\/www.altreterreviaggi.it\/index.php\/blog-sulla-via-della-seta\/","title":{"rendered":"Blog\u20132-Sulla via della Seta"},"content":{"rendered":"<h2>Tanti anni fa era arrivata al mio ufficio una cartolina raffigurante una moschea con il suo minareto: pur essendo solo una fotografia emanava una luce cos\u00ec ammaliante che mi emozion\u00f2. Proveniva da Samarcanda e giurai che prima o poi avrei raggiunto quell\u2019angolo remoto.<\/h2>\n<h2>E ce l\u2019ho fatta: una notte di agosto finalmente scendo da un aereo nell\u2019aria tiepida e asciutta di Tashkent.<\/h2>\n<h2>La capitale \u00e8 una citt\u00e0 ariosa, con grandi viali, grandi parchi, un enorme mercato pulito e ordinato, ricco di frutta e ortaggi lussurreggianti e profumati e dove comincio a familiarizzare con i visi rotondi, gli occhi leggermente a mandorla e la stupefacente dolcezza di questa gente, nata da innumerevoli mescolanze e compenetrazioni.<\/h2>\n<h2>Poco dopo arriva Samarcanda, \u201cun nome che canta\u201d come scrisse Terzani. Nella piazza del Registan ho pianto e non me ne vergogno. Sar\u00e0 pure molto rimaneggiata, ma l\u2019oro e l\u2019azzurro sfolgorante delle cupole, la maestosit\u00e0 e l\u2019armonia delle proporzioni mi fanno vibrare. Dal Registan lungo corsi maestosi e fioriti si arriva a Shar-i-Zindah, il monumentale viale di tombe le cui piastrelle colorate riempiono gli occhi di luce in un crescendo di bellezza, su fino alla cima della collina da cui si domina il fantastico viale. A Samarcanda senti il grande respiro dell\u2019Asia, il silenzio immoto delle steppe infinite rotto soltanto dal rimbombo ovattato degli zoccoli dei cavalli sull\u2019erba. Tra gli alberi ed i fiori dei parchi filtrano raggi di luce che vanno a riflettersi nelle fontane: guardo i colori e ascolto il continuo gorgoglio dell\u2019acqua che rinfresca solo a sentirlo, come nelle Mille e una Notte.<\/h2>\n<div class=\"half\"><p>\n<p style=\"text-align: center;\"><img loading=\"lazy\" class=\"alignnone size-full wp-image-24523\" src=\"http:\/\/www.altreterreviaggi.it\/wp-content\/uploads\/Sulla-via-della-seta-Khiva-le-mura-1-300x193-1.jpg\" alt=\"\" width=\"300\" height=\"169\" \/><\/p>\n<\/p><\/div>\n<div class=\"half\"><p>\n<p style=\"text-align: center;\"><img loading=\"lazy\" class=\"alignnone size-full wp-image-24524\" src=\"http:\/\/www.altreterreviaggi.it\/wp-content\/uploads\/Sulla-via-della-seta-Shakhr-i-sabz-1-300x197-1.jpg\" alt=\"\" width=\"300\" height=\"169\" \/><\/p>\n<\/p><\/div>\n<h2>E come nelle Mille e una Notte questa sera magica di un giorno magico siamo attratti dalla musica proveniente da un grande giardino. Ci affacciamo al cancello aperto: si sta festeggiando un matrimonio, la gente ci prende per mano, ci porta all\u2019interno, ci offre cibo e bevande, balliamo e ridiamo con loro. Non sanno chi siamo n\u00e8 mai lo sapranno ma ci hanno sorriso e voluti con loro per una notte di festa.<\/h2>\n<h2>Ma Samarcanda e l\u2019Uzbekistan sono anche la terra di Amir Timur, il mitico feroce Tamerlano, eroe nazionale del paese, e dei suoi discendenti. La sua tomba \u00e8 qui a Samarcanda, in una cripta circondata di leggende intriganti e misteriose; qui c\u2019\u00e8 il gigantesco astrolabio costruito da Ul\u00fcgbek, il nipote che prefer\u00ec l\u2019astronomia alla guerra.<\/h2>\n<h2>Shakhr-i-sabz, ad un paio d\u2019ore da Samarcanda, \u00e8 invece la citt\u00e0 natale di Tamerlano. La domina una gigantesca statua del condottiero e di lontano si incunea tra i resti del palazzo in modo da formare un\u2019illusione ottica molto suggestiva. E\u2019 venerd\u00ec, giorno di festa e sotto la statua sfilano le coppie di sposi che per tradizione benaugurale vengono qui a farsi fotografare.<\/h2>\n<h2>C\u2019\u00e8 un\u2019atmosfera mistica tra i resti del palazzo e della moschea, nel Mausoleo del maestro di Timur e nella tomba triste del suo figlio prediletto, morto a soli 22 anni.<\/h2>\n<h2>Dopo aver attraversato una serie di valichi imponenti arriviamo a Bukhara, la pi\u00f9 sacra delle citt\u00e0 dell\u2019Asia Centrale.<\/h2>\n<h2>Bukhara \u00e8 come una favola scritta su di una pergamena che si srotola riga dopo riga sotto i nostri occhi. Inizia dalla Lyabi-Hauz, romantica piazzetta delimitata da scuole coraniche e formata da un piccolo lago. Nella luce del tramonto le forme nere e contorte dei gelsi millenari gettano ombre misteriose sull\u2019acqua dorata.<\/h2>\n<h2>Prosegue in una vera caverna di Al\u00ec Bab\u00e0, colma di autentiche meraviglie: per una volta in un bazar orientale le cianfrusaglie sono soffocate dalla bellezza. La seta fresca e variopinta dei ricami delle \u201csuzanne\u201d butta raggi di luce tra le ombre dei vicoli.<\/h2>\n<h2>La pergamena si srotola ancora e percorrendo una strada soleggiata e polverosa si intravvede la sagoma di una straordinaria cupola blu che si confonde con il cielo. Ammutoliamo perch\u00e8 ad ogni passo sfolgora una nuova cupola o l\u2019arco di un portico con tutti i colori del mondo, finch\u00e8 la piazza del Minareto Kalon si rivela tutta. Kalon in lingua tagika significa grande e grandi e splendidi sono piazza e minareto, tanto che nemmeno Gengis Khan ebbe il coraggio di toccarli.<\/h2>\n<h2>Dall\u2019alto del minareto coni di luce rosata illuminano le 288 cupolette grigie e le tante luminosissime cupole blu della moschea. All\u2019orizzonte, oltre la citt\u00e0, oltre le antiche mura, si intravvede un pezzo di deserto. Nel cortile troneggia un gigantesco gelso e intorno riverberano le decorazioni ricchissime del portico.<\/h2>\n<h2>Samarcanda era il grande respiro dell\u2019Asia, Bukhara \u00e8 luce pura dei suoi spazi infiniti.<\/h2>\n<h2>Il secondo giorno a Bukhara \u00e8 un ripercorrere a ritmo lento gli angoli pi\u00f9 suggestivi e cercarne di nuovi.<\/h2>\n<h2>Scopriamo le Chaikane, le case da th\u00e8 con il patio ombroso, profumo di spezie e dolcetti al sesamo, assaporiamo la vivacit\u00e0 della Liaby-Hauz e dei suoi locali mentre la brezza della sera increspa appena il piccolo lago, compriamo al mercato pieno di luce e odoroso di Medio Oriente, ma dove i visi sono come bambole di porcellana e la frutta gigantesca e perfetta come fosse di cera.<\/h2>\n<h2>Nel tardo pomeriggio assistiamo ad uno spettacolo di marionette che \u00e8 molto pi\u00f9 di quel che mi aspettassi: quattro bravissime ragazze inscenano una pantomima sul matrimonio, quanto mai briosa, profonda e divertente.<\/h2>\n<h2>La cena \u00e8 in una vera casa uzbeka, molto bella, piena di oggetti antichi: ci mostrano con orgoglio una collezione di dischi de \u201cLa voce del padrone\u201d a 78 giri, ne fanno suonare qualcuno su di un vecchissimo grammofono, mentre sul tavolo campeggia un gigantesco riso Plov, il piatto nazionale, con spezie, agnello, verdure, uvetta.<\/h2>\n<h2>L\u2019indomani ci tocca una lunga cavalcata attraverso il deserto prima, sterminati campi di cotone poi, villaggetti fermi nel tempo ed il mitico fiume Amur, che attraversiamo sopra un vecchio ponte.<\/h2>\n<h2>La meta \u00e8 Khiva, ai margini del deserto di Karakalpak e ai confini con il Turkmenistan.<\/h2>\n<p style=\"text-align: center;\"><img loading=\"lazy\" class=\"size-medium wp-image-5672 aligncenter\" src=\"http:\/\/www.altreterreviaggi.it\/wp-content\/uploads\/Sulla-via-della-seta-Bukhara-Minareto-Kalon-1-198x300.jpg\" alt=\"\" width=\"198\" height=\"300\" srcset=\"http:\/\/www.altreterreviaggi.it\/wp-content\/uploads\/Sulla-via-della-seta-Bukhara-Minareto-Kalon-1-198x300.jpg 198w, http:\/\/www.altreterreviaggi.it\/wp-content\/uploads\/Sulla-via-della-seta-Bukhara-Minareto-Kalon-1.jpg 594w\" sizes=\"(max-width: 198px) 100vw, 198px\" \/><\/p>\n<h2>E\u2019 una cittadina color verde smeraldo, circondata da mura di ocra rosato, ricca, quasi troppo ricca, di moschee, madrase, minareti, musei, mausolei, soffitti, porte istoriate. Questa sorta di museo all\u2019aria aperta inizia dalla Ichon-Qala, la porta occidentale, da cui le mura di fango si dispiegano come un\u2019onda merlata e prosegue con una profusione di meraviglie: colonne di legno intarsiate nell\u2019anno mille o gi\u00f9 di l\u00ec, il minareto simbolo di Khiva, a fasce turchesi e rosse, alto e snello come un magico faro, mausolei con le cupole smeraldo, il caravanserraglio tuttora popolato dai mercanti, la fabbrica di tappeti, i mitici \u201cBukhara\u201d, dove le donne mescolano i colori sotto la protezione dell\u2019Unesco. Fortunatamente qui i bambini non intessono tappeti, n\u00e8 fanno altri lavori, i bambini in Uzbekistan d\u2019estate giocano e nel resto dell\u2019anno vanno a scuola.<\/h2>\n<h2>Stasera cadono le stelle e i profili delle cupole e dei minareti si proiettano contro il cielo illuminato dalla luna piena. C\u2019\u00e8 silenzio la sera in queste stradine di terra battuta, incrociamo famiglie che dormono fuori dalle case per difendersi dal soffio caldo del deserto, si odono i nostri passi e poi le nostre risate davanti ad una bottiglia di vodka.<\/h2>\n<h2>E\u2019 finita un\u2019altra volta: dall\u2019aeroporto di Urgench un vecchissimo Tupolev con la carlinga profondamente ferita, ma riverniciato a nuovo nei colori lucenti e vivaci dell\u2019Uzbekistan, ci porta a Tashkent e da l\u00ec scivoliamo nella notte verso l\u2019Italia e i miei occhi sono ancora pieni della luce purissima di Bukhara.<\/h2>\n","protected":false},"excerpt":{"rendered":"<p>Tanti anni fa era arrivata al mio ufficio una cartolina raffigurante una moschea con il suo minareto: pur essendo solo una fotografia emanava una luce cos\u00ec ammaliante che mi emozion\u00f2. Proveniva da Samarcanda e giurai che prima o poi avrei raggiunto quell\u2019angolo remoto. E ce l\u2019ho fatta: una notte di agosto finalmente scendo da un [&hellip;]<\/p>\n","protected":false},"author":1,"featured_media":5673,"parent":0,"menu_order":0,"comment_status":"closed","ping_status":"closed","template":"template-travels.php","meta":[],"yoast_head":"<!-- This site is optimized with the Yoast SEO plugin v18.2 - https:\/\/yoast.com\/wordpress\/plugins\/seo\/ -->\n<meta name=\"description\" content=\"Tanti anni fa era arrivata al mio ufficio una cartolina raffigurante una moschea con il suo minareto: pur essendo solo una fotografia emanava una luce\" \/>\n<meta name=\"robots\" content=\"index, follow, max-snippet:-1, max-image-preview:large, max-video-preview:-1\" \/>\n<link rel=\"canonical\" href=\"http:\/\/www.altreterreviaggi.it\/index.php\/blog-sulla-via-della-seta\/\" \/>\n<meta property=\"og:locale\" content=\"it_IT\" \/>\n<meta property=\"og:type\" content=\"article\" \/>\n<meta property=\"og:title\" content=\"Blog\u20132-Sulla via della Seta - Altre Terre Viaggi\" \/>\n<meta property=\"og:description\" content=\"Tanti anni fa era arrivata al mio ufficio una cartolina raffigurante una moschea con il suo minareto: pur essendo solo una fotografia emanava una luce\" \/>\n<meta property=\"og:url\" content=\"http:\/\/www.altreterreviaggi.it\/index.php\/blog-sulla-via-della-seta\/\" \/>\n<meta property=\"og:site_name\" content=\"Altre Terre Viaggi\" \/>\n<meta property=\"article:modified_time\" content=\"2024-06-15T06:51:23+00:00\" \/>\n<meta property=\"og:image\" content=\"http:\/\/www.altreterreviaggi.it\/wp-content\/uploads\/Sulla-via-della-seta-Khiva-le-mura-1.jpg\" \/>\n\t<meta property=\"og:image:width\" content=\"1024\" \/>\n\t<meta property=\"og:image:height\" content=\"659\" \/>\n\t<meta property=\"og:image:type\" content=\"image\/jpeg\" \/>\n<meta name=\"twitter:card\" content=\"summary_large_image\" \/>\n<meta name=\"twitter:label1\" content=\"Tempo di lettura stimato\" \/>\n\t<meta name=\"twitter:data1\" content=\"7 minuti\" \/>\n<script type=\"application\/ld+json\" class=\"yoast-schema-graph\">{\"@context\":\"https:\/\/schema.org\",\"@graph\":[{\"@type\":\"WebSite\",\"@id\":\"http:\/\/www.altreterreviaggi.it\/#website\",\"url\":\"http:\/\/www.altreterreviaggi.it\/\",\"name\":\"Altre Terre Viaggi\",\"description\":\"\",\"potentialAction\":[{\"@type\":\"SearchAction\",\"target\":{\"@type\":\"EntryPoint\",\"urlTemplate\":\"http:\/\/www.altreterreviaggi.it\/?s={search_term_string}\"},\"query-input\":\"required name=search_term_string\"}],\"inLanguage\":\"it-IT\"},{\"@type\":\"ImageObject\",\"@id\":\"http:\/\/www.altreterreviaggi.it\/index.php\/blog-sulla-via-della-seta\/#primaryimage\",\"inLanguage\":\"it-IT\",\"url\":\"http:\/\/www.altreterreviaggi.it\/wp-content\/uploads\/Sulla-via-della-seta-Khiva-le-mura-1.jpg\",\"contentUrl\":\"http:\/\/www.altreterreviaggi.it\/wp-content\/uploads\/Sulla-via-della-seta-Khiva-le-mura-1.jpg\",\"width\":1024,\"height\":659},{\"@type\":\"WebPage\",\"@id\":\"http:\/\/www.altreterreviaggi.it\/index.php\/blog-sulla-via-della-seta\/#webpage\",\"url\":\"http:\/\/www.altreterreviaggi.it\/index.php\/blog-sulla-via-della-seta\/\",\"name\":\"Blog\u20132-Sulla via della Seta - Altre Terre Viaggi\",\"isPartOf\":{\"@id\":\"http:\/\/www.altreterreviaggi.it\/#website\"},\"primaryImageOfPage\":{\"@id\":\"http:\/\/www.altreterreviaggi.it\/index.php\/blog-sulla-via-della-seta\/#primaryimage\"},\"datePublished\":\"2022-06-10T08:25:50+00:00\",\"dateModified\":\"2024-06-15T06:51:23+00:00\",\"description\":\"Tanti anni fa era arrivata al mio ufficio una cartolina raffigurante una moschea con il suo minareto: pur essendo solo una fotografia emanava una luce\",\"breadcrumb\":{\"@id\":\"http:\/\/www.altreterreviaggi.it\/index.php\/blog-sulla-via-della-seta\/#breadcrumb\"},\"inLanguage\":\"it-IT\",\"potentialAction\":[{\"@type\":\"ReadAction\",\"target\":[\"http:\/\/www.altreterreviaggi.it\/index.php\/blog-sulla-via-della-seta\/\"]}]},{\"@type\":\"BreadcrumbList\",\"@id\":\"http:\/\/www.altreterreviaggi.it\/index.php\/blog-sulla-via-della-seta\/#breadcrumb\",\"itemListElement\":[{\"@type\":\"ListItem\",\"position\":1,\"name\":\"Blog\u20132-Sulla via della Seta\"}]}]}<\/script>\n<!-- \/ Yoast SEO plugin. -->","yoast_head_json":{"description":"Tanti anni fa era arrivata al mio ufficio una cartolina raffigurante una moschea con il suo minareto: pur essendo solo una fotografia emanava una luce","robots":{"index":"index","follow":"follow","max-snippet":"max-snippet:-1","max-image-preview":"max-image-preview:large","max-video-preview":"max-video-preview:-1"},"canonical":"http:\/\/www.altreterreviaggi.it\/index.php\/blog-sulla-via-della-seta\/","og_locale":"it_IT","og_type":"article","og_title":"Blog\u20132-Sulla via della Seta - Altre Terre Viaggi","og_description":"Tanti anni fa era arrivata al mio ufficio una cartolina raffigurante una moschea con il suo minareto: pur essendo solo una fotografia emanava una luce","og_url":"http:\/\/www.altreterreviaggi.it\/index.php\/blog-sulla-via-della-seta\/","og_site_name":"Altre Terre Viaggi","article_modified_time":"2024-06-15T06:51:23+00:00","og_image":[{"width":1024,"height":659,"url":"http:\/\/www.altreterreviaggi.it\/wp-content\/uploads\/Sulla-via-della-seta-Khiva-le-mura-1.jpg","type":"image\/jpeg"}],"twitter_card":"summary_large_image","twitter_misc":{"Tempo di lettura stimato":"7 minuti"},"schema":{"@context":"https:\/\/schema.org","@graph":[{"@type":"WebSite","@id":"http:\/\/www.altreterreviaggi.it\/#website","url":"http:\/\/www.altreterreviaggi.it\/","name":"Altre Terre Viaggi","description":"","potentialAction":[{"@type":"SearchAction","target":{"@type":"EntryPoint","urlTemplate":"http:\/\/www.altreterreviaggi.it\/?s={search_term_string}"},"query-input":"required name=search_term_string"}],"inLanguage":"it-IT"},{"@type":"ImageObject","@id":"http:\/\/www.altreterreviaggi.it\/index.php\/blog-sulla-via-della-seta\/#primaryimage","inLanguage":"it-IT","url":"http:\/\/www.altreterreviaggi.it\/wp-content\/uploads\/Sulla-via-della-seta-Khiva-le-mura-1.jpg","contentUrl":"http:\/\/www.altreterreviaggi.it\/wp-content\/uploads\/Sulla-via-della-seta-Khiva-le-mura-1.jpg","width":1024,"height":659},{"@type":"WebPage","@id":"http:\/\/www.altreterreviaggi.it\/index.php\/blog-sulla-via-della-seta\/#webpage","url":"http:\/\/www.altreterreviaggi.it\/index.php\/blog-sulla-via-della-seta\/","name":"Blog\u20132-Sulla via della Seta - Altre Terre Viaggi","isPartOf":{"@id":"http:\/\/www.altreterreviaggi.it\/#website"},"primaryImageOfPage":{"@id":"http:\/\/www.altreterreviaggi.it\/index.php\/blog-sulla-via-della-seta\/#primaryimage"},"datePublished":"2022-06-10T08:25:50+00:00","dateModified":"2024-06-15T06:51:23+00:00","description":"Tanti anni fa era arrivata al mio ufficio una cartolina raffigurante una moschea con il suo minareto: pur essendo solo una fotografia emanava una luce","breadcrumb":{"@id":"http:\/\/www.altreterreviaggi.it\/index.php\/blog-sulla-via-della-seta\/#breadcrumb"},"inLanguage":"it-IT","potentialAction":[{"@type":"ReadAction","target":["http:\/\/www.altreterreviaggi.it\/index.php\/blog-sulla-via-della-seta\/"]}]},{"@type":"BreadcrumbList","@id":"http:\/\/www.altreterreviaggi.it\/index.php\/blog-sulla-via-della-seta\/#breadcrumb","itemListElement":[{"@type":"ListItem","position":1,"name":"Blog\u20132-Sulla via della Seta"}]}]}},"_links":{"self":[{"href":"http:\/\/www.altreterreviaggi.it\/index.php\/wp-json\/wp\/v2\/pages\/5664"}],"collection":[{"href":"http:\/\/www.altreterreviaggi.it\/index.php\/wp-json\/wp\/v2\/pages"}],"about":[{"href":"http:\/\/www.altreterreviaggi.it\/index.php\/wp-json\/wp\/v2\/types\/page"}],"author":[{"embeddable":true,"href":"http:\/\/www.altreterreviaggi.it\/index.php\/wp-json\/wp\/v2\/users\/1"}],"replies":[{"embeddable":true,"href":"http:\/\/www.altreterreviaggi.it\/index.php\/wp-json\/wp\/v2\/comments?post=5664"}],"version-history":[{"count":15,"href":"http:\/\/www.altreterreviaggi.it\/index.php\/wp-json\/wp\/v2\/pages\/5664\/revisions"}],"predecessor-version":[{"id":25150,"href":"http:\/\/www.altreterreviaggi.it\/index.php\/wp-json\/wp\/v2\/pages\/5664\/revisions\/25150"}],"wp:featuredmedia":[{"embeddable":true,"href":"http:\/\/www.altreterreviaggi.it\/index.php\/wp-json\/wp\/v2\/media\/5673"}],"wp:attachment":[{"href":"http:\/\/www.altreterreviaggi.it\/index.php\/wp-json\/wp\/v2\/media?parent=5664"}],"curies":[{"name":"wp","href":"https:\/\/api.w.org\/{rel}","templated":true}]}}