







{"id":5570,"date":"2022-06-09T09:02:30","date_gmt":"2022-06-09T07:02:30","guid":{"rendered":"http:\/\/www.altreterreviaggi.it\/?page_id=5570"},"modified":"2024-02-12T09:35:19","modified_gmt":"2024-02-12T08:35:19","slug":"blog-ferrari-in-pista-adrenalina-pura","status":"publish","type":"page","link":"http:\/\/www.altreterreviaggi.it\/index.php\/blog-ferrari-in-pista-adrenalina-pura\/","title":{"rendered":"Blog-2-Ferrari in pista, adrenalina pura!"},"content":{"rendered":"<h2 class=\"Textbody\"><span style=\"color: #800000;\">30 maggio, 2022\u00a0da\u00a0angelo e sabrina, posted in\u00a0angelo e sabrina,\u00a0esperienze,\u00a0viaggi<\/span><\/h2>\n<h4 class=\"Textbody\" style=\"margin-bottom: 0cm;\">Ciao a tutti,<br \/>\noggi vorremmo proporvi un \u2018 Esperienza alternativa che abbiamo provato personalmente qualche tempo fa..da Provare!\u00a0Ferrari in Pista, adrenalina pura!!<br \/>\nPoco tempo a disposizione e molta voglia di grandi emozioni?<br \/>\nNon occorre andare lontano, basta una giornata, qualche ora e puoi essere subito protagonista di un\u2019 incredibile avventura, da ricordare e raccontare, come quella che abbiamo fatto noi.<\/h4>\n<h4 class=\"Textbody\" style=\"margin-bottom: 0cm;\">Ripensando alla splendida esperienza che abbiamo provato, e che ripeteremmo subito senza pensarci due volte, avvertiamo ancora un brivido lungo la schiena..come se fossimo di nuovo l\u00ec, in pista, a bordo della rossa, una mitica Ferrari Challenge, la 360 Modena.<\/h4>\n<h4 class=\"Textbody\" style=\"margin-bottom: 0cm;\">Veneto, circuito di Adria (Ro), un pomeriggio di primavera. Il cielo \u00e8 terso, il rombo dei motori in pista, e quello delle vetture all\u2019 ingresso pronte ad effettuare il giro, risuona fragoroso nell\u2019 aria, fino ad arrivare a noi che siamo in piedi ad aspettare sugli spalti il nostro turno. Osserviamo stupiti le vetture, paiono piccole e sfrecciano davanti ai nostri occhi, cerchiamo di registrare l\u2019 immagine con la videocamera, ma \u00e8 difficile, le auto in curva sono quasi impercettibili e le nostre gambe iniziano a tremare. Rinunciamo al video, ci guardiamo stando in silenzio e ci capiamo. Non vogliamo ammetterlo, ma ci sentiamo come bimbi curiosi, ugualmente impauriti ed eccitati. Non \u00e8 che l\u2019 inizio, finalmente ci chiamano, \u00e8 ora.<br \/>\nDa non crederci, una Ferrari fiammante \u00e8 l\u00ec per noi, e non una qualsiasi ma un modello da corsa, un\u2019 auto da Campionato.<\/h4>\n<h4 class=\"Textbody\" style=\"margin-bottom: 0cm; text-align: center;\" align=\"center\">No, non guidiamo noi, il gioiellino ha 400 cv e vola a 300 km\/h.<\/h4>\n<h4 align=\"center\"><a href=\"http:\/\/www.altreterreviaggi.it\/wp-content\/uploads\/pexels-photo-724495.webp\"><img loading=\"lazy\" class=\"alignnone wp-image-5571\" src=\"http:\/\/www.altreterreviaggi.it\/wp-content\/uploads\/pexels-photo-724495-300x200.webp\" alt=\"\" width=\"410\" height=\"273\" srcset=\"http:\/\/www.altreterreviaggi.it\/wp-content\/uploads\/pexels-photo-724495-300x200.webp 300w, http:\/\/www.altreterreviaggi.it\/wp-content\/uploads\/pexels-photo-724495-1024x682.webp 1024w, http:\/\/www.altreterreviaggi.it\/wp-content\/uploads\/pexels-photo-724495-768x512.webp 768w, http:\/\/www.altreterreviaggi.it\/wp-content\/uploads\/pexels-photo-724495.webp 1400w\" sizes=\"(max-width: 410px) 100vw, 410px\" \/><\/a><\/h4>\n<h4>Un fantastico pilota istruttore \u00e8 al posto di guida, pronto per farci provare alcuni giri al suo fianco, condividendo con noi questo momento. Ci infiliamo casco e sottocasco, e un p\u00f2 goffamente, uno alla volta, cerchiamo di nascondere la paura della prima volta infilandoci nell\u2019 abitacolo, sistemandoci su quello strano sedile allestito ad hoc per l\u2019 occasione, ma sappiamo che il tutto si svolge in assoluta sicurezza, quindi prendiamo coraggio e.. via!<\/h4>\n<h4>Quanto successo dopo \u00e8 difficile da descrivere: il cuore a mille, le immagini che si confondono davanti agli occhi, i segni sulla pista che ci ricordano le gare viste in tv, il rumore cos\u00ec unico, il casco che vibra per la velocit\u00e0, il tempo che ci sembra scorrere velocissimo..Possiamo solo dire che \u00e8 stata vera adrenalina, pochi minuti per un\u2019 esperienza unica.<\/h4>\n<h4>C\u2019\u00e8 chi fa \u00a0di questa piccola avventura, un\u2019 idea di regalo diversa dal solito, per trascorrere una giornata incredibile, da soli o in compagnia e per festeggiare con originalit\u00e0 e divertimento puro un<\/h4>\n<h4>momento importante<\/h4>\n<h4>Da provare in vari luoghi, ognuno diverso.<\/h4>\n","protected":false},"excerpt":{"rendered":"<p>30 maggio, 2022\u00a0da\u00a0angelo e sabrina, posted in\u00a0angelo e sabrina,\u00a0esperienze,\u00a0viaggi Ciao a tutti, oggi vorremmo proporvi un \u2018 Esperienza alternativa che abbiamo provato personalmente qualche tempo fa..da Provare!\u00a0Ferrari in Pista, adrenalina pura!! Poco tempo a disposizione e molta voglia di grandi emozioni? Non occorre andare lontano, basta una giornata, qualche ora e puoi essere subito protagonista [&hellip;]<\/p>\n","protected":false},"author":1,"featured_media":5574,"parent":0,"menu_order":0,"comment_status":"closed","ping_status":"closed","template":"template-travels.php","meta":[],"yoast_head":"<!-- This site is optimized with the Yoast SEO plugin v18.2 - https:\/\/yoast.com\/wordpress\/plugins\/seo\/ -->\n<meta name=\"description\" content=\"30 maggio, 2022\u00a0da\u00a0angelo e sabrina, posted in\u00a0angelo e sabrina,\u00a0esperienze,\u00a0viaggi Ciao a tutti, oggi vorremmo proporvi un \u2018 Esperienza alternativa che\" \/>\n<meta name=\"robots\" content=\"index, follow, max-snippet:-1, max-image-preview:large, max-video-preview:-1\" \/>\n<link rel=\"canonical\" href=\"http:\/\/www.altreterreviaggi.it\/index.php\/blog-ferrari-in-pista-adrenalina-pura\/\" \/>\n<meta property=\"og:locale\" content=\"it_IT\" \/>\n<meta property=\"og:type\" content=\"article\" \/>\n<meta property=\"og:title\" content=\"Blog-2-Ferrari in pista, adrenalina pura! - Altre Terre Viaggi\" \/>\n<meta property=\"og:description\" content=\"30 maggio, 2022\u00a0da\u00a0angelo e sabrina, posted in\u00a0angelo e sabrina,\u00a0esperienze,\u00a0viaggi Ciao a tutti, oggi vorremmo proporvi un \u2018 Esperienza alternativa che\" \/>\n<meta property=\"og:url\" content=\"http:\/\/www.altreterreviaggi.it\/index.php\/blog-ferrari-in-pista-adrenalina-pura\/\" \/>\n<meta property=\"og:site_name\" content=\"Altre Terre Viaggi\" \/>\n<meta property=\"article:modified_time\" content=\"2024-02-12T08:35:19+00:00\" \/>\n<meta property=\"og:image\" content=\"http:\/\/www.altreterreviaggi.it\/wp-content\/uploads\/Ferrari1.jpg\" \/>\n\t<meta property=\"og:image:width\" content=\"510\" \/>\n\t<meta property=\"og:image:height\" content=\"340\" \/>\n\t<meta property=\"og:image:type\" content=\"image\/jpeg\" \/>\n<meta name=\"twitter:card\" content=\"summary_large_image\" \/>\n<meta name=\"twitter:label1\" content=\"Tempo di lettura stimato\" \/>\n\t<meta name=\"twitter:data1\" content=\"3 minuti\" \/>\n<script type=\"application\/ld+json\" class=\"yoast-schema-graph\">{\"@context\":\"https:\/\/schema.org\",\"@graph\":[{\"@type\":\"WebSite\",\"@id\":\"http:\/\/www.altreterreviaggi.it\/#website\",\"url\":\"http:\/\/www.altreterreviaggi.it\/\",\"name\":\"Altre Terre Viaggi\",\"description\":\"\",\"potentialAction\":[{\"@type\":\"SearchAction\",\"target\":{\"@type\":\"EntryPoint\",\"urlTemplate\":\"http:\/\/www.altreterreviaggi.it\/?s={search_term_string}\"},\"query-input\":\"required name=search_term_string\"}],\"inLanguage\":\"it-IT\"},{\"@type\":\"ImageObject\",\"@id\":\"http:\/\/www.altreterreviaggi.it\/index.php\/blog-ferrari-in-pista-adrenalina-pura\/#primaryimage\",\"inLanguage\":\"it-IT\",\"url\":\"http:\/\/www.altreterreviaggi.it\/wp-content\/uploads\/Ferrari1.jpg\",\"contentUrl\":\"http:\/\/www.altreterreviaggi.it\/wp-content\/uploads\/Ferrari1.jpg\",\"width\":510,\"height\":340},{\"@type\":\"WebPage\",\"@id\":\"http:\/\/www.altreterreviaggi.it\/index.php\/blog-ferrari-in-pista-adrenalina-pura\/#webpage\",\"url\":\"http:\/\/www.altreterreviaggi.it\/index.php\/blog-ferrari-in-pista-adrenalina-pura\/\",\"name\":\"Blog-2-Ferrari in pista, adrenalina pura! - Altre Terre Viaggi\",\"isPartOf\":{\"@id\":\"http:\/\/www.altreterreviaggi.it\/#website\"},\"primaryImageOfPage\":{\"@id\":\"http:\/\/www.altreterreviaggi.it\/index.php\/blog-ferrari-in-pista-adrenalina-pura\/#primaryimage\"},\"datePublished\":\"2022-06-09T07:02:30+00:00\",\"dateModified\":\"2024-02-12T08:35:19+00:00\",\"description\":\"30 maggio, 2022\u00a0da\u00a0angelo e sabrina, posted in\u00a0angelo e sabrina,\u00a0esperienze,\u00a0viaggi Ciao a tutti, oggi vorremmo proporvi un \u2018 Esperienza alternativa che\",\"breadcrumb\":{\"@id\":\"http:\/\/www.altreterreviaggi.it\/index.php\/blog-ferrari-in-pista-adrenalina-pura\/#breadcrumb\"},\"inLanguage\":\"it-IT\",\"potentialAction\":[{\"@type\":\"ReadAction\",\"target\":[\"http:\/\/www.altreterreviaggi.it\/index.php\/blog-ferrari-in-pista-adrenalina-pura\/\"]}]},{\"@type\":\"BreadcrumbList\",\"@id\":\"http:\/\/www.altreterreviaggi.it\/index.php\/blog-ferrari-in-pista-adrenalina-pura\/#breadcrumb\",\"itemListElement\":[{\"@type\":\"ListItem\",\"position\":1,\"name\":\"Blog-2-Ferrari in pista, adrenalina pura!\"}]}]}<\/script>\n<!-- \/ Yoast SEO plugin. -->","yoast_head_json":{"description":"30 maggio, 2022\u00a0da\u00a0angelo e sabrina, posted in\u00a0angelo e sabrina,\u00a0esperienze,\u00a0viaggi Ciao a tutti, oggi vorremmo proporvi un \u2018 Esperienza alternativa che","robots":{"index":"index","follow":"follow","max-snippet":"max-snippet:-1","max-image-preview":"max-image-preview:large","max-video-preview":"max-video-preview:-1"},"canonical":"http:\/\/www.altreterreviaggi.it\/index.php\/blog-ferrari-in-pista-adrenalina-pura\/","og_locale":"it_IT","og_type":"article","og_title":"Blog-2-Ferrari in pista, adrenalina pura! - Altre Terre Viaggi","og_description":"30 maggio, 2022\u00a0da\u00a0angelo e sabrina, posted in\u00a0angelo e sabrina,\u00a0esperienze,\u00a0viaggi Ciao a tutti, oggi vorremmo proporvi un \u2018 Esperienza alternativa che","og_url":"http:\/\/www.altreterreviaggi.it\/index.php\/blog-ferrari-in-pista-adrenalina-pura\/","og_site_name":"Altre Terre Viaggi","article_modified_time":"2024-02-12T08:35:19+00:00","og_image":[{"width":510,"height":340,"url":"http:\/\/www.altreterreviaggi.it\/wp-content\/uploads\/Ferrari1.jpg","type":"image\/jpeg"}],"twitter_card":"summary_large_image","twitter_misc":{"Tempo di lettura stimato":"3 minuti"},"schema":{"@context":"https:\/\/schema.org","@graph":[{"@type":"WebSite","@id":"http:\/\/www.altreterreviaggi.it\/#website","url":"http:\/\/www.altreterreviaggi.it\/","name":"Altre Terre Viaggi","description":"","potentialAction":[{"@type":"SearchAction","target":{"@type":"EntryPoint","urlTemplate":"http:\/\/www.altreterreviaggi.it\/?s={search_term_string}"},"query-input":"required name=search_term_string"}],"inLanguage":"it-IT"},{"@type":"ImageObject","@id":"http:\/\/www.altreterreviaggi.it\/index.php\/blog-ferrari-in-pista-adrenalina-pura\/#primaryimage","inLanguage":"it-IT","url":"http:\/\/www.altreterreviaggi.it\/wp-content\/uploads\/Ferrari1.jpg","contentUrl":"http:\/\/www.altreterreviaggi.it\/wp-content\/uploads\/Ferrari1.jpg","width":510,"height":340},{"@type":"WebPage","@id":"http:\/\/www.altreterreviaggi.it\/index.php\/blog-ferrari-in-pista-adrenalina-pura\/#webpage","url":"http:\/\/www.altreterreviaggi.it\/index.php\/blog-ferrari-in-pista-adrenalina-pura\/","name":"Blog-2-Ferrari in pista, adrenalina pura! - Altre Terre Viaggi","isPartOf":{"@id":"http:\/\/www.altreterreviaggi.it\/#website"},"primaryImageOfPage":{"@id":"http:\/\/www.altreterreviaggi.it\/index.php\/blog-ferrari-in-pista-adrenalina-pura\/#primaryimage"},"datePublished":"2022-06-09T07:02:30+00:00","dateModified":"2024-02-12T08:35:19+00:00","description":"30 maggio, 2022\u00a0da\u00a0angelo e sabrina, posted in\u00a0angelo e sabrina,\u00a0esperienze,\u00a0viaggi Ciao a tutti, oggi vorremmo proporvi un \u2018 Esperienza alternativa che","breadcrumb":{"@id":"http:\/\/www.altreterreviaggi.it\/index.php\/blog-ferrari-in-pista-adrenalina-pura\/#breadcrumb"},"inLanguage":"it-IT","potentialAction":[{"@type":"ReadAction","target":["http:\/\/www.altreterreviaggi.it\/index.php\/blog-ferrari-in-pista-adrenalina-pura\/"]}]},{"@type":"BreadcrumbList","@id":"http:\/\/www.altreterreviaggi.it\/index.php\/blog-ferrari-in-pista-adrenalina-pura\/#breadcrumb","itemListElement":[{"@type":"ListItem","position":1,"name":"Blog-2-Ferrari in pista, adrenalina pura!"}]}]}},"_links":{"self":[{"href":"http:\/\/www.altreterreviaggi.it\/index.php\/wp-json\/wp\/v2\/pages\/5570"}],"collection":[{"href":"http:\/\/www.altreterreviaggi.it\/index.php\/wp-json\/wp\/v2\/pages"}],"about":[{"href":"http:\/\/www.altreterreviaggi.it\/index.php\/wp-json\/wp\/v2\/types\/page"}],"author":[{"embeddable":true,"href":"http:\/\/www.altreterreviaggi.it\/index.php\/wp-json\/wp\/v2\/users\/1"}],"replies":[{"embeddable":true,"href":"http:\/\/www.altreterreviaggi.it\/index.php\/wp-json\/wp\/v2\/comments?post=5570"}],"version-history":[{"count":8,"href":"http:\/\/www.altreterreviaggi.it\/index.php\/wp-json\/wp\/v2\/pages\/5570\/revisions"}],"predecessor-version":[{"id":8903,"href":"http:\/\/www.altreterreviaggi.it\/index.php\/wp-json\/wp\/v2\/pages\/5570\/revisions\/8903"}],"wp:featuredmedia":[{"embeddable":true,"href":"http:\/\/www.altreterreviaggi.it\/index.php\/wp-json\/wp\/v2\/media\/5574"}],"wp:attachment":[{"href":"http:\/\/www.altreterreviaggi.it\/index.php\/wp-json\/wp\/v2\/media?parent=5570"}],"curies":[{"name":"wp","href":"https:\/\/api.w.org\/{rel}","templated":true}]}}