







{"id":5557,"date":"2022-06-08T16:30:03","date_gmt":"2022-06-08T14:30:03","guid":{"rendered":"http:\/\/www.altreterreviaggi.it\/?page_id=5557"},"modified":"2024-06-13T21:45:53","modified_gmt":"2024-06-13T19:45:53","slug":"blog-malta-e-ora-di-tornarci","status":"publish","type":"page","link":"http:\/\/www.altreterreviaggi.it\/index.php\/blog-malta-e-ora-di-tornarci\/","title":{"rendered":"Blog-2-Malta.. E&#8217; ora di Tornarci"},"content":{"rendered":"<h2 style=\"margin: 0cm 0cm 2.4pt 0cm;\"><strong><span style=\"font-family: Karla; color: #800000;\">Malta..\u00e8 ora di\u00a0tornarci<\/span><\/strong><\/h2>\n<h2>Ciao,<br \/>\nvi abbiamo parlato della nostra passione per l\u2019\u00a0Isola di Malta, ebbene la passione continua e non vediamo l\u2019 ora di poterci tornare, quindi perch\u00e8 non programmarci il\u00a0prossimo viaggio?!<br \/>\nE\u2019 una\u00a0meta ideale\u00a0anche per questo periodo per un bel\u00a0weekend\u00a0o anche una\u00a0settimana rilassante, il clima \u00e8 piacevole e non mancano le tante\u00a0occasioni di svago. Ci sono tantissime escursioni ed attivit\u00e0 quotidiane che si possono fare quindi non si corre certo il rischio di annoiarsi.<\/h2>\n<h2>Le Isole Maltesi offrono un\u00a0<strong>eccezionale contrasto di colori<\/strong>: l\u2019azzurro del Mediterraneo, il calcare color miele che caratterizza l\u2019architettura e un cielo terso. Le Isole sono una festa per tutti i sensi.\u00a0L\u2019\u00a0<strong>arcipelago maltese<\/strong>\u00a0si trova virtualmente al centro del Mediterraneo, Malta \u00e8 a 93 km a sud della Sicilia e a 288 km a nord dell\u2019Africa. L\u2019arcipelago \u00e8 costituito da tre isole: Malta, Gozo e Comino con una popolazione totale di 400.000 abitanti su un\u2019area di 316 kmq.\u00a0Malta \u00e8 l\u2019isola pi\u00f9 grande e il centro culturale, commerciale e amministrativo.<strong>\u00a0Gozo<\/strong>\u00a0\u00e8 la seconda isola per dimensioni ed \u00e8 pi\u00f9 rurale, caratterizzata dalla pesca, dal turismo, dall\u2019artigianato e dall\u2019agricoltura, mentre\u00a0<strong>Comino<\/strong>\u00a0\u00e8 perlopi\u00f9 disabitata.<\/h2>\n<h2>Ovunque voi andiate c\u2019\u00e8 una testimonianza storica unica ad attendervi.\u00a0<strong>Templi, palazzi, cattedrali e fortini, siti Unesco\u00a0<\/strong>vi offrono un emozionante impatto con la storia, l\u2019 arte e la cultura, che potete quasi toccare. La lunga relazione tra gli abitanti delle isole e le varie nazionalit\u00e0 che hanno occupato Malta attraverso i secoli ha creato un connubio di stili e di tradizioni, conferendo alle isole una cultura eclettica e ricca di fascino.<\/h2>\n<h2>I\u00a0<strong>suoni<\/strong>\u00a0giocano un ruolo importante nella vita delle Isole. L\u2019insieme dei fuochi d\u2019artificio e delle marce della banda del villaggio, i tanti concerti e manifestazioni trasformano\u00a0una notte d\u2019estate in un ricordo speciale. Il vantaggio di un soggiorno nelle Isole Maltesi \u00e8 che potete vivere\u00a0<strong>tante vacanze in una<\/strong>.<\/h2>\n<h2>La\u00a0<strong>cucina<\/strong>\u00a0stessa rappresenta un assaggio del patrimonio multiculturale dell\u2019isola. I ristoranti locali offrono una selezione creativa di pietanze allettanti. Dopo cena invitanti\u00a0<strong>night club, wine bar e casin\u00f2\u00a0<\/strong>vi attendono per regalarvi nuove emozioni.<\/h2>\n<h2>Le<strong>\u00a0acque<\/strong>\u00a0delle coste maltesi sono limpide e sicure, non ci sono maree e in estate la temperatura media del mare \u00e8 intorno ai 22.8\u00baC. La piovosit\u00e0 media annuale \u00e8 bassa.\u00a0Le<strong>\u00a0estati<\/strong> sono calde ma spesso mitigate dalla brezza marina. Giugno \u00e8 il mese ideale per poter prendere la tintarella e tuffarsi nelle acque del Mediterraneo, luglio e settembre sono i mesi estivi per eccellenza (in media 30\u00baC ) mentre agosto \u00e8 il mese pi\u00f9 caldo \u00e8 affollato (in media 40oC).<\/h2>\n<h2>E&#8217; possibile fare il bagno anche nei\u00a0mesi autunnali, anche perch\u00e9 la bella stagione pu\u00f2 durare fino ad ottobre inoltrato, le temperature non sono ancora troppo basse e le giornate sono quiete e assolate. La primavera \u00e8 una stagione piena di sorprese: un alternarsi di pioggia breve e belle giornate di sole, ideali per abbronzarsi sulla spiaggia e rilassarsi, con un clima molto piacevole. Sebbene l\u2019 inverno sia mite, da novembre a febbraio \u00e8 sconsigliabile fare il bagno, la temperatura dell\u2019acqua \u00e8 fredda per effetto dei venti del nord e del nordest dell\u2019 Europa centrale, sono i mesi ideali per scoprire in tranquillit\u00e0 i tanti tesori dell\u2019 isola e dell\u2019 arcipelago!<\/h2>\n<h2>Con un clima estremamente soleggiato, le spiagge e le calette incantevoli, una vita notturna fiorente e 7.000 anni di storia affascinante, ci sono davvero\u00a0molte cose da vedere e da fare!<br \/>\nNumerose possibilit\u00e0 di\u00a0escursioni, attivit\u00e0\u00a0per tutti e\u00a0sport di qualsiasi genere, richiedeteci le nostre proposte per viaggi e vacanze a Malta, proponiamo offerte per soggiorni, hotel, voli e il\u00a0nostro ricco programma di escursioni!<\/h2>\n","protected":false},"excerpt":{"rendered":"<p>Malta..\u00e8 ora di\u00a0tornarci Ciao, vi abbiamo parlato della nostra passione per l\u2019\u00a0Isola di Malta, ebbene la passione continua e non vediamo l\u2019 ora di poterci tornare, quindi perch\u00e8 non programmarci il\u00a0prossimo viaggio?! E\u2019 una\u00a0meta ideale\u00a0anche per questo periodo per un bel\u00a0weekend\u00a0o anche una\u00a0settimana rilassante, il clima \u00e8 piacevole e non mancano le tante\u00a0occasioni di svago. [&hellip;]<\/p>\n","protected":false},"author":1,"featured_media":5457,"parent":0,"menu_order":0,"comment_status":"closed","ping_status":"closed","template":"template-travels.php","meta":[],"yoast_head":"<!-- This site is optimized with the Yoast SEO plugin v18.2 - https:\/\/yoast.com\/wordpress\/plugins\/seo\/ -->\n<meta name=\"description\" content=\"Malta..\u00e8 ora di\u00a0tornarci Ciao, vi abbiamo parlato della nostra passione per l\u2019\u00a0Isola di Malta, ebbene la passione continua e non vediamo l\u2019 ora di poterci\" \/>\n<meta name=\"robots\" content=\"index, follow, max-snippet:-1, max-image-preview:large, max-video-preview:-1\" \/>\n<link rel=\"canonical\" href=\"http:\/\/www.altreterreviaggi.it\/index.php\/blog-malta-e-ora-di-tornarci\/\" \/>\n<meta property=\"og:locale\" content=\"it_IT\" \/>\n<meta property=\"og:type\" content=\"article\" \/>\n<meta property=\"og:title\" content=\"Blog-2-Malta.. E&#039; ora di Tornarci - Altre Terre Viaggi\" \/>\n<meta property=\"og:description\" content=\"Malta..\u00e8 ora di\u00a0tornarci Ciao, vi abbiamo parlato della nostra passione per l\u2019\u00a0Isola di Malta, ebbene la passione continua e non vediamo l\u2019 ora di poterci\" \/>\n<meta property=\"og:url\" content=\"http:\/\/www.altreterreviaggi.it\/index.php\/blog-malta-e-ora-di-tornarci\/\" \/>\n<meta property=\"og:site_name\" content=\"Altre Terre Viaggi\" \/>\n<meta property=\"article:modified_time\" content=\"2024-06-13T19:45:53+00:00\" \/>\n<meta property=\"og:image\" content=\"http:\/\/www.altreterreviaggi.it\/wp-content\/uploads\/Malta1-06-06-22.jpg\" \/>\n\t<meta property=\"og:image:width\" content=\"640\" \/>\n\t<meta property=\"og:image:height\" content=\"427\" \/>\n\t<meta property=\"og:image:type\" content=\"image\/jpeg\" \/>\n<meta name=\"twitter:card\" content=\"summary_large_image\" \/>\n<meta name=\"twitter:label1\" content=\"Tempo di lettura stimato\" \/>\n\t<meta name=\"twitter:data1\" content=\"4 minuti\" \/>\n<script type=\"application\/ld+json\" class=\"yoast-schema-graph\">{\"@context\":\"https:\/\/schema.org\",\"@graph\":[{\"@type\":\"WebSite\",\"@id\":\"http:\/\/www.altreterreviaggi.it\/#website\",\"url\":\"http:\/\/www.altreterreviaggi.it\/\",\"name\":\"Altre Terre Viaggi\",\"description\":\"\",\"potentialAction\":[{\"@type\":\"SearchAction\",\"target\":{\"@type\":\"EntryPoint\",\"urlTemplate\":\"http:\/\/www.altreterreviaggi.it\/?s={search_term_string}\"},\"query-input\":\"required name=search_term_string\"}],\"inLanguage\":\"it-IT\"},{\"@type\":\"ImageObject\",\"@id\":\"http:\/\/www.altreterreviaggi.it\/index.php\/blog-malta-e-ora-di-tornarci\/#primaryimage\",\"inLanguage\":\"it-IT\",\"url\":\"http:\/\/www.altreterreviaggi.it\/wp-content\/uploads\/Malta1-06-06-22.jpg\",\"contentUrl\":\"http:\/\/www.altreterreviaggi.it\/wp-content\/uploads\/Malta1-06-06-22.jpg\",\"width\":640,\"height\":427},{\"@type\":\"WebPage\",\"@id\":\"http:\/\/www.altreterreviaggi.it\/index.php\/blog-malta-e-ora-di-tornarci\/#webpage\",\"url\":\"http:\/\/www.altreterreviaggi.it\/index.php\/blog-malta-e-ora-di-tornarci\/\",\"name\":\"Blog-2-Malta.. E' ora di Tornarci - Altre Terre Viaggi\",\"isPartOf\":{\"@id\":\"http:\/\/www.altreterreviaggi.it\/#website\"},\"primaryImageOfPage\":{\"@id\":\"http:\/\/www.altreterreviaggi.it\/index.php\/blog-malta-e-ora-di-tornarci\/#primaryimage\"},\"datePublished\":\"2022-06-08T14:30:03+00:00\",\"dateModified\":\"2024-06-13T19:45:53+00:00\",\"description\":\"Malta..\u00e8 ora di\u00a0tornarci Ciao, vi abbiamo parlato della nostra passione per l\u2019\u00a0Isola di Malta, ebbene la passione continua e non vediamo l\u2019 ora di poterci\",\"breadcrumb\":{\"@id\":\"http:\/\/www.altreterreviaggi.it\/index.php\/blog-malta-e-ora-di-tornarci\/#breadcrumb\"},\"inLanguage\":\"it-IT\",\"potentialAction\":[{\"@type\":\"ReadAction\",\"target\":[\"http:\/\/www.altreterreviaggi.it\/index.php\/blog-malta-e-ora-di-tornarci\/\"]}]},{\"@type\":\"BreadcrumbList\",\"@id\":\"http:\/\/www.altreterreviaggi.it\/index.php\/blog-malta-e-ora-di-tornarci\/#breadcrumb\",\"itemListElement\":[{\"@type\":\"ListItem\",\"position\":1,\"name\":\"Blog-2-Malta.. E&#8217; ora di Tornarci\"}]}]}<\/script>\n<!-- \/ Yoast SEO plugin. -->","yoast_head_json":{"description":"Malta..\u00e8 ora di\u00a0tornarci Ciao, vi abbiamo parlato della nostra passione per l\u2019\u00a0Isola di Malta, ebbene la passione continua e non vediamo l\u2019 ora di poterci","robots":{"index":"index","follow":"follow","max-snippet":"max-snippet:-1","max-image-preview":"max-image-preview:large","max-video-preview":"max-video-preview:-1"},"canonical":"http:\/\/www.altreterreviaggi.it\/index.php\/blog-malta-e-ora-di-tornarci\/","og_locale":"it_IT","og_type":"article","og_title":"Blog-2-Malta.. E' ora di Tornarci - Altre Terre Viaggi","og_description":"Malta..\u00e8 ora di\u00a0tornarci Ciao, vi abbiamo parlato della nostra passione per l\u2019\u00a0Isola di Malta, ebbene la passione continua e non vediamo l\u2019 ora di poterci","og_url":"http:\/\/www.altreterreviaggi.it\/index.php\/blog-malta-e-ora-di-tornarci\/","og_site_name":"Altre Terre Viaggi","article_modified_time":"2024-06-13T19:45:53+00:00","og_image":[{"width":640,"height":427,"url":"http:\/\/www.altreterreviaggi.it\/wp-content\/uploads\/Malta1-06-06-22.jpg","type":"image\/jpeg"}],"twitter_card":"summary_large_image","twitter_misc":{"Tempo di lettura stimato":"4 minuti"},"schema":{"@context":"https:\/\/schema.org","@graph":[{"@type":"WebSite","@id":"http:\/\/www.altreterreviaggi.it\/#website","url":"http:\/\/www.altreterreviaggi.it\/","name":"Altre Terre Viaggi","description":"","potentialAction":[{"@type":"SearchAction","target":{"@type":"EntryPoint","urlTemplate":"http:\/\/www.altreterreviaggi.it\/?s={search_term_string}"},"query-input":"required name=search_term_string"}],"inLanguage":"it-IT"},{"@type":"ImageObject","@id":"http:\/\/www.altreterreviaggi.it\/index.php\/blog-malta-e-ora-di-tornarci\/#primaryimage","inLanguage":"it-IT","url":"http:\/\/www.altreterreviaggi.it\/wp-content\/uploads\/Malta1-06-06-22.jpg","contentUrl":"http:\/\/www.altreterreviaggi.it\/wp-content\/uploads\/Malta1-06-06-22.jpg","width":640,"height":427},{"@type":"WebPage","@id":"http:\/\/www.altreterreviaggi.it\/index.php\/blog-malta-e-ora-di-tornarci\/#webpage","url":"http:\/\/www.altreterreviaggi.it\/index.php\/blog-malta-e-ora-di-tornarci\/","name":"Blog-2-Malta.. E' ora di Tornarci - Altre Terre Viaggi","isPartOf":{"@id":"http:\/\/www.altreterreviaggi.it\/#website"},"primaryImageOfPage":{"@id":"http:\/\/www.altreterreviaggi.it\/index.php\/blog-malta-e-ora-di-tornarci\/#primaryimage"},"datePublished":"2022-06-08T14:30:03+00:00","dateModified":"2024-06-13T19:45:53+00:00","description":"Malta..\u00e8 ora di\u00a0tornarci Ciao, vi abbiamo parlato della nostra passione per l\u2019\u00a0Isola di Malta, ebbene la passione continua e non vediamo l\u2019 ora di poterci","breadcrumb":{"@id":"http:\/\/www.altreterreviaggi.it\/index.php\/blog-malta-e-ora-di-tornarci\/#breadcrumb"},"inLanguage":"it-IT","potentialAction":[{"@type":"ReadAction","target":["http:\/\/www.altreterreviaggi.it\/index.php\/blog-malta-e-ora-di-tornarci\/"]}]},{"@type":"BreadcrumbList","@id":"http:\/\/www.altreterreviaggi.it\/index.php\/blog-malta-e-ora-di-tornarci\/#breadcrumb","itemListElement":[{"@type":"ListItem","position":1,"name":"Blog-2-Malta.. E&#8217; ora di Tornarci"}]}]}},"_links":{"self":[{"href":"http:\/\/www.altreterreviaggi.it\/index.php\/wp-json\/wp\/v2\/pages\/5557"}],"collection":[{"href":"http:\/\/www.altreterreviaggi.it\/index.php\/wp-json\/wp\/v2\/pages"}],"about":[{"href":"http:\/\/www.altreterreviaggi.it\/index.php\/wp-json\/wp\/v2\/types\/page"}],"author":[{"embeddable":true,"href":"http:\/\/www.altreterreviaggi.it\/index.php\/wp-json\/wp\/v2\/users\/1"}],"replies":[{"embeddable":true,"href":"http:\/\/www.altreterreviaggi.it\/index.php\/wp-json\/wp\/v2\/comments?post=5557"}],"version-history":[{"count":8,"href":"http:\/\/www.altreterreviaggi.it\/index.php\/wp-json\/wp\/v2\/pages\/5557\/revisions"}],"predecessor-version":[{"id":25091,"href":"http:\/\/www.altreterreviaggi.it\/index.php\/wp-json\/wp\/v2\/pages\/5557\/revisions\/25091"}],"wp:featuredmedia":[{"embeddable":true,"href":"http:\/\/www.altreterreviaggi.it\/index.php\/wp-json\/wp\/v2\/media\/5457"}],"wp:attachment":[{"href":"http:\/\/www.altreterreviaggi.it\/index.php\/wp-json\/wp\/v2\/media?parent=5557"}],"curies":[{"name":"wp","href":"https:\/\/api.w.org\/{rel}","templated":true}]}}