







{"id":5050,"date":"2022-03-16T17:30:27","date_gmt":"2022-03-16T16:30:27","guid":{"rendered":"http:\/\/www.altreterreviaggi.it\/?page_id=5050"},"modified":"2024-02-12T10:03:49","modified_gmt":"2024-02-12T09:03:49","slug":"maldive-blog","status":"publish","type":"page","link":"http:\/\/www.altreterreviaggi.it\/index.php\/maldive-blog\/","title":{"rendered":"Blog-2-Maldive"},"content":{"rendered":"<h2><strong><span style=\"color: #800000;\">Viaggio alle Maldive<\/span><\/strong><\/h2>\n<h2><span style=\"color: #800000;\">07\u00a0 gennaio, 2022 da angelo e sabrina,<\/span><\/h2>\n<p>&nbsp;<\/p>\n<h4>Ciao a tutti,<\/h4>\n<h4>non siamo spariti, solo che negli ultimi mesi siamo stati assorbiti in una meravigliosa esperienza: <strong>il nostro matrimonio!<\/strong><\/h4>\n<h4>Siamo da poco rientrati dal nostro <strong>viaggio di nozze alle Maldive<\/strong>, e vogliamo condividerlo con voi, riprendendo da qui i nostri post su questo blog che ci auguriamo cresca sempre pi\u00f9.<\/h4>\n<h4><\/h4>\n<h4>Mal\u00e8 Nord \u2013 <strong>Asdu Sun Island Resort<\/strong>:\u00a0 microatollo circondato da un <strong>meraviglioso reef, acque cristalline<\/strong> da cartolina popolate dai pi\u00f9 <strong>incredibili pesci<\/strong> dai\u00a0 colori dell\u2019 arcobaleno e coralli multiformi, <strong>natura incontaminata<\/strong>, uccelli di varie specie, solo 30 bungalow sulla sabbia <strong>a due passi dal mare<\/strong>.. per <strong>noi un sogno<\/strong>.<\/h4>\n<h4><img loading=\"lazy\" class=\"alignnone size-medium wp-image-5062\" src=\"http:\/\/www.altreterreviaggi.it\/wp-content\/uploads\/maldive2009-035.jpg-300x225.jpg\" alt=\"\" width=\"300\" height=\"225\" srcset=\"http:\/\/www.altreterreviaggi.it\/wp-content\/uploads\/maldive2009-035.jpg-300x225.jpg 300w, http:\/\/www.altreterreviaggi.it\/wp-content\/uploads\/maldive2009-035.jpg-1024x768.jpg 1024w, http:\/\/www.altreterreviaggi.it\/wp-content\/uploads\/maldive2009-035.jpg-768x576.jpg 768w, http:\/\/www.altreterreviaggi.it\/wp-content\/uploads\/maldive2009-035.jpg-1536x1152.jpg 1536w, http:\/\/www.altreterreviaggi.it\/wp-content\/uploads\/maldive2009-035.jpg.jpg 2016w\" sizes=\"(max-width: 300px) 100vw, 300px\" \/><\/h4>\n<h4><strong>La struttura \u00e8 molto semplice<\/strong> e la consigliamo a quanti come noi hanno spirito di adattamento e amano luoghi semplici, riservati ma suggestivi. I bungalow sono arredati in maniera spartana, non hanno l\u2019 acqua calda, niente finestre ma solo imposte, ventilatore a pale a soffitto, ma la <strong>posizione ed il panorama sono davvero invidiabili<\/strong>, una sensazione di pace e armonia unica davvero, per vivere al meglio quete piccole isolette. Il <strong>personale<\/strong> inoltre \u00e8 <strong>molto cordiale<\/strong>, sempre <strong>sorridente, ed il cibo abbondante<\/strong>, vario e gustoso.<\/h4>\n<h4>L\u2019 esperienza che comunque rimarr\u00e0 sempre nel cuore \u00e8 lo <strong>snorkeling<\/strong> in questo <strong>acquario naturale<\/strong> sorprendente, l\u2019 incontro con i pesci pappagallo, napoleone, palla, trombetta, gli <strong>squaletti<\/strong> e un\u2019 infinit\u00e0 di altri tipi dai colori pi\u00f9 sgargianti e le forme pi\u00f9 buffe, gi\u00e0 a poche bracciate di nuoto dalla riva.<\/h4>\n<h4><img loading=\"lazy\" class=\"alignnone size-medium wp-image-5063\" src=\"http:\/\/www.altreterreviaggi.it\/wp-content\/uploads\/maldive2009-060.jpg-300x225.jpg\" alt=\"\" width=\"300\" height=\"225\" srcset=\"http:\/\/www.altreterreviaggi.it\/wp-content\/uploads\/maldive2009-060.jpg-300x225.jpg 300w, http:\/\/www.altreterreviaggi.it\/wp-content\/uploads\/maldive2009-060.jpg-1024x768.jpg 1024w, http:\/\/www.altreterreviaggi.it\/wp-content\/uploads\/maldive2009-060.jpg-768x576.jpg 768w, http:\/\/www.altreterreviaggi.it\/wp-content\/uploads\/maldive2009-060.jpg-1536x1152.jpg 1536w, http:\/\/www.altreterreviaggi.it\/wp-content\/uploads\/maldive2009-060.jpg.jpg 2016w\" sizes=\"(max-width: 300px) 100vw, 300px\" \/><\/h4>\n<h4><strong>L\u2019 accecante sabbia bianca, finissima<\/strong>, formatasi dal frantumarsi secolare dei coralli, <strong>l\u2019 acqua trasparente, turchese<\/strong> che verso l\u2019 orizzonte diventa blu cobalto.<\/h4>\n<h4><strong>Il tramonto<\/strong>, un\u2019 immagine da ricordare, <strong>sfumature rosee, purpuree<\/strong>, dorate,\u00a0 la grande palla del sole che lentamente si tuffa nel mare all\u2019 orizzonte..<\/h4>\n<h4><img loading=\"lazy\" class=\"alignnone size-medium wp-image-5064\" src=\"http:\/\/www.altreterreviaggi.it\/wp-content\/uploads\/maldive2009-140.jpg-300x225.jpg\" alt=\"\" width=\"300\" height=\"225\" srcset=\"http:\/\/www.altreterreviaggi.it\/wp-content\/uploads\/maldive2009-140.jpg-300x225.jpg 300w, http:\/\/www.altreterreviaggi.it\/wp-content\/uploads\/maldive2009-140.jpg-1024x768.jpg 1024w, http:\/\/www.altreterreviaggi.it\/wp-content\/uploads\/maldive2009-140.jpg-768x576.jpg 768w, http:\/\/www.altreterreviaggi.it\/wp-content\/uploads\/maldive2009-140.jpg-1536x1152.jpg 1536w, http:\/\/www.altreterreviaggi.it\/wp-content\/uploads\/maldive2009-140.jpg.jpg 2016w\" sizes=\"(max-width: 300px) 100vw, 300px\" \/><\/h4>\n<h4>Il verde sgargiante delle palme e delle svariate piante protese verso il cielo azzurro intenso, il bianco delle piccolissime orchidee stellate, dal profumo inebriante, come il cocco rinfrescante.<\/h4>\n<h4>Ah, quante emozioni, che altro dire? un viaggio da provare!<\/h4>\n","protected":false},"excerpt":{"rendered":"<p>Viaggio alle Maldive 07\u00a0 gennaio, 2022 da angelo e sabrina, &nbsp; Ciao a tutti, non siamo spariti, solo che negli ultimi mesi siamo stati assorbiti in una meravigliosa esperienza: il nostro matrimonio! Siamo da poco rientrati dal nostro viaggio di nozze alle Maldive, e vogliamo condividerlo con voi, riprendendo da qui i nostri post su [&hellip;]<\/p>\n","protected":false},"author":1,"featured_media":4853,"parent":0,"menu_order":0,"comment_status":"open","ping_status":"closed","template":"template-travels.php","meta":[],"yoast_head":"<!-- This site is optimized with the Yoast SEO plugin v18.2 - https:\/\/yoast.com\/wordpress\/plugins\/seo\/ -->\n<meta name=\"description\" content=\"Viaggio alle Maldive 07\u00a0 gennaio, 2022 da angelo e sabrina, &nbsp; Ciao a tutti, non siamo spariti, solo che negli ultimi mesi siamo stati assorbiti in\" \/>\n<meta name=\"robots\" content=\"index, follow, max-snippet:-1, max-image-preview:large, max-video-preview:-1\" \/>\n<link rel=\"canonical\" href=\"http:\/\/www.altreterreviaggi.it\/index.php\/maldive-blog\/\" \/>\n<meta property=\"og:locale\" content=\"it_IT\" \/>\n<meta property=\"og:type\" content=\"article\" \/>\n<meta property=\"og:title\" content=\"Blog-2-Maldive - Altre Terre Viaggi\" \/>\n<meta property=\"og:description\" content=\"Viaggio alle Maldive 07\u00a0 gennaio, 2022 da angelo e sabrina, &nbsp; Ciao a tutti, non siamo spariti, solo che negli ultimi mesi siamo stati assorbiti in\" \/>\n<meta property=\"og:url\" content=\"http:\/\/www.altreterreviaggi.it\/index.php\/maldive-blog\/\" \/>\n<meta property=\"og:site_name\" content=\"Altre Terre Viaggi\" \/>\n<meta property=\"article:modified_time\" content=\"2024-02-12T09:03:49+00:00\" \/>\n<meta property=\"og:image\" content=\"http:\/\/www.altreterreviaggi.it\/wp-content\/uploads\/seychelles-g8806e7670_640.jpg\" \/>\n\t<meta property=\"og:image:width\" content=\"640\" \/>\n\t<meta property=\"og:image:height\" content=\"238\" \/>\n\t<meta property=\"og:image:type\" content=\"image\/jpeg\" \/>\n<meta name=\"twitter:card\" content=\"summary_large_image\" \/>\n<meta name=\"twitter:label1\" content=\"Tempo di lettura stimato\" \/>\n\t<meta name=\"twitter:data1\" content=\"3 minuti\" \/>\n<script type=\"application\/ld+json\" class=\"yoast-schema-graph\">{\"@context\":\"https:\/\/schema.org\",\"@graph\":[{\"@type\":\"WebSite\",\"@id\":\"http:\/\/www.altreterreviaggi.it\/#website\",\"url\":\"http:\/\/www.altreterreviaggi.it\/\",\"name\":\"Altre Terre Viaggi\",\"description\":\"\",\"potentialAction\":[{\"@type\":\"SearchAction\",\"target\":{\"@type\":\"EntryPoint\",\"urlTemplate\":\"http:\/\/www.altreterreviaggi.it\/?s={search_term_string}\"},\"query-input\":\"required name=search_term_string\"}],\"inLanguage\":\"it-IT\"},{\"@type\":\"ImageObject\",\"@id\":\"http:\/\/www.altreterreviaggi.it\/index.php\/maldive-blog\/#primaryimage\",\"inLanguage\":\"it-IT\",\"url\":\"http:\/\/www.altreterreviaggi.it\/wp-content\/uploads\/seychelles-g8806e7670_640.jpg\",\"contentUrl\":\"http:\/\/www.altreterreviaggi.it\/wp-content\/uploads\/seychelles-g8806e7670_640.jpg\",\"width\":640,\"height\":238},{\"@type\":\"WebPage\",\"@id\":\"http:\/\/www.altreterreviaggi.it\/index.php\/maldive-blog\/#webpage\",\"url\":\"http:\/\/www.altreterreviaggi.it\/index.php\/maldive-blog\/\",\"name\":\"Blog-2-Maldive - Altre Terre Viaggi\",\"isPartOf\":{\"@id\":\"http:\/\/www.altreterreviaggi.it\/#website\"},\"primaryImageOfPage\":{\"@id\":\"http:\/\/www.altreterreviaggi.it\/index.php\/maldive-blog\/#primaryimage\"},\"datePublished\":\"2022-03-16T16:30:27+00:00\",\"dateModified\":\"2024-02-12T09:03:49+00:00\",\"description\":\"Viaggio alle Maldive 07\u00a0 gennaio, 2022 da angelo e sabrina, &nbsp; Ciao a tutti, non siamo spariti, solo che negli ultimi mesi siamo stati assorbiti in\",\"breadcrumb\":{\"@id\":\"http:\/\/www.altreterreviaggi.it\/index.php\/maldive-blog\/#breadcrumb\"},\"inLanguage\":\"it-IT\",\"potentialAction\":[{\"@type\":\"ReadAction\",\"target\":[\"http:\/\/www.altreterreviaggi.it\/index.php\/maldive-blog\/\"]}]},{\"@type\":\"BreadcrumbList\",\"@id\":\"http:\/\/www.altreterreviaggi.it\/index.php\/maldive-blog\/#breadcrumb\",\"itemListElement\":[{\"@type\":\"ListItem\",\"position\":1,\"name\":\"Blog-2-Maldive\"}]}]}<\/script>\n<!-- \/ Yoast SEO plugin. -->","yoast_head_json":{"description":"Viaggio alle Maldive 07\u00a0 gennaio, 2022 da angelo e sabrina, &nbsp; Ciao a tutti, non siamo spariti, solo che negli ultimi mesi siamo stati assorbiti in","robots":{"index":"index","follow":"follow","max-snippet":"max-snippet:-1","max-image-preview":"max-image-preview:large","max-video-preview":"max-video-preview:-1"},"canonical":"http:\/\/www.altreterreviaggi.it\/index.php\/maldive-blog\/","og_locale":"it_IT","og_type":"article","og_title":"Blog-2-Maldive - Altre Terre Viaggi","og_description":"Viaggio alle Maldive 07\u00a0 gennaio, 2022 da angelo e sabrina, &nbsp; Ciao a tutti, non siamo spariti, solo che negli ultimi mesi siamo stati assorbiti in","og_url":"http:\/\/www.altreterreviaggi.it\/index.php\/maldive-blog\/","og_site_name":"Altre Terre Viaggi","article_modified_time":"2024-02-12T09:03:49+00:00","og_image":[{"width":640,"height":238,"url":"http:\/\/www.altreterreviaggi.it\/wp-content\/uploads\/seychelles-g8806e7670_640.jpg","type":"image\/jpeg"}],"twitter_card":"summary_large_image","twitter_misc":{"Tempo di lettura stimato":"3 minuti"},"schema":{"@context":"https:\/\/schema.org","@graph":[{"@type":"WebSite","@id":"http:\/\/www.altreterreviaggi.it\/#website","url":"http:\/\/www.altreterreviaggi.it\/","name":"Altre Terre Viaggi","description":"","potentialAction":[{"@type":"SearchAction","target":{"@type":"EntryPoint","urlTemplate":"http:\/\/www.altreterreviaggi.it\/?s={search_term_string}"},"query-input":"required name=search_term_string"}],"inLanguage":"it-IT"},{"@type":"ImageObject","@id":"http:\/\/www.altreterreviaggi.it\/index.php\/maldive-blog\/#primaryimage","inLanguage":"it-IT","url":"http:\/\/www.altreterreviaggi.it\/wp-content\/uploads\/seychelles-g8806e7670_640.jpg","contentUrl":"http:\/\/www.altreterreviaggi.it\/wp-content\/uploads\/seychelles-g8806e7670_640.jpg","width":640,"height":238},{"@type":"WebPage","@id":"http:\/\/www.altreterreviaggi.it\/index.php\/maldive-blog\/#webpage","url":"http:\/\/www.altreterreviaggi.it\/index.php\/maldive-blog\/","name":"Blog-2-Maldive - Altre Terre Viaggi","isPartOf":{"@id":"http:\/\/www.altreterreviaggi.it\/#website"},"primaryImageOfPage":{"@id":"http:\/\/www.altreterreviaggi.it\/index.php\/maldive-blog\/#primaryimage"},"datePublished":"2022-03-16T16:30:27+00:00","dateModified":"2024-02-12T09:03:49+00:00","description":"Viaggio alle Maldive 07\u00a0 gennaio, 2022 da angelo e sabrina, &nbsp; Ciao a tutti, non siamo spariti, solo che negli ultimi mesi siamo stati assorbiti in","breadcrumb":{"@id":"http:\/\/www.altreterreviaggi.it\/index.php\/maldive-blog\/#breadcrumb"},"inLanguage":"it-IT","potentialAction":[{"@type":"ReadAction","target":["http:\/\/www.altreterreviaggi.it\/index.php\/maldive-blog\/"]}]},{"@type":"BreadcrumbList","@id":"http:\/\/www.altreterreviaggi.it\/index.php\/maldive-blog\/#breadcrumb","itemListElement":[{"@type":"ListItem","position":1,"name":"Blog-2-Maldive"}]}]}},"_links":{"self":[{"href":"http:\/\/www.altreterreviaggi.it\/index.php\/wp-json\/wp\/v2\/pages\/5050"}],"collection":[{"href":"http:\/\/www.altreterreviaggi.it\/index.php\/wp-json\/wp\/v2\/pages"}],"about":[{"href":"http:\/\/www.altreterreviaggi.it\/index.php\/wp-json\/wp\/v2\/types\/page"}],"author":[{"embeddable":true,"href":"http:\/\/www.altreterreviaggi.it\/index.php\/wp-json\/wp\/v2\/users\/1"}],"replies":[{"embeddable":true,"href":"http:\/\/www.altreterreviaggi.it\/index.php\/wp-json\/wp\/v2\/comments?post=5050"}],"version-history":[{"count":13,"href":"http:\/\/www.altreterreviaggi.it\/index.php\/wp-json\/wp\/v2\/pages\/5050\/revisions"}],"predecessor-version":[{"id":8915,"href":"http:\/\/www.altreterreviaggi.it\/index.php\/wp-json\/wp\/v2\/pages\/5050\/revisions\/8915"}],"wp:featuredmedia":[{"embeddable":true,"href":"http:\/\/www.altreterreviaggi.it\/index.php\/wp-json\/wp\/v2\/media\/4853"}],"wp:attachment":[{"href":"http:\/\/www.altreterreviaggi.it\/index.php\/wp-json\/wp\/v2\/media?parent=5050"}],"curies":[{"name":"wp","href":"https:\/\/api.w.org\/{rel}","templated":true}]}}