







{"id":25361,"date":"2024-08-14T21:34:54","date_gmt":"2024-08-14T19:34:54","guid":{"rendered":"http:\/\/www.altreterreviaggi.it\/?page_id=25361"},"modified":"2024-08-22T10:20:15","modified_gmt":"2024-08-22T08:20:15","slug":"blog2-vacanze-e-fisico-al-top","status":"publish","type":"page","link":"http:\/\/www.altreterreviaggi.it\/index.php\/blog2-vacanze-e-fisico-al-top\/","title":{"rendered":"Blog2-Vacanze e Fisico al Top"},"content":{"rendered":"<h2><strong>VACANZE E FISICO AL TOP: 4 IDEE FITNESS ORIGINALI<\/strong><br \/>\nTi suggeriamo alcune divertenti attivita&#8217; fitness per rendere il tuo fine estate ancora pi\u00f9 unico.<\/h2>\n<h2>Noi le abbiamo provate per te alla Torino Palestre Elite, puoi cercarne di simili in vacanza oppure, se sei a Torino e dintorni, puoi andare direttamente in questa super palestra e fare la tua prova.<\/h2>\n<h2><strong>1) H2O<\/strong><br \/>\nLezione di ginnastica in acqua a ritmo di musica. Questa attivita&#8217; prevede esercizi a corpo libero o con attrezzi, in acqua, favorendo lo sviluppo della muscolatura e il miglioramento cardiovascolare. Si utilizzano pesetti, cavigliere, tubi.<\/h2>\n<h2><strong>2)TIKTOK DANCE<\/strong><br \/>\nDivertimento e ballo coordinati insieme, studiati da coreografi, per raggiungere la forma fisica ideale, via al senso del ritmo e pronti a filmarvi e a condividere il risultato .<\/h2>\n<h2><strong>3) SMILE DANCE<\/strong><br \/>\nSmile Dance e&#8217; una lezione di fitness di gruppo che utilizza i ritmi e i movimenti latini, mixati con i movimenti classici dell\u2019aerobica. Divertimento assicurato e fisico al top.<\/h2>\n<h2><strong>4)FLY POLE<\/strong><br \/>\nCombinazione definitiva tra un palo di pole dance ed un attrezzo aereo. Attivit\u00e0 completa che permette di incrementare flessibilit\u00e0, coordinazione e resistenza, per i pi\u00f9 allenati.<\/h2>\n","protected":false},"excerpt":{"rendered":"<p>VACANZE E FISICO AL TOP: 4 IDEE FITNESS ORIGINALI Ti suggeriamo alcune divertenti attivita&#8217; fitness per rendere il tuo fine estate ancora pi\u00f9 unico. Noi le abbiamo provate per te alla Torino Palestre Elite, puoi cercarne di simili in vacanza oppure, se sei a Torino e dintorni, puoi andare direttamente in questa super palestra e [&hellip;]<\/p>\n","protected":false},"author":1,"featured_media":5818,"parent":0,"menu_order":0,"comment_status":"closed","ping_status":"closed","template":"template-travels.php","meta":[],"yoast_head":"<!-- This site is optimized with the Yoast SEO plugin v18.2 - https:\/\/yoast.com\/wordpress\/plugins\/seo\/ -->\n<meta name=\"description\" content=\"VACANZE E FISICO AL TOP: 4 IDEE FITNESS ORIGINALI Ti suggeriamo alcune divertenti attivita&#039; fitness per rendere il tuo fine estate ancora pi\u00f9 unico. Noi\" \/>\n<meta name=\"robots\" content=\"index, follow, max-snippet:-1, max-image-preview:large, max-video-preview:-1\" \/>\n<link rel=\"canonical\" href=\"http:\/\/www.altreterreviaggi.it\/index.php\/blog2-vacanze-e-fisico-al-top\/\" \/>\n<meta property=\"og:locale\" content=\"it_IT\" \/>\n<meta property=\"og:type\" content=\"article\" \/>\n<meta property=\"og:title\" content=\"Blog2-Vacanze e Fisico al Top - Altre Terre Viaggi\" \/>\n<meta property=\"og:description\" content=\"VACANZE E FISICO AL TOP: 4 IDEE FITNESS ORIGINALI Ti suggeriamo alcune divertenti attivita&#039; fitness per rendere il tuo fine estate ancora pi\u00f9 unico. Noi\" \/>\n<meta property=\"og:url\" content=\"http:\/\/www.altreterreviaggi.it\/index.php\/blog2-vacanze-e-fisico-al-top\/\" \/>\n<meta property=\"og:site_name\" content=\"Altre Terre Viaggi\" \/>\n<meta property=\"article:modified_time\" content=\"2024-08-22T08:20:15+00:00\" \/>\n<meta property=\"og:image\" content=\"http:\/\/www.altreterreviaggi.it\/wp-content\/uploads\/Abruzzo.jpg\" \/>\n\t<meta property=\"og:image:width\" content=\"1920\" \/>\n\t<meta property=\"og:image:height\" content=\"1276\" \/>\n\t<meta property=\"og:image:type\" content=\"image\/jpeg\" \/>\n<meta name=\"twitter:card\" content=\"summary_large_image\" \/>\n<meta name=\"twitter:label1\" content=\"Tempo di lettura stimato\" \/>\n\t<meta name=\"twitter:data1\" content=\"1 minuto\" \/>\n<script type=\"application\/ld+json\" class=\"yoast-schema-graph\">{\"@context\":\"https:\/\/schema.org\",\"@graph\":[{\"@type\":\"WebSite\",\"@id\":\"http:\/\/www.altreterreviaggi.it\/#website\",\"url\":\"http:\/\/www.altreterreviaggi.it\/\",\"name\":\"Altre Terre Viaggi\",\"description\":\"\",\"potentialAction\":[{\"@type\":\"SearchAction\",\"target\":{\"@type\":\"EntryPoint\",\"urlTemplate\":\"http:\/\/www.altreterreviaggi.it\/?s={search_term_string}\"},\"query-input\":\"required name=search_term_string\"}],\"inLanguage\":\"it-IT\"},{\"@type\":\"ImageObject\",\"@id\":\"http:\/\/www.altreterreviaggi.it\/index.php\/blog2-vacanze-e-fisico-al-top\/#primaryimage\",\"inLanguage\":\"it-IT\",\"url\":\"http:\/\/www.altreterreviaggi.it\/wp-content\/uploads\/Abruzzo.jpg\",\"contentUrl\":\"http:\/\/www.altreterreviaggi.it\/wp-content\/uploads\/Abruzzo.jpg\",\"width\":1920,\"height\":1276},{\"@type\":\"WebPage\",\"@id\":\"http:\/\/www.altreterreviaggi.it\/index.php\/blog2-vacanze-e-fisico-al-top\/#webpage\",\"url\":\"http:\/\/www.altreterreviaggi.it\/index.php\/blog2-vacanze-e-fisico-al-top\/\",\"name\":\"Blog2-Vacanze e Fisico al Top - Altre Terre Viaggi\",\"isPartOf\":{\"@id\":\"http:\/\/www.altreterreviaggi.it\/#website\"},\"primaryImageOfPage\":{\"@id\":\"http:\/\/www.altreterreviaggi.it\/index.php\/blog2-vacanze-e-fisico-al-top\/#primaryimage\"},\"datePublished\":\"2024-08-14T19:34:54+00:00\",\"dateModified\":\"2024-08-22T08:20:15+00:00\",\"description\":\"VACANZE E FISICO AL TOP: 4 IDEE FITNESS ORIGINALI Ti suggeriamo alcune divertenti attivita' fitness per rendere il tuo fine estate ancora pi\u00f9 unico. Noi\",\"breadcrumb\":{\"@id\":\"http:\/\/www.altreterreviaggi.it\/index.php\/blog2-vacanze-e-fisico-al-top\/#breadcrumb\"},\"inLanguage\":\"it-IT\",\"potentialAction\":[{\"@type\":\"ReadAction\",\"target\":[\"http:\/\/www.altreterreviaggi.it\/index.php\/blog2-vacanze-e-fisico-al-top\/\"]}]},{\"@type\":\"BreadcrumbList\",\"@id\":\"http:\/\/www.altreterreviaggi.it\/index.php\/blog2-vacanze-e-fisico-al-top\/#breadcrumb\",\"itemListElement\":[{\"@type\":\"ListItem\",\"position\":1,\"name\":\"Blog2-Vacanze e Fisico al Top\"}]}]}<\/script>\n<!-- \/ Yoast SEO plugin. -->","yoast_head_json":{"description":"VACANZE E FISICO AL TOP: 4 IDEE FITNESS ORIGINALI Ti suggeriamo alcune divertenti attivita' fitness per rendere il tuo fine estate ancora pi\u00f9 unico. Noi","robots":{"index":"index","follow":"follow","max-snippet":"max-snippet:-1","max-image-preview":"max-image-preview:large","max-video-preview":"max-video-preview:-1"},"canonical":"http:\/\/www.altreterreviaggi.it\/index.php\/blog2-vacanze-e-fisico-al-top\/","og_locale":"it_IT","og_type":"article","og_title":"Blog2-Vacanze e Fisico al Top - Altre Terre Viaggi","og_description":"VACANZE E FISICO AL TOP: 4 IDEE FITNESS ORIGINALI Ti suggeriamo alcune divertenti attivita' fitness per rendere il tuo fine estate ancora pi\u00f9 unico. Noi","og_url":"http:\/\/www.altreterreviaggi.it\/index.php\/blog2-vacanze-e-fisico-al-top\/","og_site_name":"Altre Terre Viaggi","article_modified_time":"2024-08-22T08:20:15+00:00","og_image":[{"width":1920,"height":1276,"url":"http:\/\/www.altreterreviaggi.it\/wp-content\/uploads\/Abruzzo.jpg","type":"image\/jpeg"}],"twitter_card":"summary_large_image","twitter_misc":{"Tempo di lettura stimato":"1 minuto"},"schema":{"@context":"https:\/\/schema.org","@graph":[{"@type":"WebSite","@id":"http:\/\/www.altreterreviaggi.it\/#website","url":"http:\/\/www.altreterreviaggi.it\/","name":"Altre Terre Viaggi","description":"","potentialAction":[{"@type":"SearchAction","target":{"@type":"EntryPoint","urlTemplate":"http:\/\/www.altreterreviaggi.it\/?s={search_term_string}"},"query-input":"required name=search_term_string"}],"inLanguage":"it-IT"},{"@type":"ImageObject","@id":"http:\/\/www.altreterreviaggi.it\/index.php\/blog2-vacanze-e-fisico-al-top\/#primaryimage","inLanguage":"it-IT","url":"http:\/\/www.altreterreviaggi.it\/wp-content\/uploads\/Abruzzo.jpg","contentUrl":"http:\/\/www.altreterreviaggi.it\/wp-content\/uploads\/Abruzzo.jpg","width":1920,"height":1276},{"@type":"WebPage","@id":"http:\/\/www.altreterreviaggi.it\/index.php\/blog2-vacanze-e-fisico-al-top\/#webpage","url":"http:\/\/www.altreterreviaggi.it\/index.php\/blog2-vacanze-e-fisico-al-top\/","name":"Blog2-Vacanze e Fisico al Top - Altre Terre Viaggi","isPartOf":{"@id":"http:\/\/www.altreterreviaggi.it\/#website"},"primaryImageOfPage":{"@id":"http:\/\/www.altreterreviaggi.it\/index.php\/blog2-vacanze-e-fisico-al-top\/#primaryimage"},"datePublished":"2024-08-14T19:34:54+00:00","dateModified":"2024-08-22T08:20:15+00:00","description":"VACANZE E FISICO AL TOP: 4 IDEE FITNESS ORIGINALI Ti suggeriamo alcune divertenti attivita' fitness per rendere il tuo fine estate ancora pi\u00f9 unico. Noi","breadcrumb":{"@id":"http:\/\/www.altreterreviaggi.it\/index.php\/blog2-vacanze-e-fisico-al-top\/#breadcrumb"},"inLanguage":"it-IT","potentialAction":[{"@type":"ReadAction","target":["http:\/\/www.altreterreviaggi.it\/index.php\/blog2-vacanze-e-fisico-al-top\/"]}]},{"@type":"BreadcrumbList","@id":"http:\/\/www.altreterreviaggi.it\/index.php\/blog2-vacanze-e-fisico-al-top\/#breadcrumb","itemListElement":[{"@type":"ListItem","position":1,"name":"Blog2-Vacanze e Fisico al Top"}]}]}},"_links":{"self":[{"href":"http:\/\/www.altreterreviaggi.it\/index.php\/wp-json\/wp\/v2\/pages\/25361"}],"collection":[{"href":"http:\/\/www.altreterreviaggi.it\/index.php\/wp-json\/wp\/v2\/pages"}],"about":[{"href":"http:\/\/www.altreterreviaggi.it\/index.php\/wp-json\/wp\/v2\/types\/page"}],"author":[{"embeddable":true,"href":"http:\/\/www.altreterreviaggi.it\/index.php\/wp-json\/wp\/v2\/users\/1"}],"replies":[{"embeddable":true,"href":"http:\/\/www.altreterreviaggi.it\/index.php\/wp-json\/wp\/v2\/comments?post=25361"}],"version-history":[{"count":7,"href":"http:\/\/www.altreterreviaggi.it\/index.php\/wp-json\/wp\/v2\/pages\/25361\/revisions"}],"predecessor-version":[{"id":25380,"href":"http:\/\/www.altreterreviaggi.it\/index.php\/wp-json\/wp\/v2\/pages\/25361\/revisions\/25380"}],"wp:featuredmedia":[{"embeddable":true,"href":"http:\/\/www.altreterreviaggi.it\/index.php\/wp-json\/wp\/v2\/media\/5818"}],"wp:attachment":[{"href":"http:\/\/www.altreterreviaggi.it\/index.php\/wp-json\/wp\/v2\/media?parent=25361"}],"curies":[{"name":"wp","href":"https:\/\/api.w.org\/{rel}","templated":true}]}}