







{"id":25237,"date":"2024-07-07T12:35:30","date_gmt":"2024-07-07T10:35:30","guid":{"rendered":"http:\/\/www.altreterreviaggi.it\/?page_id=25237"},"modified":"2024-07-07T12:42:33","modified_gmt":"2024-07-07T10:42:33","slug":"arcipelago-canarie","status":"publish","type":"page","link":"http:\/\/www.altreterreviaggi.it\/index.php\/arcipelago-canarie\/","title":{"rendered":"Arcipelago Canarie"},"content":{"rendered":"<h2><strong><em><span style=\"color: #800000;\">ARCIPELAGO DELLE CANARIE<\/span><\/em><\/strong><\/h2>\n<h2><strong><em><span style=\"color: #800000;\">Ciascuna Isola ha le proprie caratteristiche, ognuna diversa ed al contempo affascinante per le specifiche peculiarita&#8217;, chiedici la tua preferita e ti invieremo tutte le info, intanto ecco un estratto di panoramica:<\/span><\/em><\/strong><\/h2>\n<h2><strong><em><span style=\"color: #800000;\">Molti le conoscono come il sole dell&#8217;Europa e spiccano per le temperature miti e per la ricchezza naturalistica. Di fatto, cinque delle isole sono state dichiarate Riserva della biosfera e nell&#8217;arcipelago sono presenti ben quattro Parchi nazionali.<\/span><\/em><\/strong><\/h2>\n<h2><strong><em><span style=\"color: #800000;\">Una delle principali attrazioni sono le spiagge, uno scenario perfetto per rilassarsi prendendo il sole o praticare sport acquatici come il windsurf e il diving. Nell&#8217;entroterra, invece, troverete paesaggi sorprendenti che invitano a praticare attivit\u00e0 come sentierismo, cicloturismo, scalata o persino speleologia.<\/span><\/em><\/strong><\/h2>\n<h2><strong><em><span style=\"color: #800000;\">Tra i paesaggi pi\u00f9 sorprendenti, spiccano quelli vulcanici di Lanzarote, le spiagge di dune di Fuerteventura e Gran Canaria e i verdi boschi di La Palma e La Gomera.<\/span><\/em><\/strong><br \/>\n<strong><em><span style=\"color: #800000;\">Nelle Canarie, troverete anche proposte culturali come il complesso monumentale di San Crist\u00f3bal de La Laguna, a Tenerife, dichiarato Patrimonio dell&#8217;Umanit\u00e0 dell&#8217;UNESCO o le opere di C\u00e8sar Manrique, a Lanzarote. E se decidete di visitare queste isole nel mese di febbraio, potrete partecipare anche al divertentissimo Carnevale di Santa Cruz de Tenerife.<\/span><\/em><\/strong><\/h2>\n<p><strong><em><span style=\"color: #800000;\">@spain, portale ufficiale del turismo spagnolo<\/span><\/em><\/strong><\/p>\n<h2>Le\u00a0<strong>ISPIRAZIONI<\/strong>\u00a0che seguono sono alcuni suggerimenti per te,\u00a0<strong><a href=\"http:\/\/www.altreterreviaggi.it\/index.php\/contatti-2\/\"><span style=\"color: #008000;\">CONTATTACI<\/span><\/a>\u00a0<\/strong>per il tuo\u00a0<strong>VIAGGIO<\/strong>\u00a0su misura.<\/h2>\n","protected":false},"excerpt":{"rendered":"<p>ARCIPELAGO DELLE CANARIE Ciascuna Isola ha le proprie caratteristiche, ognuna diversa ed al contempo affascinante per le specifiche peculiarita&#8217;, chiedici la tua preferita e ti invieremo tutte le info, intanto ecco un estratto di panoramica: Molti le conoscono come il sole dell&#8217;Europa e spiccano per le temperature miti e per la ricchezza naturalistica. Di fatto, [&hellip;]<\/p>\n","protected":false},"author":1,"featured_media":25241,"parent":0,"menu_order":0,"comment_status":"open","ping_status":"closed","template":"template-travels.php","meta":[],"yoast_head":"<!-- This site is optimized with the Yoast SEO plugin v18.2 - https:\/\/yoast.com\/wordpress\/plugins\/seo\/ -->\n<meta name=\"description\" content=\"ARCIPELAGO DELLE CANARIE Ciascuna Isola ha le proprie caratteristiche, ognuna diversa ed al contempo affascinante per le specifiche peculiarita&#039;, chiedici\" \/>\n<meta name=\"robots\" content=\"index, follow, max-snippet:-1, max-image-preview:large, max-video-preview:-1\" \/>\n<link rel=\"canonical\" href=\"http:\/\/www.altreterreviaggi.it\/index.php\/arcipelago-canarie\/\" \/>\n<meta property=\"og:locale\" content=\"it_IT\" \/>\n<meta property=\"og:type\" content=\"article\" \/>\n<meta property=\"og:title\" content=\"Arcipelago Canarie - Altre Terre Viaggi\" \/>\n<meta property=\"og:description\" content=\"ARCIPELAGO DELLE CANARIE Ciascuna Isola ha le proprie caratteristiche, ognuna diversa ed al contempo affascinante per le specifiche peculiarita&#039;, chiedici\" \/>\n<meta property=\"og:url\" content=\"http:\/\/www.altreterreviaggi.it\/index.php\/arcipelago-canarie\/\" \/>\n<meta property=\"og:site_name\" content=\"Altre Terre Viaggi\" \/>\n<meta property=\"article:modified_time\" content=\"2024-07-07T10:42:33+00:00\" \/>\n<meta property=\"og:image\" content=\"http:\/\/www.altreterreviaggi.it\/wp-content\/uploads\/Arcipelago-Canarie.jpg\" \/>\n\t<meta property=\"og:image:width\" content=\"1280\" \/>\n\t<meta property=\"og:image:height\" content=\"860\" \/>\n\t<meta property=\"og:image:type\" content=\"image\/jpeg\" \/>\n<meta name=\"twitter:card\" content=\"summary_large_image\" \/>\n<meta name=\"twitter:label1\" content=\"Tempo di lettura stimato\" \/>\n\t<meta name=\"twitter:data1\" content=\"2 minuti\" \/>\n<script type=\"application\/ld+json\" class=\"yoast-schema-graph\">{\"@context\":\"https:\/\/schema.org\",\"@graph\":[{\"@type\":\"WebSite\",\"@id\":\"http:\/\/www.altreterreviaggi.it\/#website\",\"url\":\"http:\/\/www.altreterreviaggi.it\/\",\"name\":\"Altre Terre Viaggi\",\"description\":\"\",\"potentialAction\":[{\"@type\":\"SearchAction\",\"target\":{\"@type\":\"EntryPoint\",\"urlTemplate\":\"http:\/\/www.altreterreviaggi.it\/?s={search_term_string}\"},\"query-input\":\"required name=search_term_string\"}],\"inLanguage\":\"it-IT\"},{\"@type\":\"ImageObject\",\"@id\":\"http:\/\/www.altreterreviaggi.it\/index.php\/arcipelago-canarie\/#primaryimage\",\"inLanguage\":\"it-IT\",\"url\":\"http:\/\/www.altreterreviaggi.it\/wp-content\/uploads\/Arcipelago-Canarie.jpg\",\"contentUrl\":\"http:\/\/www.altreterreviaggi.it\/wp-content\/uploads\/Arcipelago-Canarie.jpg\",\"width\":1280,\"height\":860},{\"@type\":\"WebPage\",\"@id\":\"http:\/\/www.altreterreviaggi.it\/index.php\/arcipelago-canarie\/#webpage\",\"url\":\"http:\/\/www.altreterreviaggi.it\/index.php\/arcipelago-canarie\/\",\"name\":\"Arcipelago Canarie - Altre Terre Viaggi\",\"isPartOf\":{\"@id\":\"http:\/\/www.altreterreviaggi.it\/#website\"},\"primaryImageOfPage\":{\"@id\":\"http:\/\/www.altreterreviaggi.it\/index.php\/arcipelago-canarie\/#primaryimage\"},\"datePublished\":\"2024-07-07T10:35:30+00:00\",\"dateModified\":\"2024-07-07T10:42:33+00:00\",\"description\":\"ARCIPELAGO DELLE CANARIE Ciascuna Isola ha le proprie caratteristiche, ognuna diversa ed al contempo affascinante per le specifiche peculiarita', chiedici\",\"breadcrumb\":{\"@id\":\"http:\/\/www.altreterreviaggi.it\/index.php\/arcipelago-canarie\/#breadcrumb\"},\"inLanguage\":\"it-IT\",\"potentialAction\":[{\"@type\":\"ReadAction\",\"target\":[\"http:\/\/www.altreterreviaggi.it\/index.php\/arcipelago-canarie\/\"]}]},{\"@type\":\"BreadcrumbList\",\"@id\":\"http:\/\/www.altreterreviaggi.it\/index.php\/arcipelago-canarie\/#breadcrumb\",\"itemListElement\":[{\"@type\":\"ListItem\",\"position\":1,\"name\":\"Arcipelago Canarie\"}]}]}<\/script>\n<!-- \/ Yoast SEO plugin. -->","yoast_head_json":{"description":"ARCIPELAGO DELLE CANARIE Ciascuna Isola ha le proprie caratteristiche, ognuna diversa ed al contempo affascinante per le specifiche peculiarita', chiedici","robots":{"index":"index","follow":"follow","max-snippet":"max-snippet:-1","max-image-preview":"max-image-preview:large","max-video-preview":"max-video-preview:-1"},"canonical":"http:\/\/www.altreterreviaggi.it\/index.php\/arcipelago-canarie\/","og_locale":"it_IT","og_type":"article","og_title":"Arcipelago Canarie - Altre Terre Viaggi","og_description":"ARCIPELAGO DELLE CANARIE Ciascuna Isola ha le proprie caratteristiche, ognuna diversa ed al contempo affascinante per le specifiche peculiarita', chiedici","og_url":"http:\/\/www.altreterreviaggi.it\/index.php\/arcipelago-canarie\/","og_site_name":"Altre Terre Viaggi","article_modified_time":"2024-07-07T10:42:33+00:00","og_image":[{"width":1280,"height":860,"url":"http:\/\/www.altreterreviaggi.it\/wp-content\/uploads\/Arcipelago-Canarie.jpg","type":"image\/jpeg"}],"twitter_card":"summary_large_image","twitter_misc":{"Tempo di lettura stimato":"2 minuti"},"schema":{"@context":"https:\/\/schema.org","@graph":[{"@type":"WebSite","@id":"http:\/\/www.altreterreviaggi.it\/#website","url":"http:\/\/www.altreterreviaggi.it\/","name":"Altre Terre Viaggi","description":"","potentialAction":[{"@type":"SearchAction","target":{"@type":"EntryPoint","urlTemplate":"http:\/\/www.altreterreviaggi.it\/?s={search_term_string}"},"query-input":"required name=search_term_string"}],"inLanguage":"it-IT"},{"@type":"ImageObject","@id":"http:\/\/www.altreterreviaggi.it\/index.php\/arcipelago-canarie\/#primaryimage","inLanguage":"it-IT","url":"http:\/\/www.altreterreviaggi.it\/wp-content\/uploads\/Arcipelago-Canarie.jpg","contentUrl":"http:\/\/www.altreterreviaggi.it\/wp-content\/uploads\/Arcipelago-Canarie.jpg","width":1280,"height":860},{"@type":"WebPage","@id":"http:\/\/www.altreterreviaggi.it\/index.php\/arcipelago-canarie\/#webpage","url":"http:\/\/www.altreterreviaggi.it\/index.php\/arcipelago-canarie\/","name":"Arcipelago Canarie - Altre Terre Viaggi","isPartOf":{"@id":"http:\/\/www.altreterreviaggi.it\/#website"},"primaryImageOfPage":{"@id":"http:\/\/www.altreterreviaggi.it\/index.php\/arcipelago-canarie\/#primaryimage"},"datePublished":"2024-07-07T10:35:30+00:00","dateModified":"2024-07-07T10:42:33+00:00","description":"ARCIPELAGO DELLE CANARIE Ciascuna Isola ha le proprie caratteristiche, ognuna diversa ed al contempo affascinante per le specifiche peculiarita', chiedici","breadcrumb":{"@id":"http:\/\/www.altreterreviaggi.it\/index.php\/arcipelago-canarie\/#breadcrumb"},"inLanguage":"it-IT","potentialAction":[{"@type":"ReadAction","target":["http:\/\/www.altreterreviaggi.it\/index.php\/arcipelago-canarie\/"]}]},{"@type":"BreadcrumbList","@id":"http:\/\/www.altreterreviaggi.it\/index.php\/arcipelago-canarie\/#breadcrumb","itemListElement":[{"@type":"ListItem","position":1,"name":"Arcipelago Canarie"}]}]}},"_links":{"self":[{"href":"http:\/\/www.altreterreviaggi.it\/index.php\/wp-json\/wp\/v2\/pages\/25237"}],"collection":[{"href":"http:\/\/www.altreterreviaggi.it\/index.php\/wp-json\/wp\/v2\/pages"}],"about":[{"href":"http:\/\/www.altreterreviaggi.it\/index.php\/wp-json\/wp\/v2\/types\/page"}],"author":[{"embeddable":true,"href":"http:\/\/www.altreterreviaggi.it\/index.php\/wp-json\/wp\/v2\/users\/1"}],"replies":[{"embeddable":true,"href":"http:\/\/www.altreterreviaggi.it\/index.php\/wp-json\/wp\/v2\/comments?post=25237"}],"version-history":[{"count":8,"href":"http:\/\/www.altreterreviaggi.it\/index.php\/wp-json\/wp\/v2\/pages\/25237\/revisions"}],"predecessor-version":[{"id":25248,"href":"http:\/\/www.altreterreviaggi.it\/index.php\/wp-json\/wp\/v2\/pages\/25237\/revisions\/25248"}],"wp:featuredmedia":[{"embeddable":true,"href":"http:\/\/www.altreterreviaggi.it\/index.php\/wp-json\/wp\/v2\/media\/25241"}],"wp:attachment":[{"href":"http:\/\/www.altreterreviaggi.it\/index.php\/wp-json\/wp\/v2\/media?parent=25237"}],"curies":[{"name":"wp","href":"https:\/\/api.w.org\/{rel}","templated":true}]}}