







{"id":1230,"date":"2015-10-21T08:57:15","date_gmt":"2015-10-21T06:57:15","guid":{"rendered":"http:\/\/www.altreterreviaggi.it\/\/?page_id=1230"},"modified":"2024-06-06T08:51:08","modified_gmt":"2024-06-06T06:51:08","slug":"blog-crociera-in-barca-a-vela","status":"publish","type":"page","link":"http:\/\/www.altreterreviaggi.it\/index.php\/blog-crociera-in-barca-a-vela\/","title":{"rendered":"Blog-2-Crociera in Barca a Vela"},"content":{"rendered":"<h4>Ciao,<\/h4>\n<h4>finalmente di rientro, abbiamo dovuto abbreviare la nostra vacanza ma abbiamo comunque trascorso una bellissima settimana.<\/h4>\n<h4>Dopo questa esperienza, consigliamo a tutti una crociera in barca a vela, secondo noi \u00e8 il modo migliore per vivere il mare; l\u2019 assenza di rumore, le vele spiegate, il dolce ondeggiare, ti fanno davvero sentire in pace ed in armonia con la natura circostante. Relax misto all\u2019 azione, le attivit\u00e0 in barca infatti non mancano: timonare, cazzare le vele, gettare l\u2019 ancora, ormeggiare.. e ognuno ha il suo compito.<\/h4>\n<div class=\"third\"><p>\n<p style=\"text-align: center;\"><img loading=\"lazy\" class=\"alignnone size-full wp-image-24517\" src=\"http:\/\/www.altreterreviaggi.it\/wp-content\/uploads\/guadalupa-300x200-1.jpg\" alt=\"\" width=\"300\" height=\"169\" \/><\/p>\n<\/p><\/div>\n<div class=\"third\"><p>\n<p style=\"text-align: center;\"><img loading=\"lazy\" class=\"alignnone size-full wp-image-24518\" src=\"http:\/\/www.altreterreviaggi.it\/wp-content\/uploads\/aruba-300x199-1.jpg\" alt=\"\" width=\"300\" height=\"169\" \/><\/p>\n<\/p><\/div>\n<div class=\"third\"><p>\n<p style=\"text-align: center;\"><img loading=\"lazy\" class=\"alignnone size-full wp-image-24519\" src=\"http:\/\/www.altreterreviaggi.it\/wp-content\/uploads\/Barca-a-vela-Il-ritorno-201x300-1.jpg\" alt=\"\" width=\"300\" height=\"169\" \/><\/p>\n<\/p><\/div>\n<h4><\/h4>\n<h4>Certo ci si deve anche adattare, gli spazi sono ridotti e non sempre si hanno le comodit\u00e0 di porti attrezzati, ad esempio quando si sosta in rada, in calette e insenature, sosta che per\u00f2 a noi piace moltissimo, pi\u00f9 libera e avventurosa, ti fa sentire un esploratore in viaggio, e poi permette di consolidare amicizie e vivere momenti insoliti.<\/h4>\n<h4>Mare splendido, paesaggi unici! Alcune tappe del nostro viaggio: in Sardegna Castelsardo, Cala dei Corsari, Cala Liscia, Cala \u201cTahiti\u201d, Santa Teresa di Gallura, Poltu Quatu, La Maddalena, Caprera, Spargi, in Corsica Bonifacio ( quest\u2019 ultima davvero pittoresca e caratteristica).<\/h4>\n","protected":false},"excerpt":{"rendered":"<p>Ciao, finalmente di rientro, abbiamo dovuto abbreviare la nostra vacanza ma abbiamo comunque trascorso una bellissima settimana. Dopo questa esperienza, consigliamo a tutti una crociera in barca a vela, secondo noi \u00e8 il modo migliore per vivere il mare; l\u2019 assenza di rumore, le vele spiegate, il dolce ondeggiare, ti fanno davvero sentire in pace [&hellip;]<\/p>\n","protected":false},"author":1,"featured_media":5774,"parent":0,"menu_order":0,"comment_status":"open","ping_status":"closed","template":"template-travels.php","meta":[],"yoast_head":"<!-- This site is optimized with the Yoast SEO plugin v18.2 - https:\/\/yoast.com\/wordpress\/plugins\/seo\/ -->\n<meta name=\"description\" content=\"Ciao, finalmente di rientro, abbiamo dovuto abbreviare la nostra vacanza ma abbiamo comunque trascorso una bellissima settimana. Dopo questa esperienza,\" \/>\n<meta name=\"robots\" content=\"index, follow, max-snippet:-1, max-image-preview:large, max-video-preview:-1\" \/>\n<link rel=\"canonical\" href=\"http:\/\/www.altreterreviaggi.it\/index.php\/blog-crociera-in-barca-a-vela\/\" \/>\n<meta property=\"og:locale\" content=\"it_IT\" \/>\n<meta property=\"og:type\" content=\"article\" \/>\n<meta property=\"og:title\" content=\"Blog-2-Crociera in Barca a Vela - Altre Terre Viaggi\" \/>\n<meta property=\"og:description\" content=\"Ciao, finalmente di rientro, abbiamo dovuto abbreviare la nostra vacanza ma abbiamo comunque trascorso una bellissima settimana. Dopo questa esperienza,\" \/>\n<meta property=\"og:url\" content=\"http:\/\/www.altreterreviaggi.it\/index.php\/blog-crociera-in-barca-a-vela\/\" \/>\n<meta property=\"og:site_name\" content=\"Altre Terre Viaggi\" \/>\n<meta property=\"article:modified_time\" content=\"2024-06-06T06:51:08+00:00\" \/>\n<meta property=\"og:image\" content=\"http:\/\/www.altreterreviaggi.it\/wp-content\/uploads\/Crociera-in-barca-a-vela.gif\" \/>\n\t<meta property=\"og:image:width\" content=\"1280\" \/>\n\t<meta property=\"og:image:height\" content=\"960\" \/>\n\t<meta property=\"og:image:type\" content=\"image\/gif\" \/>\n<meta name=\"twitter:card\" content=\"summary_large_image\" \/>\n<meta name=\"twitter:label1\" content=\"Tempo di lettura stimato\" \/>\n\t<meta name=\"twitter:data1\" content=\"2 minuti\" \/>\n<script type=\"application\/ld+json\" class=\"yoast-schema-graph\">{\"@context\":\"https:\/\/schema.org\",\"@graph\":[{\"@type\":\"WebSite\",\"@id\":\"http:\/\/www.altreterreviaggi.it\/#website\",\"url\":\"http:\/\/www.altreterreviaggi.it\/\",\"name\":\"Altre Terre Viaggi\",\"description\":\"\",\"potentialAction\":[{\"@type\":\"SearchAction\",\"target\":{\"@type\":\"EntryPoint\",\"urlTemplate\":\"http:\/\/www.altreterreviaggi.it\/?s={search_term_string}\"},\"query-input\":\"required name=search_term_string\"}],\"inLanguage\":\"it-IT\"},{\"@type\":\"ImageObject\",\"@id\":\"http:\/\/www.altreterreviaggi.it\/index.php\/blog-crociera-in-barca-a-vela\/#primaryimage\",\"inLanguage\":\"it-IT\",\"url\":\"http:\/\/www.altreterreviaggi.it\/wp-content\/uploads\/Crociera-in-barca-a-vela.gif\",\"contentUrl\":\"http:\/\/www.altreterreviaggi.it\/wp-content\/uploads\/Crociera-in-barca-a-vela.gif\",\"width\":1280,\"height\":960},{\"@type\":\"WebPage\",\"@id\":\"http:\/\/www.altreterreviaggi.it\/index.php\/blog-crociera-in-barca-a-vela\/#webpage\",\"url\":\"http:\/\/www.altreterreviaggi.it\/index.php\/blog-crociera-in-barca-a-vela\/\",\"name\":\"Blog-2-Crociera in Barca a Vela - Altre Terre Viaggi\",\"isPartOf\":{\"@id\":\"http:\/\/www.altreterreviaggi.it\/#website\"},\"primaryImageOfPage\":{\"@id\":\"http:\/\/www.altreterreviaggi.it\/index.php\/blog-crociera-in-barca-a-vela\/#primaryimage\"},\"datePublished\":\"2015-10-21T06:57:15+00:00\",\"dateModified\":\"2024-06-06T06:51:08+00:00\",\"description\":\"Ciao, finalmente di rientro, abbiamo dovuto abbreviare la nostra vacanza ma abbiamo comunque trascorso una bellissima settimana. Dopo questa esperienza,\",\"breadcrumb\":{\"@id\":\"http:\/\/www.altreterreviaggi.it\/index.php\/blog-crociera-in-barca-a-vela\/#breadcrumb\"},\"inLanguage\":\"it-IT\",\"potentialAction\":[{\"@type\":\"ReadAction\",\"target\":[\"http:\/\/www.altreterreviaggi.it\/index.php\/blog-crociera-in-barca-a-vela\/\"]}]},{\"@type\":\"BreadcrumbList\",\"@id\":\"http:\/\/www.altreterreviaggi.it\/index.php\/blog-crociera-in-barca-a-vela\/#breadcrumb\",\"itemListElement\":[{\"@type\":\"ListItem\",\"position\":1,\"name\":\"Blog-2-Crociera in Barca a Vela\"}]}]}<\/script>\n<!-- \/ Yoast SEO plugin. -->","yoast_head_json":{"description":"Ciao, finalmente di rientro, abbiamo dovuto abbreviare la nostra vacanza ma abbiamo comunque trascorso una bellissima settimana. Dopo questa esperienza,","robots":{"index":"index","follow":"follow","max-snippet":"max-snippet:-1","max-image-preview":"max-image-preview:large","max-video-preview":"max-video-preview:-1"},"canonical":"http:\/\/www.altreterreviaggi.it\/index.php\/blog-crociera-in-barca-a-vela\/","og_locale":"it_IT","og_type":"article","og_title":"Blog-2-Crociera in Barca a Vela - Altre Terre Viaggi","og_description":"Ciao, finalmente di rientro, abbiamo dovuto abbreviare la nostra vacanza ma abbiamo comunque trascorso una bellissima settimana. Dopo questa esperienza,","og_url":"http:\/\/www.altreterreviaggi.it\/index.php\/blog-crociera-in-barca-a-vela\/","og_site_name":"Altre Terre Viaggi","article_modified_time":"2024-06-06T06:51:08+00:00","og_image":[{"width":1280,"height":960,"url":"http:\/\/www.altreterreviaggi.it\/wp-content\/uploads\/Crociera-in-barca-a-vela.gif","type":"image\/gif"}],"twitter_card":"summary_large_image","twitter_misc":{"Tempo di lettura stimato":"2 minuti"},"schema":{"@context":"https:\/\/schema.org","@graph":[{"@type":"WebSite","@id":"http:\/\/www.altreterreviaggi.it\/#website","url":"http:\/\/www.altreterreviaggi.it\/","name":"Altre Terre Viaggi","description":"","potentialAction":[{"@type":"SearchAction","target":{"@type":"EntryPoint","urlTemplate":"http:\/\/www.altreterreviaggi.it\/?s={search_term_string}"},"query-input":"required name=search_term_string"}],"inLanguage":"it-IT"},{"@type":"ImageObject","@id":"http:\/\/www.altreterreviaggi.it\/index.php\/blog-crociera-in-barca-a-vela\/#primaryimage","inLanguage":"it-IT","url":"http:\/\/www.altreterreviaggi.it\/wp-content\/uploads\/Crociera-in-barca-a-vela.gif","contentUrl":"http:\/\/www.altreterreviaggi.it\/wp-content\/uploads\/Crociera-in-barca-a-vela.gif","width":1280,"height":960},{"@type":"WebPage","@id":"http:\/\/www.altreterreviaggi.it\/index.php\/blog-crociera-in-barca-a-vela\/#webpage","url":"http:\/\/www.altreterreviaggi.it\/index.php\/blog-crociera-in-barca-a-vela\/","name":"Blog-2-Crociera in Barca a Vela - Altre Terre Viaggi","isPartOf":{"@id":"http:\/\/www.altreterreviaggi.it\/#website"},"primaryImageOfPage":{"@id":"http:\/\/www.altreterreviaggi.it\/index.php\/blog-crociera-in-barca-a-vela\/#primaryimage"},"datePublished":"2015-10-21T06:57:15+00:00","dateModified":"2024-06-06T06:51:08+00:00","description":"Ciao, finalmente di rientro, abbiamo dovuto abbreviare la nostra vacanza ma abbiamo comunque trascorso una bellissima settimana. Dopo questa esperienza,","breadcrumb":{"@id":"http:\/\/www.altreterreviaggi.it\/index.php\/blog-crociera-in-barca-a-vela\/#breadcrumb"},"inLanguage":"it-IT","potentialAction":[{"@type":"ReadAction","target":["http:\/\/www.altreterreviaggi.it\/index.php\/blog-crociera-in-barca-a-vela\/"]}]},{"@type":"BreadcrumbList","@id":"http:\/\/www.altreterreviaggi.it\/index.php\/blog-crociera-in-barca-a-vela\/#breadcrumb","itemListElement":[{"@type":"ListItem","position":1,"name":"Blog-2-Crociera in Barca a Vela"}]}]}},"_links":{"self":[{"href":"http:\/\/www.altreterreviaggi.it\/index.php\/wp-json\/wp\/v2\/pages\/1230"}],"collection":[{"href":"http:\/\/www.altreterreviaggi.it\/index.php\/wp-json\/wp\/v2\/pages"}],"about":[{"href":"http:\/\/www.altreterreviaggi.it\/index.php\/wp-json\/wp\/v2\/types\/page"}],"author":[{"embeddable":true,"href":"http:\/\/www.altreterreviaggi.it\/index.php\/wp-json\/wp\/v2\/users\/1"}],"replies":[{"embeddable":true,"href":"http:\/\/www.altreterreviaggi.it\/index.php\/wp-json\/wp\/v2\/comments?post=1230"}],"version-history":[{"count":17,"href":"http:\/\/www.altreterreviaggi.it\/index.php\/wp-json\/wp\/v2\/pages\/1230\/revisions"}],"predecessor-version":[{"id":24520,"href":"http:\/\/www.altreterreviaggi.it\/index.php\/wp-json\/wp\/v2\/pages\/1230\/revisions\/24520"}],"wp:featuredmedia":[{"embeddable":true,"href":"http:\/\/www.altreterreviaggi.it\/index.php\/wp-json\/wp\/v2\/media\/5774"}],"wp:attachment":[{"href":"http:\/\/www.altreterreviaggi.it\/index.php\/wp-json\/wp\/v2\/media?parent=1230"}],"curies":[{"name":"wp","href":"https:\/\/api.w.org\/{rel}","templated":true}]}}