







{"id":1025,"date":"2015-10-11T12:23:07","date_gmt":"2015-10-11T10:23:07","guid":{"rendered":"http:\/\/www.altreterreviaggi.it\/\/?page_id=1025"},"modified":"2022-02-20T15:11:46","modified_gmt":"2022-02-20T14:11:46","slug":"privacy-e-cookie","status":"publish","type":"page","link":"http:\/\/www.altreterreviaggi.it\/index.php\/privacy-e-cookie\/","title":{"rendered":"Privacy e Cookie"},"content":{"rendered":"<h2>INFORMATIVA PRIVACY<\/h2>\n<p>La privacy di questo sito ottempera al regolamento Europeo generale sulla protezione dei dati personali 679\/2016 (definito &#8220;GDPR&#8221;), che recepisce Dlg del\u00a030 giugno 2003 n. 196 (Codice in materia di protezione dei dati personali) e successive modifiche, il presente sito rispetta e tutela la riservatezza dei visitatori e degli utenti.<\/p>\n<h3>Privacy policy<\/h3>\n<p>La presente privacy policy si applica esclusivamente alle attivit\u00e0 online del presente sito ed \u00e8 valida per i visitatori\/utenti del sito. Non si applica alle informazioni raccolte tramite canali diversi dal presente sito web. In ottemperanza degli obblighi derivanti dalla normativa nazionale e comunitaria in materia di tutela dei dati personali, il presente sito rispetta e tutela la riservatezza dei visitatori e degli utenti.<\/p>\n<h3>Consenso<\/h3>\n<p>Con l&#8217;uso o la consultazione del presente sito i visitatori e gli utenti approvano esplicitamente la presente privacy policy e acconsentono all&#8217;uso dei loro dati personali in relazione alle modalit\u00e0 e alle finalit\u00e0 qui sotto descritte.<\/p>\n<h2>DATI OGGETTO DI TRATTAMENTO<\/h2>\n<h3>Dati di navigazione<\/h3>\n<p>Per motivi di sicurezza, ed al fine di adempiere a specifici obblighi di legge, vengono registrati i dati tecnici di connessione degli utenti all&#8217;interno di file di testo archiviati nella memoria del server (cosiddetti <em>file di Log<\/em>).<\/p>\n<p>All&#8217;interno dei file di log vengono registrate una serie di dati tecnici quali:<\/p>\n<ul>\n<li>indirizzo IP del visitatore;<\/li>\n<li>data e ora di accesso;<\/li>\n<li>pagina visualizzata;<\/li>\n<li>eventuale pagina web di provenienza;<\/li>\n<li>browser ed il sistema operativo utilizzati.<\/li>\n<\/ul>\n<p>Tali dati consentono di risalire all&#8217;identit\u00e0 del titolare della connessione, ma ci\u00f2 solo a seguito di particolari verifiche tecniche che possono essere compiute solo dall&#8217;autorit\u00e0 giudiziara. In nessun caso i ns. addetti potranno risalire autonomamente all&#8217;identit\u00e0 dei visitatori tramite tali dati di navigazione ed in nessun caso verr\u00e0 effettuato il ricongiungimento con altre fonti di dati eventualmente in nostro possesso al fine di tracciare i percorsi di navigazioni di specifici utenti.<\/p>\n<h4>Mailing List o Newsletter<\/h4>\n<p>Con la registrazione alla mailing list o alla newsletter, l\u2019indirizzo email dell\u2019Utente viene automaticamente inserito in una lista di contatti a cui potranno essere trasmessi messaggi email contenenti informazioni, anche di natura commerciale e promozionale, relative a questo sito\/Applicazione.<\/p>\n<p>Questi servizi potrebbero inoltre consentire di raccogliere dati relativi alla data e all\u2019ora di visualizzazione dei messaggi da parte dell\u2019Utente, cos\u00ec come all\u2019interazione dell&#8217;Utente con essi.<\/p>\n<p>Sistema di commento gestito in modo diretto(direttamente dll&#8217;applicazione del sito).<\/p>\n<h4>Moduli di contatto e richiesta preventivo<\/h4>\n<p>Sul sito vi \u00e8 la possibilita di contattarci per richiedere informazioni o preventivi. I dati inseriti verrano sia da noi ricevuti via mail sia memorizzati nel applicativo del sito. Tutti i dati ricevuti verranno esclusivamente utilizzati per fornire le informazioni e\/o i servizi richiesti dall&#8217;utente.<\/p>\n<h4>Moduli di commento<\/h4>\n<p>I servizi di commento consentono agli Utenti di formulare e rendere pubblici propri commenti riguardanti il contenuto di questa Applicazione.<br \/>\nGli Utenti, a seconda delle impostazioni decise dal Titolare, possono lasciare il commento anche in forma anonima. Nel caso tra i Dati Personali rilasciati dall\u2019Utente ci sia l\u2019email, questa potrebbe essere utilizzata per inviare notifiche di commenti riguardanti lo stesso contenuto. Gli Utenti sono responsabili del contenuto dei propri commenti.<br \/>\nNel caso in cui sia installato un servizio di commenti fornito da soggetti terzi, \u00e8 possibile che, anche nel caso in cui gli Utenti non utilizzino il servizio di commento, lo stesso raccolga dati di traffico relativi alle pagine in cui il servizio di commento \u00e8 installato.<\/p>\n<h4>Sistema di commento gestito in modo diretto (Questa Applicazione)<\/h4>\n<p>Questa Applicazione dispone di un proprio sistema di commento dei contenuti.<\/p>\n<h3>Modalit\u00e0 di trattamento<\/h3>\n<p>I dati personali sono trattati con strumenti automatizzati per il tempo strettamente necessario a conseguire gli scopi per cui sono stati raccolti.<\/p>\n<h2>MISURE DI SICUREZZA<\/h2>\n<p>Il presente sito tratta i dati degli utenti allo scopo di iscrizione e invio newsletter in maniera lecita e corretta, adottando le opportune misure di sicurezza volte ad impedire accessi non autorizzati, divulgazione, modifica o distruzione non autorizzata dei dati. Il trattamento viene effettuato mediante strumenti informatici e\/o telematici, con modalit\u00e0 organizzative e con logiche strettamente correlate alle finalit\u00e0 indicate. Oltre al titolare, in alcuni casi, potrebbero avere accesso ai dati categorie di incaricati coinvolti nell&#8217;organizzazione del sito (personale amministrativo, commerciale, marketing, legali, amministratori di sistema) ovvero soggetti esterni (come fornitori di servizi tecnici terzi, corrieri postali, hosting provider, societ\u00e0 informatiche, agenzie di comunicazione).<\/p>\n<h2>DIRITTI DELL&#8217;UTENTE<\/h2>\n<p>Gli utenti (interessati al trattamento) hanno il diritto in qualunque momento di ottenere la conferma dell&#8217;esistenza o meno di dati loro afferenti, di conoscerne il contenuto e l&#8217;origine, di verificarne l&#8217;esattezza o chiederne l&#8217;integrazione, la cancellazione, l&#8217;aggiornamento, la rettifica, la trasformazione in forma anonima o il blocco dei dati trattati in violazione di legge, nonch\u00e9 di opporsi in ogni caso, per motivi legittimi, al loro trattamento, e comunque hanno tutti i diritti precisati nell&#8217;art. 7 del <a title=\"Codice in materia di protezione dei dati personali\" href=\"http:\/\/www.garanteprivacy.it\/web\/guest\/home\/docweb\/-\/docweb-display\/docweb\/1311248\" target=\"_blank\" rel=\"noopener\">Codice Privacy<\/a>.<br \/>\nLe richieste vanno rivolte al Titolare del trattamento.<\/p>\n<p><strong><br \/>\nTitolare, responsabile e incaricati del trattamento<\/strong><br \/>\nTitolare e responsabile del trattamento ai sensi delle leggi vigenti \u00e8 l&#8217;amministratore del sito , contattabile tramite la mail\u00a0 info@altreterraviaggi,it<\/p>\n<h2>INFORMATIVA ESTESA SULL\u2019USO DEI COOKIE<\/h2>\n<h3>Uso dei cookie<\/h3>\n<p>Il presente sito utilizza i Cookie\u00a0per rendere i propri servizi pi\u00f9 semplici ed<br \/>\nefficienti a tutti gli utenti che ne visionano le pagine.<br \/>\nGli utenti che visitano\u00a0il Sito, vedranno inserite \u00a0minime quantit\u00e0 di informazioni nei dispositivi<br \/>\nin uso, che siano computer e periferiche mobili, in piccoli file di testo denominati \u201ccookie\u201d salvati nelle<br \/>\ndirectory utilizzate dal browser web dell\u2019Utente.<br \/>\nVi sono diversi\u00a0tipi di cookie, alcuni servono a\u00a0rendere pi\u00f9 efficace l\u2019uso del Sito, altri abilitano\u00a0determinate\u00a0funzionalit\u00e0.<br \/>\nAnalizzandoli in maniera particolareggiata i nostri cookie permettono di:<\/p>\n<ul>\n<li>memorizzare le preferenze inserite<\/li>\n<li>evitare di reinserire le stesse informazioni pi\u00f9 volte durante la visita<\/li>\n<li>analizzare l\u2019utilizzo dei servizi e dei contenuti forniti per ottimizzarne l\u2019esperienza di navigazione e i servizi offerti<\/li>\n<\/ul>\n<h2>TIPOLOGIE DI COOKIE UTILIZZATI<\/h2>\n<p>A seguire i tipi di cookie utilizzati\u00a0in funzione delle finalit\u00e0 d\u2019uso<\/p>\n<h3>Cookie Tecnici<\/h3>\n<p>Questa tipologia di cookie permette il corretto funzionamento di alcune sezioni del Sito.<\/p>\n<p>Questi cookie, inviati sempre dal nostro dominio, sono necessari a visualizzare correttamente il sito<br \/>\nverranno quindi sempre utilizzati e inviati, a meno che l\u2019utenza\u00a0non modifichi le impostazioni nel proprio browser (impedendo cos\u00ec la visualizzazione delle pagine del\u00a0sito).<\/p>\n<h3>Cookie analitici e Cookie di analisi di servizi di terze parti<\/h3>\n<p>Questa tipologia di cookie raccoglie dati in forma anonima sull\u2019attivit\u00e0 dell\u2019utenza e su come \u00e8 arrivata<br \/>\nsul Sito. I cookie analitici sono inviati dal Sito Stesso o da domini di terze parti.<\/p>\n<p>I\u00a0Cookie di analisi di servizi di terze parti\u00a0sono utilizzati al fine di raccogliere informazioni sull\u2019uso del Sito da parte degli utenti in\u00a0forma anonima quali: pagine visitate, tempo di permanenza, origini del traffico di provenienza,\u00a0provenienza geografica, etc e\u00a0sono inviati da domini di terze parti e da siti partner che\u00a0offrono le loro funzionalit\u00e0 tra le pagine del Sito.<\/p>\n<p>Nello specifico viene usato cookie di <strong>Google Analytics con IP anonimizzato<\/strong> e il servizio statistico di\u00a0Shinystat<\/p>\n<hr \/>\n<p>Questo sito\u00a0\u00a0secondo l\u2019attuale\u00a0normativa, non \u00e8 tenuto a chiedere consenso per i cookie \u00a0tecnici e di analytics anonima, in quanto necessari a fornire i servizi richiesti.<\/p>\n<hr \/>\n<p>Per tutte le altre tipologie di cookie il consenso pu\u00f2 essere espresso dall\u2019Utente con una o pi\u00f9 di una<br \/>\ndelle seguenti modalit\u00e0:<\/p>\n<ul>\n<li>Mediante specifiche configurazioni del browser utilizzato o dei relativi programmi informatici utilizzati per navigare le pagine che compongono il Sito.<\/li>\n<li>Mediante modifica delle impostazioni nell\u2019uso dei servizi di terze parti<\/li>\n<\/ul>\n<p>Entrambe queste soluzioni potrebbero impedire all\u2019utente di utilizzare o visualizzare parti del Sito.<\/p>\n<h3>Cookies di terze parti<\/h3>\n<h4>Siti Web e servizi di terze parti<\/h4>\n<p>Il presente sito funge anche da intermediario per cookies di terze parti, utilizzati per poter fornire ulteriori servizi e funzionalit\u00e0 ai visitatori e per migliorare l&#8217;uso del sito stesso, come i pulsanti per i social. La presente privacy policy non si applica ai servizi forniti da terze parti, e questo sito non ha alcun controllo sui loro cookies, interamente gestiti dalle terze parti. Il contratto di cessione dati avviene direttamente tra l&#8217;utente\/visitatore e le terze parti, per cui l&#8217;acquisizione del consenso per detti cookie \u00e8, ovviamente, a carico delle terze parti, mentre questo sito non partecipa in alcun modo a tale cessione. In conseguenza di ci\u00f2 le informazioni sull&#8217;uso dei detti cookies e sulle finalit\u00e0 degli stessi, nonch\u00e9 sulle modalit\u00e0 per l&#8217;eventuale disabilitazione, sono fornite direttamente dalle terze parti alle pagine qui sotto indicate.<\/p>\n<p>Il Sito potrebbe contenere collegamenti ad altri siti Web che dispongono di una propria informativa sulla<br \/>\nprivacy che pu\u00f2 essere diverse da quella adottata da Nbts.it\u00a0e che che quindi non\u00a0risponde di questi siti.<\/p>\n<p>I restanti servizi di terze parti utilizzati (ad esclusione di quelli di <strong>Analytics <\/strong>gi\u00e0 citati in precedenza) sono relativi ai vari pulsanti like dei social-network quali Facebook, Google+ e Twitter e del servizio AddThis che permette la condivisione dei contenuti in tutti i principali network, inoltre vengono utilizzate le mappe di\u00a0Google Maps e video YouTube integrati in modalit\u00e0 iframe (se non vi \u00e8 l&#8217;accettazione dei cookie i video di YouTube verranno caricati in modalit\u00e0 nocookie) (Google+ e YouTube fanno parte del gruppo google e fanno fede alla stessa informativa sulla privacy).<\/p>\n<h4>Informativa Privacy siti terzi<\/h4>\n<p>Cliccate sui seguenti link per avere\u00a0ulteriori informazioni relative ai cookie e la privacy dei servizi terzi utilizzati sul sito:<\/p>\n<p><a href=\"https:\/\/www.google.com\/analytics\/learn\/privacy.html?hl=it\">privacy di Google Analytics<\/a><\/p>\n<p><a href=\"http:\/\/www.shinystat.com\/it\/privacy.html\">privacy di Shinystat<\/a><\/p>\n<p><a href=\"http:\/\/www.addthis.com\/privacy\/privacy-policy\">privacy di AddThis<\/a><\/p>\n<p><a title=\"Normativa sui dati\" href=\"https:\/\/www.facebook.com\/about\/privacy\/\" target=\"_blank\" rel=\"noopener\">Facebook<\/a> (<a title=\"Cookie, pixel e tecnologie simili\" href=\"https:\/\/www.facebook.com\/help\/cookies\/\" target=\"_blank\" rel=\"noopener\">link informativa cookie<\/a>)<\/p>\n<p><a title=\"Informativa sulla Privacy di Twitter\" href=\"https:\/\/twitter.com\/privacy?lang=it\" target=\"_blank\" rel=\"noopener\">Twitter<\/a> (<a title=\"Uso dei cookie e di altre tecnologie simili da parte di Twitter\" href=\"https:\/\/support.twitter.com\/articles\/20170519-uso-dei-cookie-e-di-altre-tecnologie-simili-da-parte-di-twitter\" target=\"_blank\" rel=\"noopener\">link informativa cookie<\/a>)<\/p>\n<p><a title=\"Norme sulla privacy\" href=\"http:\/\/www.google.com\/intl\/it\/policies\/privacy\/\" target=\"_blank\" rel=\"noopener\">Google+ e YouTube<\/a> (<a title=\"In che modo Google utilizza i cookie\" href=\"http:\/\/www.google.it\/intl\/it\/policies\/technologies\/cookies\/\" target=\"_blank\" rel=\"noopener\">link informativa cookie<\/a>).<\/p>\n<p><a title=\"Policy Privacy\" href=\"https:\/\/help.disqus.com\/customer\/portal\/articles\/466259-privacy-policy\" target=\"_blank\" rel=\"noopener\">\u00a0<\/a><\/p>\n<hr \/>\n<p><strong>I\u00a0cookie possono essere disabilitati in ogni momento mediante la configurazione del browser<\/strong><\/p>\n<p>Seleziona qui sotto il browser che stai utilizzando, per informazioni su come modificare le impostazioni dei cookie.<\/p>\n<p>&nbsp;<\/p>\n<ul>\n<li><a href=\"https:\/\/support.google.com\/chrome\/bin\/answer.py?hl=it&amp;answer=95647&amp;topic=14666&amp;ctx=topic\">Chrome<\/a><\/li>\n<li><a href=\"http:\/\/support.mozilla.org\/it\/kb\/Attivare%20e%20disattivare%20i%20cookie\">Firefox<\/a><\/li>\n<li><a href=\"http:\/\/windows.microsoft.com\/it-it\/windows-vista\/block-or-allow-cookies\">Internet Explorer<\/a><\/li>\n<li><a href=\"http:\/\/www.opera.com\/browser\/tutorials\/security\/privacy\/\">Opera<\/a><\/li>\n<li><a href=\"http:\/\/www.apple.com\/it\/support\/\" target=\"_blank\" rel=\"noopener\">Safari<\/a><\/li>\n<\/ul>\n<p>&nbsp;<\/p>\n","protected":false},"excerpt":{"rendered":"<p>INFORMATIVA PRIVACY La privacy di questo sito ottempera al regolamento Europeo generale sulla protezione dei dati personali 679\/2016 (definito &#8220;GDPR&#8221;), che recepisce Dlg del\u00a030 giugno 2003 n. 196 (Codice in materia di protezione dei dati personali) e successive modifiche, il presente sito rispetta e tutela la riservatezza dei visitatori e degli utenti. Privacy policy La [&hellip;]<\/p>\n","protected":false},"author":1,"featured_media":0,"parent":0,"menu_order":0,"comment_status":"closed","ping_status":"closed","template":"template-about.php","meta":[],"yoast_head":"<!-- This site is optimized with the Yoast SEO plugin v18.2 - https:\/\/yoast.com\/wordpress\/plugins\/seo\/ -->\n<meta name=\"description\" content=\"INFORMATIVA PRIVACY La privacy di questo sito ottempera al regolamento Europeo generale sulla protezione dei dati personali 679\/2016 (definito &quot;GDPR&quot;),\" \/>\n<meta name=\"robots\" content=\"index, follow, max-snippet:-1, max-image-preview:large, max-video-preview:-1\" \/>\n<link rel=\"canonical\" href=\"http:\/\/www.altreterreviaggi.it\/index.php\/privacy-e-cookie\/\" \/>\n<meta property=\"og:locale\" content=\"it_IT\" \/>\n<meta property=\"og:type\" content=\"article\" \/>\n<meta property=\"og:title\" content=\"Privacy e Cookie - Altre Terre Viaggi\" \/>\n<meta property=\"og:description\" content=\"INFORMATIVA PRIVACY La privacy di questo sito ottempera al regolamento Europeo generale sulla protezione dei dati personali 679\/2016 (definito &quot;GDPR&quot;),\" \/>\n<meta property=\"og:url\" content=\"http:\/\/www.altreterreviaggi.it\/index.php\/privacy-e-cookie\/\" \/>\n<meta property=\"og:site_name\" content=\"Altre Terre Viaggi\" \/>\n<meta property=\"article:modified_time\" content=\"2022-02-20T14:11:46+00:00\" \/>\n<meta name=\"twitter:card\" content=\"summary_large_image\" \/>\n<meta name=\"twitter:label1\" content=\"Tempo di lettura stimato\" \/>\n\t<meta name=\"twitter:data1\" content=\"9 minuti\" \/>\n<script type=\"application\/ld+json\" class=\"yoast-schema-graph\">{\"@context\":\"https:\/\/schema.org\",\"@graph\":[{\"@type\":\"WebSite\",\"@id\":\"http:\/\/www.altreterreviaggi.it\/#website\",\"url\":\"http:\/\/www.altreterreviaggi.it\/\",\"name\":\"Altre Terre Viaggi\",\"description\":\"\",\"potentialAction\":[{\"@type\":\"SearchAction\",\"target\":{\"@type\":\"EntryPoint\",\"urlTemplate\":\"http:\/\/www.altreterreviaggi.it\/?s={search_term_string}\"},\"query-input\":\"required name=search_term_string\"}],\"inLanguage\":\"it-IT\"},{\"@type\":\"WebPage\",\"@id\":\"http:\/\/www.altreterreviaggi.it\/index.php\/privacy-e-cookie\/#webpage\",\"url\":\"http:\/\/www.altreterreviaggi.it\/index.php\/privacy-e-cookie\/\",\"name\":\"Privacy e Cookie - Altre Terre Viaggi\",\"isPartOf\":{\"@id\":\"http:\/\/www.altreterreviaggi.it\/#website\"},\"datePublished\":\"2015-10-11T10:23:07+00:00\",\"dateModified\":\"2022-02-20T14:11:46+00:00\",\"description\":\"INFORMATIVA PRIVACY La privacy di questo sito ottempera al regolamento Europeo generale sulla protezione dei dati personali 679\/2016 (definito \\\"GDPR\\\"),\",\"breadcrumb\":{\"@id\":\"http:\/\/www.altreterreviaggi.it\/index.php\/privacy-e-cookie\/#breadcrumb\"},\"inLanguage\":\"it-IT\",\"potentialAction\":[{\"@type\":\"ReadAction\",\"target\":[\"http:\/\/www.altreterreviaggi.it\/index.php\/privacy-e-cookie\/\"]}]},{\"@type\":\"BreadcrumbList\",\"@id\":\"http:\/\/www.altreterreviaggi.it\/index.php\/privacy-e-cookie\/#breadcrumb\",\"itemListElement\":[{\"@type\":\"ListItem\",\"position\":1,\"name\":\"Privacy e Cookie\"}]}]}<\/script>\n<!-- \/ Yoast SEO plugin. -->","yoast_head_json":{"description":"INFORMATIVA PRIVACY La privacy di questo sito ottempera al regolamento Europeo generale sulla protezione dei dati personali 679\/2016 (definito \"GDPR\"),","robots":{"index":"index","follow":"follow","max-snippet":"max-snippet:-1","max-image-preview":"max-image-preview:large","max-video-preview":"max-video-preview:-1"},"canonical":"http:\/\/www.altreterreviaggi.it\/index.php\/privacy-e-cookie\/","og_locale":"it_IT","og_type":"article","og_title":"Privacy e Cookie - Altre Terre Viaggi","og_description":"INFORMATIVA PRIVACY La privacy di questo sito ottempera al regolamento Europeo generale sulla protezione dei dati personali 679\/2016 (definito \"GDPR\"),","og_url":"http:\/\/www.altreterreviaggi.it\/index.php\/privacy-e-cookie\/","og_site_name":"Altre Terre Viaggi","article_modified_time":"2022-02-20T14:11:46+00:00","twitter_card":"summary_large_image","twitter_misc":{"Tempo di lettura stimato":"9 minuti"},"schema":{"@context":"https:\/\/schema.org","@graph":[{"@type":"WebSite","@id":"http:\/\/www.altreterreviaggi.it\/#website","url":"http:\/\/www.altreterreviaggi.it\/","name":"Altre Terre Viaggi","description":"","potentialAction":[{"@type":"SearchAction","target":{"@type":"EntryPoint","urlTemplate":"http:\/\/www.altreterreviaggi.it\/?s={search_term_string}"},"query-input":"required name=search_term_string"}],"inLanguage":"it-IT"},{"@type":"WebPage","@id":"http:\/\/www.altreterreviaggi.it\/index.php\/privacy-e-cookie\/#webpage","url":"http:\/\/www.altreterreviaggi.it\/index.php\/privacy-e-cookie\/","name":"Privacy e Cookie - Altre Terre Viaggi","isPartOf":{"@id":"http:\/\/www.altreterreviaggi.it\/#website"},"datePublished":"2015-10-11T10:23:07+00:00","dateModified":"2022-02-20T14:11:46+00:00","description":"INFORMATIVA PRIVACY La privacy di questo sito ottempera al regolamento Europeo generale sulla protezione dei dati personali 679\/2016 (definito \"GDPR\"),","breadcrumb":{"@id":"http:\/\/www.altreterreviaggi.it\/index.php\/privacy-e-cookie\/#breadcrumb"},"inLanguage":"it-IT","potentialAction":[{"@type":"ReadAction","target":["http:\/\/www.altreterreviaggi.it\/index.php\/privacy-e-cookie\/"]}]},{"@type":"BreadcrumbList","@id":"http:\/\/www.altreterreviaggi.it\/index.php\/privacy-e-cookie\/#breadcrumb","itemListElement":[{"@type":"ListItem","position":1,"name":"Privacy e Cookie"}]}]}},"_links":{"self":[{"href":"http:\/\/www.altreterreviaggi.it\/index.php\/wp-json\/wp\/v2\/pages\/1025"}],"collection":[{"href":"http:\/\/www.altreterreviaggi.it\/index.php\/wp-json\/wp\/v2\/pages"}],"about":[{"href":"http:\/\/www.altreterreviaggi.it\/index.php\/wp-json\/wp\/v2\/types\/page"}],"author":[{"embeddable":true,"href":"http:\/\/www.altreterreviaggi.it\/index.php\/wp-json\/wp\/v2\/users\/1"}],"replies":[{"embeddable":true,"href":"http:\/\/www.altreterreviaggi.it\/index.php\/wp-json\/wp\/v2\/comments?post=1025"}],"version-history":[{"count":6,"href":"http:\/\/www.altreterreviaggi.it\/index.php\/wp-json\/wp\/v2\/pages\/1025\/revisions"}],"predecessor-version":[{"id":4972,"href":"http:\/\/www.altreterreviaggi.it\/index.php\/wp-json\/wp\/v2\/pages\/1025\/revisions\/4972"}],"wp:attachment":[{"href":"http:\/\/www.altreterreviaggi.it\/index.php\/wp-json\/wp\/v2\/media?parent=1025"}],"curies":[{"name":"wp","href":"https:\/\/api.w.org\/{rel}","templated":true}]}}